{"id":982,"date":"2025-05-02T11:38:27","date_gmt":"2025-05-02T16:38:27","guid":{"rendered":"https:\/\/www.hosanbosco.gov.co\/?page_id=982"},"modified":"2026-01-31T13:41:29","modified_gmt":"2026-01-31T18:41:29","slug":"historia","status":"publish","type":"page","link":"https:\/\/www.hosanbosco.gov.co\/en\/historia\/","title":{"rendered":"Historia"},"content":{"rendered":"<div style=\"height:20px\" aria-hidden=\"true\" class=\"wp-block-spacer\"><\/div>\n\n\n\n<h3 class=\"wp-block-heading has-text-align-center\">RESE\u00d1A HISTORICA<\/h3>\n\n\n<div class=\"wp-block-image\">\n<figure class=\"aligncenter size-full\"><img loading=\"lazy\" decoding=\"async\" width=\"379\" height=\"253\" src=\"https:\/\/www.hosanbosco.gov.co\/wp-content\/uploads\/2026\/01\/puesto_salud.webp\" alt=\"\" class=\"wp-image-5264\" srcset=\"https:\/\/www.hosanbosco.gov.co\/wp-content\/uploads\/2026\/01\/puesto_salud.webp 379w, https:\/\/www.hosanbosco.gov.co\/wp-content\/uploads\/2026\/01\/puesto_salud-300x200.webp 300w, https:\/\/www.hosanbosco.gov.co\/wp-content\/uploads\/2026\/01\/puesto_salud-18x12.webp 18w\" sizes=\"auto, (max-width: 379px) 100vw, 379px\" \/><\/figure>\n<\/div>\n\n\n<p>El Hospital San Juan Bosco, fue creado hace aproximadamente 39 a\u00f1os, en el a\u00f1o 1986.<\/p>\n\n\n\n<p>Inicio su funcionamiento como Centro Materno Infantil el cual estaba conformado por hospitalizaci\u00f3n, sala de parto, sala de espera , 2 consultorios, un \u00e1rea de vacunaci\u00f3n, un \u00e1rea de estad\u00edstica, cocina , ba\u00f1o y patio y cuarto de descanso m\u00e9dico.<\/p>\n\n\n\n<p>En 1991 bajo la administraci\u00f3n de Mario bernardo Giraldo proponen la adquisici\u00f3n de un lote para lo que hoy es el Hospital de Bosconia.<\/p>\n\n\n\n<p>A trav\u00e9s del <a href=\"https:\/\/www.hosanbosco.gov.co\/files\/institucional\/ACUERDO_DE_CREACION_(004_1996).pdf\" type=\"link\" id=\"https:\/\/www.hosanbosco.gov.co\/files\/institucional\/ACUERDO_DE_CREACION_(004_1996).pdf\" target=\"_blank\" rel=\"noreferrer noopener\">Acuerdo N\u00b0004 del 30 de enero de 1996 del Concejo Municipal de Bosconia<\/a>, autoriza el paso de la categor\u00eda de Centro Materno Infantil a Hospital Local E. S. E. del orden municipal, con personer\u00eda jur\u00eddica, patrimonio propio y autonom\u00eda administrativa de primer nivel de atenci\u00f3n adscrita a la secretaria de salud.<\/p>\n\n\n\n<p>La obra terminada se puso al servicio de la comunidad a finales del 2003.<\/p>","protected":false},"excerpt":{"rendered":"<p>RESE\u00d1A HISTORICA El Hospital San Juan Bosco, fue creado hace aproximadamente 39 a\u00f1os, en el a\u00f1o 1986. Inicio su funcionamiento como Centro Materno Infantil el cual estaba conformado por hospitalizaci\u00f3n, sala de parto, sala de espera , 2 consultorios, un \u00e1rea de vacunaci\u00f3n, un \u00e1rea de estad\u00edstica, cocina , ba\u00f1o y patio y cuarto de&hellip;&nbsp;<a href=\"https:\/\/www.hosanbosco.gov.co\/en\/historia\/\" rel=\"bookmark\">Read More &raquo;<span class=\"screen-reader-text\">Historia<\/span><\/a><\/p>","protected":false},"author":1,"featured_media":0,"parent":0,"menu_order":0,"comment_status":"closed","ping_status":"closed","template":"","meta":{"neve_meta_sidebar":"","neve_meta_container":"","neve_meta_enable_content_width":"","neve_meta_content_width":0,"neve_meta_title_alignment":"center","neve_meta_author_avatar":"","neve_post_elements_order":"","neve_meta_disable_header":"","neve_meta_disable_footer":"","neve_meta_disable_title":"on","footnotes":""},"class_list":["post-982","page","type-page","status-publish","hentry"],"yoast_head":"<!-- This site is optimized with the Yoast SEO plugin v27.4 - https:\/\/yoast.com\/product\/yoast-seo-wordpress\/ -->\n<title>Historia - Hospital San Juan Bosco<\/title>\n<meta name=\"robots\" content=\"index, follow, max-snippet:-1, max-image-preview:large, max-video-preview:-1\" \/>\n<link rel=\"canonical\" href=\"https:\/\/www.hosanbosco.gov.co\/en\/historia\/\" \/>\n<meta property=\"og:locale\" content=\"en_US\" \/>\n<meta property=\"og:type\" content=\"article\" \/>\n<meta property=\"og:title\" content=\"Historia - Hospital San Juan Bosco\" \/>\n<meta property=\"og:description\" content=\"RESE\u00d1A HISTORICA El Hospital San Juan Bosco, fue creado hace aproximadamente 39 a\u00f1os, en el a\u00f1o 1986. Inicio su funcionamiento como Centro Materno Infantil el cual estaba conformado por hospitalizaci\u00f3n, sala de parto, sala de espera , 2 consultorios, un \u00e1rea de vacunaci\u00f3n, un \u00e1rea de estad\u00edstica, cocina , ba\u00f1o y patio y cuarto de&hellip;&nbsp;Read More &raquo;Historia\" \/>\n<meta property=\"og:url\" content=\"https:\/\/www.hosanbosco.gov.co\/en\/historia\/\" \/>\n<meta property=\"og:site_name\" content=\"Hospital San Juan Bosco\" \/>\n<meta property=\"article:publisher\" content=\"https:\/\/www.facebook.com\/hosanbosco\" \/>\n<meta property=\"article:modified_time\" content=\"2026-01-31T18:41:29+00:00\" \/>\n<meta property=\"og:image\" content=\"https:\/\/www.hosanbosco.gov.co\/wp-content\/uploads\/2026\/01\/puesto_salud.webp\" \/>\n\t<meta property=\"og:image:width\" content=\"379\" \/>\n\t<meta property=\"og:image:height\" content=\"253\" \/>\n\t<meta property=\"og:image:type\" content=\"image\/webp\" \/>\n<meta name=\"twitter:card\" content=\"summary_large_image\" \/>\n<meta name=\"twitter:label1\" content=\"Est. reading time\" \/>\n\t<meta name=\"twitter:data1\" content=\"1 minute\" \/>\n<script type=\"application\/ld+json\" class=\"yoast-schema-graph\">{\"@context\":\"https:\\\/\\\/schema.org\",\"@graph\":[{\"@type\":\"WebPage\",\"@id\":\"https:\\\/\\\/www.hosanbosco.gov.co\\\/historia\\\/\",\"url\":\"https:\\\/\\\/www.hosanbosco.gov.co\\\/historia\\\/\",\"name\":\"Historia - Hospital San Juan Bosco\",\"isPartOf\":{\"@id\":\"https:\\\/\\\/www.hosanbosco.gov.co\\\/#website\"},\"primaryImageOfPage\":{\"@id\":\"https:\\\/\\\/www.hosanbosco.gov.co\\\/historia\\\/#primaryimage\"},\"image\":{\"@id\":\"https:\\\/\\\/www.hosanbosco.gov.co\\\/historia\\\/#primaryimage\"},\"thumbnailUrl\":\"https:\\\/\\\/www.hosanbosco.gov.co\\\/wp-content\\\/uploads\\\/2026\\\/01\\\/puesto_salud.webp\",\"datePublished\":\"2025-05-02T16:38:27+00:00\",\"dateModified\":\"2026-01-31T18:41:29+00:00\",\"breadcrumb\":{\"@id\":\"https:\\\/\\\/www.hosanbosco.gov.co\\\/historia\\\/#breadcrumb\"},\"inLanguage\":\"en-US\",\"potentialAction\":[{\"@type\":\"ReadAction\",\"target\":[\"https:\\\/\\\/www.hosanbosco.gov.co\\\/historia\\\/\"]}]},{\"@type\":\"ImageObject\",\"inLanguage\":\"en-US\",\"@id\":\"https:\\\/\\\/www.hosanbosco.gov.co\\\/historia\\\/#primaryimage\",\"url\":\"https:\\\/\\\/www.hosanbosco.gov.co\\\/wp-content\\\/uploads\\\/2026\\\/01\\\/puesto_salud.webp\",\"contentUrl\":\"https:\\\/\\\/www.hosanbosco.gov.co\\\/wp-content\\\/uploads\\\/2026\\\/01\\\/puesto_salud.webp\"},{\"@type\":\"BreadcrumbList\",\"@id\":\"https:\\\/\\\/www.hosanbosco.gov.co\\\/historia\\\/#breadcrumb\",\"itemListElement\":[{\"@type\":\"ListItem\",\"position\":1,\"name\":\"Portada\",\"item\":\"https:\\\/\\\/www.hosanbosco.gov.co\\\/\"},{\"@type\":\"ListItem\",\"position\":2,\"name\":\"Historia\"}]},{\"@type\":\"WebSite\",\"@id\":\"https:\\\/\\\/www.hosanbosco.gov.co\\\/#website\",\"url\":\"https:\\\/\\\/www.hosanbosco.gov.co\\\/\",\"name\":\"Hospital San Juan Bosco E.S.E.\",\"description\":\"Empresa Social del Estado\",\"publisher\":{\"@id\":\"https:\\\/\\\/www.hosanbosco.gov.co\\\/#organization\"},\"alternateName\":\"hosanbosco\",\"potentialAction\":[{\"@type\":\"SearchAction\",\"target\":{\"@type\":\"EntryPoint\",\"urlTemplate\":\"https:\\\/\\\/www.hosanbosco.gov.co\\\/?s={search_term_string}\"},\"query-input\":{\"@type\":\"PropertyValueSpecification\",\"valueRequired\":true,\"valueName\":\"search_term_string\"}}],\"inLanguage\":\"en-US\"},{\"@type\":\"Organization\",\"@id\":\"https:\\\/\\\/www.hosanbosco.gov.co\\\/#organization\",\"name\":\"Hospital San Juan Bosco E.S.E.\",\"url\":\"https:\\\/\\\/www.hosanbosco.gov.co\\\/\",\"logo\":{\"@type\":\"ImageObject\",\"inLanguage\":\"en-US\",\"@id\":\"https:\\\/\\\/www.hosanbosco.gov.co\\\/#\\\/schema\\\/logo\\\/image\\\/\",\"url\":\"\",\"contentUrl\":\"\",\"caption\":\"Hospital San Juan Bosco E.S.E.\"},\"image\":{\"@id\":\"https:\\\/\\\/www.hosanbosco.gov.co\\\/#\\\/schema\\\/logo\\\/image\\\/\"},\"sameAs\":[\"https:\\\/\\\/www.facebook.com\\\/hosanbosco\"]}]}<\/script>\n<!-- \/ Yoast SEO plugin. -->","yoast_head_json":{"title":"Historia - Hospital San Juan Bosco","robots":{"index":"index","follow":"follow","max-snippet":"max-snippet:-1","max-image-preview":"max-image-preview:large","max-video-preview":"max-video-preview:-1"},"canonical":"https:\/\/www.hosanbosco.gov.co\/en\/historia\/","og_locale":"en_US","og_type":"article","og_title":"Historia - Hospital San Juan Bosco","og_description":"RESE\u00d1A HISTORICA El Hospital San Juan Bosco, fue creado hace aproximadamente 39 a\u00f1os, en el a\u00f1o 1986. Inicio su funcionamiento como Centro Materno Infantil el cual estaba conformado por hospitalizaci\u00f3n, sala de parto, sala de espera , 2 consultorios, un \u00e1rea de vacunaci\u00f3n, un \u00e1rea de estad\u00edstica, cocina , ba\u00f1o y patio y cuarto de&hellip;&nbsp;Read More &raquo;Historia","og_url":"https:\/\/www.hosanbosco.gov.co\/en\/historia\/","og_site_name":"Hospital San Juan Bosco","article_publisher":"https:\/\/www.facebook.com\/hosanbosco","article_modified_time":"2026-01-31T18:41:29+00:00","og_image":[{"width":379,"height":253,"url":"https:\/\/www.hosanbosco.gov.co\/wp-content\/uploads\/2026\/01\/puesto_salud.webp","type":"image\/webp"}],"twitter_card":"summary_large_image","twitter_misc":{"Est. reading time":"1 minute"},"schema":{"@context":"https:\/\/schema.org","@graph":[{"@type":"WebPage","@id":"https:\/\/www.hosanbosco.gov.co\/historia\/","url":"https:\/\/www.hosanbosco.gov.co\/historia\/","name":"Historia - Hospital San Juan Bosco","isPartOf":{"@id":"https:\/\/www.hosanbosco.gov.co\/#website"},"primaryImageOfPage":{"@id":"https:\/\/www.hosanbosco.gov.co\/historia\/#primaryimage"},"image":{"@id":"https:\/\/www.hosanbosco.gov.co\/historia\/#primaryimage"},"thumbnailUrl":"https:\/\/www.hosanbosco.gov.co\/wp-content\/uploads\/2026\/01\/puesto_salud.webp","datePublished":"2025-05-02T16:38:27+00:00","dateModified":"2026-01-31T18:41:29+00:00","breadcrumb":{"@id":"https:\/\/www.hosanbosco.gov.co\/historia\/#breadcrumb"},"inLanguage":"en-US","potentialAction":[{"@type":"ReadAction","target":["https:\/\/www.hosanbosco.gov.co\/historia\/"]}]},{"@type":"ImageObject","inLanguage":"en-US","@id":"https:\/\/www.hosanbosco.gov.co\/historia\/#primaryimage","url":"https:\/\/www.hosanbosco.gov.co\/wp-content\/uploads\/2026\/01\/puesto_salud.webp","contentUrl":"https:\/\/www.hosanbosco.gov.co\/wp-content\/uploads\/2026\/01\/puesto_salud.webp"},{"@type":"BreadcrumbList","@id":"https:\/\/www.hosanbosco.gov.co\/historia\/#breadcrumb","itemListElement":[{"@type":"ListItem","position":1,"name":"Portada","item":"https:\/\/www.hosanbosco.gov.co\/"},{"@type":"ListItem","position":2,"name":"Historia"}]},{"@type":"WebSite","@id":"https:\/\/www.hosanbosco.gov.co\/#website","url":"https:\/\/www.hosanbosco.gov.co\/","name":"Hospital San Juan Bosco E.S.E.","description":"Empresa Social del Estado","publisher":{"@id":"https:\/\/www.hosanbosco.gov.co\/#organization"},"alternateName":"hosanbosco","potentialAction":[{"@type":"SearchAction","target":{"@type":"EntryPoint","urlTemplate":"https:\/\/www.hosanbosco.gov.co\/?s={search_term_string}"},"query-input":{"@type":"PropertyValueSpecification","valueRequired":true,"valueName":"search_term_string"}}],"inLanguage":"en-US"},{"@type":"Organization","@id":"https:\/\/www.hosanbosco.gov.co\/#organization","name":"Hospital San Juan Bosco E.S.E.","url":"https:\/\/www.hosanbosco.gov.co\/","logo":{"@type":"ImageObject","inLanguage":"en-US","@id":"https:\/\/www.hosanbosco.gov.co\/#\/schema\/logo\/image\/","url":"","contentUrl":"","caption":"Hospital San Juan Bosco E.S.E."},"image":{"@id":"https:\/\/www.hosanbosco.gov.co\/#\/schema\/logo\/image\/"},"sameAs":["https:\/\/www.facebook.com\/hosanbosco"]}]}},"_links":{"self":[{"href":"https:\/\/www.hosanbosco.gov.co\/en\/wp-json\/wp\/v2\/pages\/982","targetHints":{"allow":["GET"]}}],"collection":[{"href":"https:\/\/www.hosanbosco.gov.co\/en\/wp-json\/wp\/v2\/pages"}],"about":[{"href":"https:\/\/www.hosanbosco.gov.co\/en\/wp-json\/wp\/v2\/types\/page"}],"author":[{"embeddable":true,"href":"https:\/\/www.hosanbosco.gov.co\/en\/wp-json\/wp\/v2\/users\/1"}],"replies":[{"embeddable":true,"href":"https:\/\/www.hosanbosco.gov.co\/en\/wp-json\/wp\/v2\/comments?post=982"}],"version-history":[{"count":10,"href":"https:\/\/www.hosanbosco.gov.co\/en\/wp-json\/wp\/v2\/pages\/982\/revisions"}],"predecessor-version":[{"id":5265,"href":"https:\/\/www.hosanbosco.gov.co\/en\/wp-json\/wp\/v2\/pages\/982\/revisions\/5265"}],"wp:attachment":[{"href":"https:\/\/www.hosanbosco.gov.co\/en\/wp-json\/wp\/v2\/media?parent=982"}],"curies":[{"name":"wp","href":"https:\/\/api.w.org\/{rel}","templated":true}]}}