{"id":741,"date":"2025-04-07T11:09:26","date_gmt":"2025-04-07T16:09:26","guid":{"rendered":"https:\/\/www.hosanbosco.gov.co\/?page_id=741"},"modified":"2025-04-17T22:11:43","modified_gmt":"2025-04-18T03:11:43","slug":"rendicion-de-cuentas-2020","status":"publish","type":"page","link":"https:\/\/www.hosanbosco.gov.co\/en\/rendicion-de-cuentas-2020\/","title":{"rendered":"Rendici\u00f3n de Cuentas 2020"},"content":{"rendered":"<h2 class=\"wp-block-heading has-text-align-center\">Rendici\u00f3n de Cuentas 2020<\/h2>\n\n\n<div class=\"wp-block-image\">\n<figure class=\"aligncenter size-large is-resized\"><img loading=\"lazy\" decoding=\"async\" width=\"1024\" height=\"853\" src=\"https:\/\/www.hosanbosco.gov.co\/wp-content\/uploads\/2025\/04\/rendicion_cuentas_2020-1024x853.webp\" alt=\"\" class=\"wp-image-868\" style=\"width:668px\" srcset=\"https:\/\/www.hosanbosco.gov.co\/wp-content\/uploads\/2025\/04\/rendicion_cuentas_2020-1024x853.webp 1024w, https:\/\/www.hosanbosco.gov.co\/wp-content\/uploads\/2025\/04\/rendicion_cuentas_2020-300x250.webp 300w, https:\/\/www.hosanbosco.gov.co\/wp-content\/uploads\/2025\/04\/rendicion_cuentas_2020-768x640.webp 768w, https:\/\/www.hosanbosco.gov.co\/wp-content\/uploads\/2025\/04\/rendicion_cuentas_2020-14x12.webp 14w, https:\/\/www.hosanbosco.gov.co\/wp-content\/uploads\/2025\/04\/rendicion_cuentas_2020.webp 1200w\" sizes=\"auto, (max-width: 1024px) 100vw, 1024px\" \/><\/figure>\n<\/div>\n\n\n<p>La <strong>E.S.E. Hospital San Juan Bosco<\/strong> de <strong>Bosconia Cesar<\/strong>, tiene el gusto de convocarlos a la audiencia p\u00fablica de rendici\u00f3n de cuentas, de acuerdo con lo establecido en el Manual \u00danico de Rendici\u00f3n de Cuentas &#8211; Versi\u00f3n 1, de febrero de 2019, los lineamientos de la Circular Externa 008 de la Super Salud de septiembre del 2018; en dicha audiencia, las directivas del hospital presentar\u00e1n a la ciudadan\u00eda el Informe de Gesti\u00f3n correspondiente al a\u00f1o 2020 y se dar\u00e1 a conocer los avances del Plan De Desarrollo 2020-2024. Esta actividad se llevar\u00e1 a cabo el pr\u00f3ximo 10 de mayo de 2021, a partir de las 1:00 pm en la sala de espera de Consulta Externa de la instituci\u00f3n. Para mayor ilustraci\u00f3n, puede consultar los estados financieros, ejecuci\u00f3n presupuestal y el informe de gesti\u00f3n del periodo 2020, indicadores de gesti\u00f3n del Sistema Obligatorio de Garant\u00eda de la Calidad, satisfacci\u00f3n de usuarios, en nuestra p\u00e1gina Web&nbsp;<a href=\"http:\/\/www.hosanbosco.gov.co\/en\/\">www.hosanbosco.gov.co<\/a><br><br>Es de resaltar que este es uno de los espacios id\u00f3neos de participaci\u00f3n ciudadana en donde podr\u00e1 conocer de manera directa los avances en la gesti\u00f3n del <strong>Hospital San Juan Bosco<\/strong> de <strong>Bosconia Cesar<\/strong>, aclarar sus dudas e inquietudes sobre la misma y exponer sus propuestas para el mejoramiento de la entidad, por lo cual, es de vital importancia su participaci\u00f3n en este evento.<\/p>\n\n\n<div class=\"wp-block-image\">\n<figure class=\"aligncenter size-large is-resized\"><img loading=\"lazy\" decoding=\"async\" width=\"1024\" height=\"173\" src=\"https:\/\/www.hosanbosco.gov.co\/wp-content\/uploads\/2025\/04\/enlace1_rend_2020-1024x173.webp\" alt=\"\" class=\"wp-image-869\" style=\"object-fit:contain;width:768px;height:130px\" srcset=\"https:\/\/www.hosanbosco.gov.co\/wp-content\/uploads\/2025\/04\/enlace1_rend_2020-1024x173.webp 1024w, https:\/\/www.hosanbosco.gov.co\/wp-content\/uploads\/2025\/04\/enlace1_rend_2020-300x51.webp 300w, https:\/\/www.hosanbosco.gov.co\/wp-content\/uploads\/2025\/04\/enlace1_rend_2020-768x130.webp 768w, https:\/\/www.hosanbosco.gov.co\/wp-content\/uploads\/2025\/04\/enlace1_rend_2020-1536x259.webp 1536w, https:\/\/www.hosanbosco.gov.co\/wp-content\/uploads\/2025\/04\/enlace1_rend_2020-2048x346.webp 2048w, https:\/\/www.hosanbosco.gov.co\/wp-content\/uploads\/2025\/04\/enlace1_rend_2020-18x3.webp 18w\" sizes=\"auto, (max-width: 1024px) 100vw, 1024px\" \/><\/figure>\n<\/div>\n\n<div class=\"wp-block-image\">\n<figure class=\"aligncenter size-large is-resized\"><img loading=\"lazy\" decoding=\"async\" width=\"1024\" height=\"173\" src=\"https:\/\/www.hosanbosco.gov.co\/wp-content\/uploads\/2025\/04\/enlace2_rend_2020-1024x173.webp\" alt=\"\" class=\"wp-image-870\" style=\"object-fit:contain;width:768px;height:130px\" srcset=\"https:\/\/www.hosanbosco.gov.co\/wp-content\/uploads\/2025\/04\/enlace2_rend_2020-1024x173.webp 1024w, https:\/\/www.hosanbosco.gov.co\/wp-content\/uploads\/2025\/04\/enlace2_rend_2020-300x51.webp 300w, https:\/\/www.hosanbosco.gov.co\/wp-content\/uploads\/2025\/04\/enlace2_rend_2020-768x130.webp 768w, https:\/\/www.hosanbosco.gov.co\/wp-content\/uploads\/2025\/04\/enlace2_rend_2020-1536x259.webp 1536w, https:\/\/www.hosanbosco.gov.co\/wp-content\/uploads\/2025\/04\/enlace2_rend_2020-2048x346.webp 2048w, https:\/\/www.hosanbosco.gov.co\/wp-content\/uploads\/2025\/04\/enlace2_rend_2020-18x3.webp 18w\" sizes=\"auto, (max-width: 1024px) 100vw, 1024px\" \/><\/figure>\n<\/div>\n\n\n<ul class=\"wp-block-list\">\n<li><a href=\"https:\/\/www.hosanbosco.gov.co\/files\/participa\/rendiciones\/2020\/REGLAMENTO_AUDIENCIA_VIRTUAL_2020.pdf\" target=\"_blank\" rel=\"noreferrer noopener\">Reglamento Audiencia P\u00fablica Virtual 2020<\/a><\/li>\n\n\n\n<li><a href=\"https:\/\/www.hosanbosco.gov.co\/files\/participa\/rendiciones\/2020\/INFORME_GESTION_RENDICION_DE_CUENTAS_2020.pdf\" target=\"_blank\" rel=\"noreferrer noopener\">Informe de Gesti\u00f3n \u2013 Rendici\u00f3n de Cuentas<\/a><\/li>\n\n\n\n<li><a href=\"https:\/\/www.hosanbosco.gov.co\/files\/participa\/rendiciones\/2020\/ESTADO_DE_SITUACION_FINANCIERA_COMPARATIVO_2020-2019.pdf\" target=\"_blank\" rel=\"noreferrer noopener\">Estado De Situaci\u00f3n Financiera Comparativo 2020-2019<\/a><\/li>\n\n\n\n<li><a href=\"https:\/\/www.hosanbosco.gov.co\/files\/participa\/rendiciones\/2020\/FORMATO_PRESENTACION_PROPUESTA_2020.pdf\" target=\"_blank\" rel=\"noreferrer noopener\">Formato de Presentaci\u00f3n de Propuesta<\/a><\/li>\n\n\n\n<li><a href=\"https:\/\/www.hosanbosco.gov.co\/files\/participa\/rendiciones\/2020\/EJECUCION_ACUMULADA_INGRESOS_2020.pdf\" target=\"_blank\" rel=\"noreferrer noopener\">Ejecuci\u00f3n Acumulada \u2013 Ingresos 2020<\/a><\/li>\n\n\n\n<li><a href=\"https:\/\/www.hosanbosco.gov.co\/files\/participa\/rendiciones\/2020\/EJECUCION_ACUMULADA_GASTOS_2020.pdf\" target=\"_blank\" rel=\"noreferrer noopener\">Ejecuci\u00f3n Acumulada \u2013 Gastos 2020<\/a><\/li>\n\n\n\n<li><a href=\"https:\/\/www.hosanbosco.gov.co\/files\/participa\/rendiciones\/2020\/INFORME_PQRSF_2020.pdf\" target=\"_blank\" rel=\"noreferrer noopener\">Informe PQRSF 2020<\/a><\/li>\n<\/ul>","protected":false},"excerpt":{"rendered":"<p>Rendici\u00f3n de Cuentas 2020 La E.S.E. Hospital San Juan Bosco de Bosconia Cesar, tiene el gusto de convocarlos a la audiencia p\u00fablica de rendici\u00f3n de cuentas, de acuerdo con lo establecido en el Manual \u00danico de Rendici\u00f3n de Cuentas &#8211; Versi\u00f3n 1, de febrero de 2019, los lineamientos de la Circular Externa 008 de la&hellip;&nbsp;<a href=\"https:\/\/www.hosanbosco.gov.co\/en\/rendicion-de-cuentas-2020\/\" rel=\"bookmark\">Read More &raquo;<span class=\"screen-reader-text\">Rendici\u00f3n de Cuentas 2020<\/span><\/a><\/p>","protected":false},"author":1,"featured_media":0,"parent":0,"menu_order":0,"comment_status":"closed","ping_status":"closed","template":"","meta":{"neve_meta_sidebar":"","neve_meta_container":"","neve_meta_enable_content_width":"","neve_meta_content_width":0,"neve_meta_title_alignment":"","neve_meta_author_avatar":"","neve_post_elements_order":"","neve_meta_disable_header":"","neve_meta_disable_footer":"","neve_meta_disable_title":"on","footnotes":""},"class_list":["post-741","page","type-page","status-publish","hentry"],"yoast_head":"<!-- This site is optimized with the Yoast SEO plugin v27.4 - https:\/\/yoast.com\/product\/yoast-seo-wordpress\/ -->\n<title>Rendici\u00f3n de Cuentas 2020 - Hospital San Juan Bosco<\/title>\n<meta name=\"robots\" content=\"index, follow, max-snippet:-1, max-image-preview:large, max-video-preview:-1\" \/>\n<link rel=\"canonical\" href=\"https:\/\/www.hosanbosco.gov.co\/en\/rendicion-de-cuentas-2020\/\" \/>\n<meta property=\"og:locale\" content=\"en_US\" \/>\n<meta property=\"og:type\" content=\"article\" \/>\n<meta property=\"og:title\" content=\"Rendici\u00f3n de Cuentas 2020 - Hospital San Juan Bosco\" \/>\n<meta property=\"og:description\" content=\"Rendici\u00f3n de Cuentas 2020 La E.S.E. Hospital San Juan Bosco de Bosconia Cesar, tiene el gusto de convocarlos a la audiencia p\u00fablica de rendici\u00f3n de cuentas, de acuerdo con lo establecido en el Manual \u00danico de Rendici\u00f3n de Cuentas &#8211; Versi\u00f3n 1, de febrero de 2019, los lineamientos de la Circular Externa 008 de la&hellip;&nbsp;Read More &raquo;Rendici\u00f3n de Cuentas 2020\" \/>\n<meta property=\"og:url\" content=\"https:\/\/www.hosanbosco.gov.co\/en\/rendicion-de-cuentas-2020\/\" \/>\n<meta property=\"og:site_name\" content=\"Hospital San Juan Bosco\" \/>\n<meta property=\"article:publisher\" content=\"https:\/\/www.facebook.com\/hosanbosco\" \/>\n<meta property=\"article:modified_time\" content=\"2025-04-18T03:11:43+00:00\" \/>\n<meta property=\"og:image\" content=\"https:\/\/www.hosanbosco.gov.co\/wp-content\/uploads\/2025\/04\/rendicion_cuentas_2020.webp\" \/>\n\t<meta property=\"og:image:width\" content=\"1200\" \/>\n\t<meta property=\"og:image:height\" content=\"1000\" \/>\n\t<meta property=\"og:image:type\" content=\"image\/webp\" \/>\n<meta name=\"twitter:card\" content=\"summary_large_image\" \/>\n<meta name=\"twitter:label1\" content=\"Est. reading time\" \/>\n\t<meta name=\"twitter:data1\" content=\"1 minute\" \/>\n<script type=\"application\/ld+json\" class=\"yoast-schema-graph\">{\"@context\":\"https:\\\/\\\/schema.org\",\"@graph\":[{\"@type\":\"WebPage\",\"@id\":\"https:\\\/\\\/www.hosanbosco.gov.co\\\/rendicion-de-cuentas-2020\\\/\",\"url\":\"https:\\\/\\\/www.hosanbosco.gov.co\\\/rendicion-de-cuentas-2020\\\/\",\"name\":\"Rendici\u00f3n de Cuentas 2020 - Hospital San Juan Bosco\",\"isPartOf\":{\"@id\":\"https:\\\/\\\/www.hosanbosco.gov.co\\\/#website\"},\"primaryImageOfPage\":{\"@id\":\"https:\\\/\\\/www.hosanbosco.gov.co\\\/rendicion-de-cuentas-2020\\\/#primaryimage\"},\"image\":{\"@id\":\"https:\\\/\\\/www.hosanbosco.gov.co\\\/rendicion-de-cuentas-2020\\\/#primaryimage\"},\"thumbnailUrl\":\"https:\\\/\\\/www.hosanbosco.gov.co\\\/wp-content\\\/uploads\\\/2025\\\/04\\\/rendicion_cuentas_2020-1024x853.webp\",\"datePublished\":\"2025-04-07T16:09:26+00:00\",\"dateModified\":\"2025-04-18T03:11:43+00:00\",\"breadcrumb\":{\"@id\":\"https:\\\/\\\/www.hosanbosco.gov.co\\\/rendicion-de-cuentas-2020\\\/#breadcrumb\"},\"inLanguage\":\"en-US\",\"potentialAction\":[{\"@type\":\"ReadAction\",\"target\":[\"https:\\\/\\\/www.hosanbosco.gov.co\\\/rendicion-de-cuentas-2020\\\/\"]}]},{\"@type\":\"ImageObject\",\"inLanguage\":\"en-US\",\"@id\":\"https:\\\/\\\/www.hosanbosco.gov.co\\\/rendicion-de-cuentas-2020\\\/#primaryimage\",\"url\":\"https:\\\/\\\/www.hosanbosco.gov.co\\\/wp-content\\\/uploads\\\/2025\\\/04\\\/rendicion_cuentas_2020-1024x853.webp\",\"contentUrl\":\"https:\\\/\\\/www.hosanbosco.gov.co\\\/wp-content\\\/uploads\\\/2025\\\/04\\\/rendicion_cuentas_2020-1024x853.webp\"},{\"@type\":\"BreadcrumbList\",\"@id\":\"https:\\\/\\\/www.hosanbosco.gov.co\\\/rendicion-de-cuentas-2020\\\/#breadcrumb\",\"itemListElement\":[{\"@type\":\"ListItem\",\"position\":1,\"name\":\"Portada\",\"item\":\"https:\\\/\\\/www.hosanbosco.gov.co\\\/\"},{\"@type\":\"ListItem\",\"position\":2,\"name\":\"Rendici\u00f3n de Cuentas 2020\"}]},{\"@type\":\"WebSite\",\"@id\":\"https:\\\/\\\/www.hosanbosco.gov.co\\\/#website\",\"url\":\"https:\\\/\\\/www.hosanbosco.gov.co\\\/\",\"name\":\"Hospital San Juan Bosco E.S.E.\",\"description\":\"Empresa Social del Estado\",\"publisher\":{\"@id\":\"https:\\\/\\\/www.hosanbosco.gov.co\\\/#organization\"},\"alternateName\":\"hosanbosco\",\"potentialAction\":[{\"@type\":\"SearchAction\",\"target\":{\"@type\":\"EntryPoint\",\"urlTemplate\":\"https:\\\/\\\/www.hosanbosco.gov.co\\\/?s={search_term_string}\"},\"query-input\":{\"@type\":\"PropertyValueSpecification\",\"valueRequired\":true,\"valueName\":\"search_term_string\"}}],\"inLanguage\":\"en-US\"},{\"@type\":\"Organization\",\"@id\":\"https:\\\/\\\/www.hosanbosco.gov.co\\\/#organization\",\"name\":\"Hospital San Juan Bosco E.S.E.\",\"url\":\"https:\\\/\\\/www.hosanbosco.gov.co\\\/\",\"logo\":{\"@type\":\"ImageObject\",\"inLanguage\":\"en-US\",\"@id\":\"https:\\\/\\\/www.hosanbosco.gov.co\\\/#\\\/schema\\\/logo\\\/image\\\/\",\"url\":\"\",\"contentUrl\":\"\",\"caption\":\"Hospital San Juan Bosco E.S.E.\"},\"image\":{\"@id\":\"https:\\\/\\\/www.hosanbosco.gov.co\\\/#\\\/schema\\\/logo\\\/image\\\/\"},\"sameAs\":[\"https:\\\/\\\/www.facebook.com\\\/hosanbosco\"]}]}<\/script>\n<!-- \/ Yoast SEO plugin. -->","yoast_head_json":{"title":"Rendici\u00f3n de Cuentas 2020 - Hospital San Juan Bosco","robots":{"index":"index","follow":"follow","max-snippet":"max-snippet:-1","max-image-preview":"max-image-preview:large","max-video-preview":"max-video-preview:-1"},"canonical":"https:\/\/www.hosanbosco.gov.co\/en\/rendicion-de-cuentas-2020\/","og_locale":"en_US","og_type":"article","og_title":"Rendici\u00f3n de Cuentas 2020 - Hospital San Juan Bosco","og_description":"Rendici\u00f3n de Cuentas 2020 La E.S.E. Hospital San Juan Bosco de Bosconia Cesar, tiene el gusto de convocarlos a la audiencia p\u00fablica de rendici\u00f3n de cuentas, de acuerdo con lo establecido en el Manual \u00danico de Rendici\u00f3n de Cuentas &#8211; Versi\u00f3n 1, de febrero de 2019, los lineamientos de la Circular Externa 008 de la&hellip;&nbsp;Read More &raquo;Rendici\u00f3n de Cuentas 2020","og_url":"https:\/\/www.hosanbosco.gov.co\/en\/rendicion-de-cuentas-2020\/","og_site_name":"Hospital San Juan Bosco","article_publisher":"https:\/\/www.facebook.com\/hosanbosco","article_modified_time":"2025-04-18T03:11:43+00:00","og_image":[{"width":1200,"height":1000,"url":"https:\/\/www.hosanbosco.gov.co\/wp-content\/uploads\/2025\/04\/rendicion_cuentas_2020.webp","type":"image\/webp"}],"twitter_card":"summary_large_image","twitter_misc":{"Est. reading time":"1 minute"},"schema":{"@context":"https:\/\/schema.org","@graph":[{"@type":"WebPage","@id":"https:\/\/www.hosanbosco.gov.co\/rendicion-de-cuentas-2020\/","url":"https:\/\/www.hosanbosco.gov.co\/rendicion-de-cuentas-2020\/","name":"Rendici\u00f3n de Cuentas 2020 - Hospital San Juan Bosco","isPartOf":{"@id":"https:\/\/www.hosanbosco.gov.co\/#website"},"primaryImageOfPage":{"@id":"https:\/\/www.hosanbosco.gov.co\/rendicion-de-cuentas-2020\/#primaryimage"},"image":{"@id":"https:\/\/www.hosanbosco.gov.co\/rendicion-de-cuentas-2020\/#primaryimage"},"thumbnailUrl":"https:\/\/www.hosanbosco.gov.co\/wp-content\/uploads\/2025\/04\/rendicion_cuentas_2020-1024x853.webp","datePublished":"2025-04-07T16:09:26+00:00","dateModified":"2025-04-18T03:11:43+00:00","breadcrumb":{"@id":"https:\/\/www.hosanbosco.gov.co\/rendicion-de-cuentas-2020\/#breadcrumb"},"inLanguage":"en-US","potentialAction":[{"@type":"ReadAction","target":["https:\/\/www.hosanbosco.gov.co\/rendicion-de-cuentas-2020\/"]}]},{"@type":"ImageObject","inLanguage":"en-US","@id":"https:\/\/www.hosanbosco.gov.co\/rendicion-de-cuentas-2020\/#primaryimage","url":"https:\/\/www.hosanbosco.gov.co\/wp-content\/uploads\/2025\/04\/rendicion_cuentas_2020-1024x853.webp","contentUrl":"https:\/\/www.hosanbosco.gov.co\/wp-content\/uploads\/2025\/04\/rendicion_cuentas_2020-1024x853.webp"},{"@type":"BreadcrumbList","@id":"https:\/\/www.hosanbosco.gov.co\/rendicion-de-cuentas-2020\/#breadcrumb","itemListElement":[{"@type":"ListItem","position":1,"name":"Portada","item":"https:\/\/www.hosanbosco.gov.co\/"},{"@type":"ListItem","position":2,"name":"Rendici\u00f3n de Cuentas 2020"}]},{"@type":"WebSite","@id":"https:\/\/www.hosanbosco.gov.co\/#website","url":"https:\/\/www.hosanbosco.gov.co\/","name":"Hospital San Juan Bosco E.S.E.","description":"Empresa Social del Estado","publisher":{"@id":"https:\/\/www.hosanbosco.gov.co\/#organization"},"alternateName":"hosanbosco","potentialAction":[{"@type":"SearchAction","target":{"@type":"EntryPoint","urlTemplate":"https:\/\/www.hosanbosco.gov.co\/?s={search_term_string}"},"query-input":{"@type":"PropertyValueSpecification","valueRequired":true,"valueName":"search_term_string"}}],"inLanguage":"en-US"},{"@type":"Organization","@id":"https:\/\/www.hosanbosco.gov.co\/#organization","name":"Hospital San Juan Bosco E.S.E.","url":"https:\/\/www.hosanbosco.gov.co\/","logo":{"@type":"ImageObject","inLanguage":"en-US","@id":"https:\/\/www.hosanbosco.gov.co\/#\/schema\/logo\/image\/","url":"","contentUrl":"","caption":"Hospital San Juan Bosco E.S.E."},"image":{"@id":"https:\/\/www.hosanbosco.gov.co\/#\/schema\/logo\/image\/"},"sameAs":["https:\/\/www.facebook.com\/hosanbosco"]}]}},"_links":{"self":[{"href":"https:\/\/www.hosanbosco.gov.co\/en\/wp-json\/wp\/v2\/pages\/741","targetHints":{"allow":["GET"]}}],"collection":[{"href":"https:\/\/www.hosanbosco.gov.co\/en\/wp-json\/wp\/v2\/pages"}],"about":[{"href":"https:\/\/www.hosanbosco.gov.co\/en\/wp-json\/wp\/v2\/types\/page"}],"author":[{"embeddable":true,"href":"https:\/\/www.hosanbosco.gov.co\/en\/wp-json\/wp\/v2\/users\/1"}],"replies":[{"embeddable":true,"href":"https:\/\/www.hosanbosco.gov.co\/en\/wp-json\/wp\/v2\/comments?post=741"}],"version-history":[{"count":7,"href":"https:\/\/www.hosanbosco.gov.co\/en\/wp-json\/wp\/v2\/pages\/741\/revisions"}],"predecessor-version":[{"id":871,"href":"https:\/\/www.hosanbosco.gov.co\/en\/wp-json\/wp\/v2\/pages\/741\/revisions\/871"}],"wp:attachment":[{"href":"https:\/\/www.hosanbosco.gov.co\/en\/wp-json\/wp\/v2\/media?parent=741"}],"curies":[{"name":"wp","href":"https:\/\/api.w.org\/{rel}","templated":true}]}}