{"id":572,"date":"2025-01-28T21:29:04","date_gmt":"2025-01-29T02:29:04","guid":{"rendered":"https:\/\/www.hosanbosco.gov.co\/?page_id=572"},"modified":"2026-02-04T18:55:46","modified_gmt":"2026-02-04T23:55:46","slug":"acuerdos-2025","status":"publish","type":"page","link":"https:\/\/www.hosanbosco.gov.co\/en\/acuerdos-2025\/","title":{"rendered":"Acuerdos 2025"},"content":{"rendered":"<style>\n        table {\n            width: 100%;\n            border-collapse: collapse;\n        }\n        th, td {\n            text-align: center;\n            padding: 10px;\n            border: 1px solid black;\n        }\n        .columna1 {\n            width: 20%;\n        }\n        .columna2 {\n            width: 50%;\n        }\n        .columna3 {\n            width: 15%;\n        }\n        .columna4 {\n            width: 15%;\n        }\n        th {\n            background-color: #0405b2;\n            color: white;\n            font-size: 14px;\n        }\n        td {\n            font-size: 14px;\n        }\n    <\/style>\n\n    <table>\n        <tr>\n            <th class=\"columna1\">NOMBRE DEL DOCUMENTO<\/th>\n            <th class=\"columna2\">DESCRIPCI\u00d3N<\/th>\n            <th class=\"columna3\">A\u00d1O DE EXPEDICI\u00d3N<\/th>\n            <th class=\"columna4\">DOCUMENTO<\/th>\n        <\/tr>\n        <tr>\n            <td>Acuerdo 016 del 15 de Diciembre de 2025<\/td>\n            <td>POR MEDIO DEL CUAL SE APRUEBA UNA TRASLADO EN EL PRESUPUESTO DE GASTOS DE LA E.S.E. HOSPITAL SAN JUAN BOSCO EN LA PRESENTE VIGENCIA FISCAL 2025<\/td>\n            <td>2025<\/td>\n            <td><a href=\"https:\/\/www.hosanbosco.gov.co\/files\/normatividad\/acuerdos\/2025\/ACUERDO_016_2025.pdf\" title=\"Acuerdo 016 de 2025\" target=\"_blank\">Ver Documento<\/a><\/td>\n        <\/tr>\n        <tr>\n            <td>Acuerdo 015 del 15 de Diciembre de 2025<\/td>\n            <td>POR \u00c9L CUAL SE ESTABLECE EL PLAN DE CARGOS Y ASIGNACIONES CIVILES DE LA E.S.E. HOSPITAL SAN JUAN BOSCO DE BOSCONIA, CESAR PARA LA VIGENCIA FISCAL 2026.<\/td>\n            <td>2025<\/td>\n            <td><a href=\"https:\/\/www.hosanbosco.gov.co\/files\/normatividad\/acuerdos\/2025\/ACUERDO_015_2025.pdf\" title=\"Acuerdo 015 de 2025\" target=\"_blank\">Ver Documento<\/a><\/td>\n        <\/tr>\n        <tr>\n            <td>Acuerdo 014 del 15 de Diciembre de 2025<\/td>\n            <td>POR EL CUAL SE FIJA EL PRESUPUESTO DE INGRESOS Y GASTOS DE LA EMPRESA SOCIAL DEL ESTADO HOSPITAL SAN JUAN BOSCO DE EL MUNICIPIO DE BOSCONIA, CESAR, PARA LA VIGENCIA FISCAL COMPRENDIDA DEL 1\u00ba DE ENERO AL 31 DE DICIEMBRE DEL A\u00d1O 2026 DE LA E.S.E. HOSPITAL SAN JUAN BOSCO DE BOSCONIA CESAR, DE ACUERDO AL ESTATUTO ORG\u00c1NICO DE PRESUPUESTO DECRETO 111 DE 1996, Y DECRETO 115 DE 1996, LEY 1966 DE 2019 Y RESOLUCI\u00d3N NO. &#8211; 2794 DE 2021 Y DEM\u00c1S NORMAS QUE LO REGULAN<\/td>\n            <td>2025<\/td>\n            <td><a href=\"https:\/\/www.hosanbosco.gov.co\/files\/normatividad\/acuerdos\/2025\/ACUERDO_014_2025.pdf\" title=\"Acuerdo 014 de 2025\" target=\"_blank\">Ver Documento<\/a><\/td>\n        <\/tr>\n        <tr>\n            <td>Acuerdo 013 del 16 de Octubre de 2025<\/td>\n            <td>POR MEDIO DEL CUAL SE APRUEBA UNA ADICI\u00d3N AL PRESUPUESTO DE INGRESOS Y GASTOS DE LA E.S.E. HOSPITAL SAN JUAN BOSCO EN LA PRESENTE VIGENCIA FISCAL 2025<\/td>\n            <td>2025<\/td>\n            <td><a href=\"https:\/\/www.hosanbosco.gov.co\/files\/normatividad\/acuerdos\/2025\/ACUERDO_013_2025.pdf\" title=\"Acuerdo 013 de 2025\" target=\"_blank\">Ver Documento<\/a><\/td>\n        <\/tr>\n          <tr>\n            <td>Acuerdo 012-A del 03 de Octubre de 2025<\/td>\n            <td>POR EL CUAL SE MODIFICA LA PLAN GLOBAL DE CARGOS DE LA EMPRESA SOCIAL DEL ESTADO ESE HOSPITAL SAN JUAN SOSCO DE BOSCONIA &#8211; CESAR<\/td>\n            <td>2025<\/td>\n            <td><a href=\"https:\/\/www.hosanbosco.gov.co\/files\/normatividad\/acuerdos\/2025\/ACUERDO_012A_2025.pdf\" title=\"Acuerdo 012-A de 2025\" target=\"_blank\">Ver Documento<\/a><\/td>\n        <\/tr>\n         <tr>\n            <td>Acuerdo 012 del 03 de Octubre de 2025<\/td>\n            <td>POR MEDIO DEL CUAL SE AUTORIZA A LA GERENCIA DE LA E.S.E. HOSPITAL SAN JUAN BOSCO PARA ADELANTAR PROCESOS DE CONVOCATORIA P\u00daBLICA EN CUMPLIMIENTO DEL MANUAL DE CONTRATACI\u00d3N<\/td>\n            <td>2025<\/td>\n            <td><a href=\"https:\/\/www.hosanbosco.gov.co\/files\/normatividad\/acuerdos\/2025\/ACUERDO_012_2025.pdf\" title=\"Acuerdo 012 de 2025\" target=\"_blank\">Ver Documento<\/a><\/td>\n        <\/tr>\n        <tr>\n            <td>Acuerdo 011 del 12 de Agosto de 2025<\/td>\n            <td>POR MEDIO DEL CUAL SE APRUEBA UNA ADICI\u00d3N AL PRESUPUESTO DE INGRESOS Y GASTOS DE LA E.S.E. HOSPITAL SAN JUAN BOSCO EN LA PRESENTE VIGENCIA FISCAL 2025<\/td>\n            <td>2025<\/td>\n            <td><a href=\"https:\/\/www.hosanbosco.gov.co\/files\/normatividad\/acuerdos\/2025\/ACUERDO_011_2025.pdf\" title=\"Acuerdo 011 de 2025\" target=\"_blank\">Ver Documento<\/a><\/td>\n        <\/tr>\n        <tr>\n            <td>Acuerdo 010 del 12 de Agosto de 2025<\/td>\n            <td>POR MEDIO DEL CUAL SE LEVANTA DE MANERA ESPEC\u00cdFICA LA RESTRICCI\u00d3N IMPUESTA A LA GERENTE PARA LA SUSCRIPCI\u00d3N DE CONTRATOS CUYO VALOR SUPERE LOS OCHENTA (80) SALARIOS MINIMOS MENSUALES LEGALES VIGENTES, CON EL FIN DE AUTORIZAR LA CELEBRACI\u00d3N DE DOS CONTRATOS PRIORITARIOS PARA EL CUMPLIMIENTO DE LA MISI\u00d3N INSTITUCIONAL<\/td>\n            <td>2025<\/td>\n            <td><a href=\"https:\/\/www.hosanbosco.gov.co\/files\/normatividad\/acuerdos\/2025\/ACUERDO_010_2025.pdf\" title=\"Acuerdo 010 de 2025\" target=\"_blank\">Ver Documento<\/a><\/td>\n        <\/tr>\n        <tr>\n            <td>Acuerdo 009 del 12 de Agosto de 2025<\/td>\n            <td>POR MEDIO DEL CUAL SE APRUEBA UNA ADICI\u00d3N AL PRESUPUESTO DE INGRESOS Y GASTOS DE LA E.S.E. HOSPITAL SAN JUAN BOSCO EN LA PRESENTE VIGENCIA FISCAL 2025<\/td>\n            <td>2025<\/td>\n            <td><a href=\"https:\/\/www.hosanbosco.gov.co\/files\/normatividad\/acuerdos\/2025\/ACUERDO_009_2025.pdf\" title=\"Acuerdo 009 de 2025\" target=\"_blank\">Ver Documento<\/a><\/td>\n        <\/tr>\n        <tr>\n            <td>Acuerdo 008 del 21 de Julio de 2025<\/td>\n            <td>POR MEDIO DEL CUAL SE APRUEBA UNA ADICI\u00d3N AL PRESUPUESTO DE INGRESOS Y GASTOS DE LA E.S.E. HOSPITAL SAN JUAN BOSCO EN LA PRESENTE VIGENCIA FISCAL 2025<\/td>\n            <td>2025<\/td>\n            <td><a href=\"https:\/\/www.hosanbosco.gov.co\/files\/normatividad\/acuerdos\/2025\/ACUERDO_008_2025.pdf\" title=\"Acuerdo 008 de 2025\" target=\"_blank\">Ver Documento<\/a><\/td>\n        <\/tr>\n        <tr>\n            <td>Acuerdo 007 del 21 de Julio de 2025<\/td>\n            <td>POR MEDIO DEL CUAL SE APRUEBA UNA ADICI\u00d3N AL PRESUPUESTO DE INGRESOS Y GASTOS DE LA E.S.E. HOSPITAL SAN JUAN BOSCO EN LA PRESENTE VIGENCIA FISCAL 2025<\/td>\n            <td>2025<\/td>\n            <td><a href=\"https:\/\/www.hosanbosco.gov.co\/files\/normatividad\/acuerdos\/2025\/ACUERDO_007_2025.pdf\" title=\"Acuerdo 007 de 2025\" target=\"_blank\">Ver Documento<\/a><\/td>\n        <\/tr>\n        <tr>\n            <td>Acuerdo 006 del 21 de Julio de 2025<\/td>\n            <td>POR MEDIO DEL CUAL SE APRUEBA UNA ADICI\u00d3N AL PRESUPUESTO DE INGRESOS Y GASTOS DE LA E.S.E. HOSPITAL SAN JUAN BOSCO EN LA PRESENTE VIGENCIA FISCAL 2025<\/td>\n            <td>2025<\/td>\n            <td><a href=\"https:\/\/www.hosanbosco.gov.co\/files\/normatividad\/acuerdos\/2025\/ACUERDO_006_2025.pdf\" title=\"Acuerdo 006 de 2025\" target=\"_blank\">Ver Documento<\/a><\/td>\n        <\/tr>\n        <tr>\n            <td>Acuerdo 005 del 13 de Junio de 2025<\/td>\n            <td>POR MEDIO DEL CUAL SE REALIZA UN TRASLADO DEL PRESUPUESTO DE GASTOS DE LA ACTUAL VIGENCIA FISCAL 2025 DE LA E.S.E. HOSPITAL SAN JUAN BOSCO DEL MUNICIPIO DE BOSCONIA CESAR<\/td>\n            <td>2025<\/td>\n            <td><a href=\"https:\/\/www.hosanbosco.gov.co\/files\/normatividad\/acuerdos\/2025\/ACUERDO_005_2025.pdf\" title=\"Acuerdo 005 de 2025\" target=\"_blank\">Ver Documento<\/a><\/td>\n        <\/tr>\n         <tr>\n            <td>Acuerdo 004 del 28 de Abril de 2025<\/td>\n            <td>POR MEDIO DEL CUAL SE APRUEBA UNA ADICI\u00d3N EN EL PRESUPUESTO DE INGRESOS Y GASTOS DE LA ESE HOSPITAL SAN JUAN BOSCO EN LA PRESENTE VIGENCIA FISCAL 2025 CORRESPONDIENTES A RECURSOS DE EQUIPOS BASICOS 2024<\/td>\n            <td>2025<\/td>\n            <td><a href=\"https:\/\/www.hosanbosco.gov.co\/files\/normatividad\/acuerdos\/2025\/ACUERDO_004_2025.pdf\" title=\"Acuerdo 004 de 2025\" target=\"_blank\">Ver Documento<\/a><\/td>\n        <\/tr>\n        <tr>\n            <td>Acuerdo 003 del 28 de Abril de 2025<\/td>\n            <td>POR MEDIO DEL CUAL SE REALIZA UN TRASLADO EN EL PRESUPUESTO DE INGRESOS Y GASTOS DE LA E.S.E. HOSPITAL SAN JUAN BOSCO EN LA PRESENTE VIGENCIA FISCAL 2025<\/td>\n            <td>2025<\/td>\n            <td><a href=\"https:\/\/www.hosanbosco.gov.co\/files\/normatividad\/acuerdos\/2025\/ACUERDO_003_2025.pdf\" title=\"Acuerdo 003 de 2025\" target=\"_blank\">Ver Documento<\/a><\/td>\n        <\/tr>\n        <tr>\n            <td>Acuerdo 002 del 04 de Marzo de 2025<\/td>\n            <td>POR MEDIO DEL CUAL SE APRUEBA UNA ADICI\u00d3N EN EL PRESUPUESTO DE INGRESOS Y GASTOS DE LA E.S.E. HOSPITAL SAN JUAN BOSCO EN LA PRESENTE VIGENCIA FISCAL 2025<\/td>\n            <td>2025<\/td>\n            <td><a href=\"https:\/\/www.hosanbosco.gov.co\/files\/normatividad\/acuerdos\/2025\/ACUERDO_002_2025.pdf\" title=\"Acuerdo 002 de 2025\" target=\"_blank\">Ver Documento<\/a><\/td>\n        <\/tr>\n        <tr>\n            <td>Acuerdo 001 del 24 de Enero de 2025<\/td>\n            <td>POR MEDIO DEL CUAL SE APRUEBA UNA ADICI\u00d3N EN EL PRESUPUESTO DE INGRESOS Y GASTOS DE LA ESE HOSPITAL SAN JUAN BOSCO EN LA PRESENTE VIGENCIA FISCAL 2025 CORRESPONDIENTES AL CIERRE FISCAL 2024<\/td>\n            <td>2025<\/td>\n             <td><a href=\"https:\/\/www.hosanbosco.gov.co\/files\/normatividad\/acuerdos\/2025\/ACUERDO_001_2025.pdf\" title=\"Acuerdo 001 de 2025\" target=\"_blank\">Ver Documento<\/a><\/td>\n        <\/tr>\n    <\/table>\n\n\n\n<p><\/p>","protected":false},"excerpt":{"rendered":"<p>NOMBRE DEL DOCUMENTO DESCRIPCI\u00d3N A\u00d1O DE EXPEDICI\u00d3N DOCUMENTO Acuerdo 016 del 15 de Diciembre de 2025 POR MEDIO DEL CUAL SE APRUEBA UNA TRASLADO EN EL PRESUPUESTO DE GASTOS DE LA E.S.E. HOSPITAL SAN JUAN BOSCO EN LA PRESENTE VIGENCIA FISCAL 2025 2025 Ver Documento Acuerdo 015 del 15 de Diciembre de 2025 POR \u00c9L&hellip;&nbsp;<a href=\"https:\/\/www.hosanbosco.gov.co\/en\/acuerdos-2025\/\" rel=\"bookmark\">Read More &raquo;<span class=\"screen-reader-text\">Acuerdos 2025<\/span><\/a><\/p>","protected":false},"author":1,"featured_media":0,"parent":0,"menu_order":0,"comment_status":"closed","ping_status":"closed","template":"","meta":{"neve_meta_sidebar":"","neve_meta_container":"","neve_meta_enable_content_width":"","neve_meta_content_width":0,"neve_meta_title_alignment":"center","neve_meta_author_avatar":"","neve_post_elements_order":"","neve_meta_disable_header":"","neve_meta_disable_footer":"","neve_meta_disable_title":"","footnotes":""},"class_list":["post-572","page","type-page","status-publish","hentry"],"yoast_head":"<!-- This site is optimized with the Yoast SEO plugin v27.4 - https:\/\/yoast.com\/product\/yoast-seo-wordpress\/ -->\n<title>Acuerdos 2025 - Hospital San Juan Bosco<\/title>\n<meta name=\"robots\" content=\"index, follow, max-snippet:-1, max-image-preview:large, max-video-preview:-1\" \/>\n<link rel=\"canonical\" href=\"https:\/\/www.hosanbosco.gov.co\/en\/acuerdos-2025\/\" \/>\n<meta property=\"og:locale\" content=\"en_US\" \/>\n<meta property=\"og:type\" content=\"article\" \/>\n<meta property=\"og:title\" content=\"Acuerdos 2025 - Hospital San Juan Bosco\" \/>\n<meta property=\"og:description\" content=\"NOMBRE DEL DOCUMENTO DESCRIPCI\u00d3N A\u00d1O DE EXPEDICI\u00d3N DOCUMENTO Acuerdo 016 del 15 de Diciembre de 2025 POR MEDIO DEL CUAL SE APRUEBA UNA TRASLADO EN EL PRESUPUESTO DE GASTOS DE LA E.S.E. HOSPITAL SAN JUAN BOSCO EN LA PRESENTE VIGENCIA FISCAL 2025 2025 Ver Documento Acuerdo 015 del 15 de Diciembre de 2025 POR \u00c9L&hellip;&nbsp;Read More &raquo;Acuerdos 2025\" \/>\n<meta property=\"og:url\" content=\"https:\/\/www.hosanbosco.gov.co\/en\/acuerdos-2025\/\" \/>\n<meta property=\"og:site_name\" content=\"Hospital San Juan Bosco\" \/>\n<meta property=\"article:publisher\" content=\"https:\/\/www.facebook.com\/hosanbosco\" \/>\n<meta property=\"article:modified_time\" content=\"2026-02-04T23:55:46+00:00\" \/>\n<meta name=\"twitter:card\" content=\"summary_large_image\" \/>\n<meta name=\"twitter:label1\" content=\"Est. reading time\" \/>\n\t<meta name=\"twitter:data1\" content=\"4 minutes\" \/>\n<script type=\"application\/ld+json\" class=\"yoast-schema-graph\">{\"@context\":\"https:\\\/\\\/schema.org\",\"@graph\":[{\"@type\":\"WebPage\",\"@id\":\"https:\\\/\\\/www.hosanbosco.gov.co\\\/acuerdos-2025\\\/\",\"url\":\"https:\\\/\\\/www.hosanbosco.gov.co\\\/acuerdos-2025\\\/\",\"name\":\"Acuerdos 2025 - Hospital San Juan Bosco\",\"isPartOf\":{\"@id\":\"https:\\\/\\\/www.hosanbosco.gov.co\\\/#website\"},\"datePublished\":\"2025-01-29T02:29:04+00:00\",\"dateModified\":\"2026-02-04T23:55:46+00:00\",\"breadcrumb\":{\"@id\":\"https:\\\/\\\/www.hosanbosco.gov.co\\\/acuerdos-2025\\\/#breadcrumb\"},\"inLanguage\":\"en-US\",\"potentialAction\":[{\"@type\":\"ReadAction\",\"target\":[\"https:\\\/\\\/www.hosanbosco.gov.co\\\/acuerdos-2025\\\/\"]}]},{\"@type\":\"BreadcrumbList\",\"@id\":\"https:\\\/\\\/www.hosanbosco.gov.co\\\/acuerdos-2025\\\/#breadcrumb\",\"itemListElement\":[{\"@type\":\"ListItem\",\"position\":1,\"name\":\"Portada\",\"item\":\"https:\\\/\\\/www.hosanbosco.gov.co\\\/\"},{\"@type\":\"ListItem\",\"position\":2,\"name\":\"Acuerdos 2025\"}]},{\"@type\":\"WebSite\",\"@id\":\"https:\\\/\\\/www.hosanbosco.gov.co\\\/#website\",\"url\":\"https:\\\/\\\/www.hosanbosco.gov.co\\\/\",\"name\":\"Hospital San Juan Bosco E.S.E.\",\"description\":\"Empresa Social del Estado\",\"publisher\":{\"@id\":\"https:\\\/\\\/www.hosanbosco.gov.co\\\/#organization\"},\"alternateName\":\"hosanbosco\",\"potentialAction\":[{\"@type\":\"SearchAction\",\"target\":{\"@type\":\"EntryPoint\",\"urlTemplate\":\"https:\\\/\\\/www.hosanbosco.gov.co\\\/?s={search_term_string}\"},\"query-input\":{\"@type\":\"PropertyValueSpecification\",\"valueRequired\":true,\"valueName\":\"search_term_string\"}}],\"inLanguage\":\"en-US\"},{\"@type\":\"Organization\",\"@id\":\"https:\\\/\\\/www.hosanbosco.gov.co\\\/#organization\",\"name\":\"Hospital San Juan Bosco E.S.E.\",\"url\":\"https:\\\/\\\/www.hosanbosco.gov.co\\\/\",\"logo\":{\"@type\":\"ImageObject\",\"inLanguage\":\"en-US\",\"@id\":\"https:\\\/\\\/www.hosanbosco.gov.co\\\/#\\\/schema\\\/logo\\\/image\\\/\",\"url\":\"\",\"contentUrl\":\"\",\"caption\":\"Hospital San Juan Bosco E.S.E.\"},\"image\":{\"@id\":\"https:\\\/\\\/www.hosanbosco.gov.co\\\/#\\\/schema\\\/logo\\\/image\\\/\"},\"sameAs\":[\"https:\\\/\\\/www.facebook.com\\\/hosanbosco\"]}]}<\/script>\n<!-- \/ Yoast SEO plugin. -->","yoast_head_json":{"title":"Acuerdos 2025 - Hospital San Juan Bosco","robots":{"index":"index","follow":"follow","max-snippet":"max-snippet:-1","max-image-preview":"max-image-preview:large","max-video-preview":"max-video-preview:-1"},"canonical":"https:\/\/www.hosanbosco.gov.co\/en\/acuerdos-2025\/","og_locale":"en_US","og_type":"article","og_title":"Acuerdos 2025 - Hospital San Juan Bosco","og_description":"NOMBRE DEL DOCUMENTO DESCRIPCI\u00d3N A\u00d1O DE EXPEDICI\u00d3N DOCUMENTO Acuerdo 016 del 15 de Diciembre de 2025 POR MEDIO DEL CUAL SE APRUEBA UNA TRASLADO EN EL PRESUPUESTO DE GASTOS DE LA E.S.E. HOSPITAL SAN JUAN BOSCO EN LA PRESENTE VIGENCIA FISCAL 2025 2025 Ver Documento Acuerdo 015 del 15 de Diciembre de 2025 POR \u00c9L&hellip;&nbsp;Read More &raquo;Acuerdos 2025","og_url":"https:\/\/www.hosanbosco.gov.co\/en\/acuerdos-2025\/","og_site_name":"Hospital San Juan Bosco","article_publisher":"https:\/\/www.facebook.com\/hosanbosco","article_modified_time":"2026-02-04T23:55:46+00:00","twitter_card":"summary_large_image","twitter_misc":{"Est. reading time":"4 minutes"},"schema":{"@context":"https:\/\/schema.org","@graph":[{"@type":"WebPage","@id":"https:\/\/www.hosanbosco.gov.co\/acuerdos-2025\/","url":"https:\/\/www.hosanbosco.gov.co\/acuerdos-2025\/","name":"Acuerdos 2025 - Hospital San Juan Bosco","isPartOf":{"@id":"https:\/\/www.hosanbosco.gov.co\/#website"},"datePublished":"2025-01-29T02:29:04+00:00","dateModified":"2026-02-04T23:55:46+00:00","breadcrumb":{"@id":"https:\/\/www.hosanbosco.gov.co\/acuerdos-2025\/#breadcrumb"},"inLanguage":"en-US","potentialAction":[{"@type":"ReadAction","target":["https:\/\/www.hosanbosco.gov.co\/acuerdos-2025\/"]}]},{"@type":"BreadcrumbList","@id":"https:\/\/www.hosanbosco.gov.co\/acuerdos-2025\/#breadcrumb","itemListElement":[{"@type":"ListItem","position":1,"name":"Portada","item":"https:\/\/www.hosanbosco.gov.co\/"},{"@type":"ListItem","position":2,"name":"Acuerdos 2025"}]},{"@type":"WebSite","@id":"https:\/\/www.hosanbosco.gov.co\/#website","url":"https:\/\/www.hosanbosco.gov.co\/","name":"Hospital San Juan Bosco E.S.E.","description":"Empresa Social del Estado","publisher":{"@id":"https:\/\/www.hosanbosco.gov.co\/#organization"},"alternateName":"hosanbosco","potentialAction":[{"@type":"SearchAction","target":{"@type":"EntryPoint","urlTemplate":"https:\/\/www.hosanbosco.gov.co\/?s={search_term_string}"},"query-input":{"@type":"PropertyValueSpecification","valueRequired":true,"valueName":"search_term_string"}}],"inLanguage":"en-US"},{"@type":"Organization","@id":"https:\/\/www.hosanbosco.gov.co\/#organization","name":"Hospital San Juan Bosco E.S.E.","url":"https:\/\/www.hosanbosco.gov.co\/","logo":{"@type":"ImageObject","inLanguage":"en-US","@id":"https:\/\/www.hosanbosco.gov.co\/#\/schema\/logo\/image\/","url":"","contentUrl":"","caption":"Hospital San Juan Bosco E.S.E."},"image":{"@id":"https:\/\/www.hosanbosco.gov.co\/#\/schema\/logo\/image\/"},"sameAs":["https:\/\/www.facebook.com\/hosanbosco"]}]}},"_links":{"self":[{"href":"https:\/\/www.hosanbosco.gov.co\/en\/wp-json\/wp\/v2\/pages\/572","targetHints":{"allow":["GET"]}}],"collection":[{"href":"https:\/\/www.hosanbosco.gov.co\/en\/wp-json\/wp\/v2\/pages"}],"about":[{"href":"https:\/\/www.hosanbosco.gov.co\/en\/wp-json\/wp\/v2\/types\/page"}],"author":[{"embeddable":true,"href":"https:\/\/www.hosanbosco.gov.co\/en\/wp-json\/wp\/v2\/users\/1"}],"replies":[{"embeddable":true,"href":"https:\/\/www.hosanbosco.gov.co\/en\/wp-json\/wp\/v2\/comments?post=572"}],"version-history":[{"count":32,"href":"https:\/\/www.hosanbosco.gov.co\/en\/wp-json\/wp\/v2\/pages\/572\/revisions"}],"predecessor-version":[{"id":5287,"href":"https:\/\/www.hosanbosco.gov.co\/en\/wp-json\/wp\/v2\/pages\/572\/revisions\/5287"}],"wp:attachment":[{"href":"https:\/\/www.hosanbosco.gov.co\/en\/wp-json\/wp\/v2\/media?parent=572"}],"curies":[{"name":"wp","href":"https:\/\/api.w.org\/{rel}","templated":true}]}}