{"id":5294,"date":"2026-03-02T18:39:14","date_gmt":"2026-03-02T23:39:14","guid":{"rendered":"https:\/\/www.hosanbosco.gov.co\/?page_id=5294"},"modified":"2026-03-02T18:39:17","modified_gmt":"2026-03-02T23:39:17","slug":"acuerdos-2026","status":"publish","type":"page","link":"https:\/\/www.hosanbosco.gov.co\/en\/acuerdos-2026\/","title":{"rendered":"Acuerdos 2026"},"content":{"rendered":"<style>\n        table {\n            width: 100%;\n            border-collapse: collapse;\n        }\n        th, td {\n            text-align: center;\n            padding: 10px;\n            border: 1px solid black;\n        }\n        .columna1 {\n            width: 20%;\n        }\n        .columna2 {\n            width: 50%;\n        }\n        .columna3 {\n            width: 15%;\n        }\n        .columna4 {\n            width: 15%;\n        }\n        th {\n            background-color: #0405b2;\n            color: white;\n            font-size: 14px;\n        }\n        td {\n            font-size: 14px;\n        }\n    <\/style>\n\n    <table>\n        <tr>\n            <th class=\"columna1\">NOMBRE DEL DOCUMENTO<\/th>\n            <th class=\"columna2\">DESCRIPCI\u00d3N<\/th>\n            <th class=\"columna3\">A\u00d1O DE EXPEDICI\u00d3N<\/th>\n            <th class=\"columna4\">DOCUMENTO<\/th>\n        <\/tr>\n           <tr>\n            <td>Acuerdo 002 del 16 de Febrero de 2026<\/td>\n            <td>POR MEDIO DEL CUAL SE APRUEBA UNA ADICI\u00d3N EN EL PRESUPUESTO DE INGRESOS Y GASTOS DE LA ESE HOSPITAL SAN JUAN BOSCO EN LA PRESENTE VIGENCIA FISCAL 2026<\/td>\n            <td>2026<\/td>\n            <td><a href=\"https:\/\/www.hosanbosco.gov.co\/files\/normatividad\/acuerdos\/2026\/ACUERDO_002_2026.pdf\" title=\"Acuerdo 002 de 2026\" target=\"_blank\">Ver Documento<\/a><\/td>\n        <\/tr>\n        <tr>\n            <td>Acuerdo 001 del 27 de Enero de 2026<\/td>\n            <td>POR MEDIO DEL CUAL SE APRUEBA UNA ADICI\u00d3N EN EL PRESUPUESTO DE INGRESOS Y GASTOS DE LA ESE HOSPITAL SAN JUAN BOSCO EN LA PRESENTE VIGENCIA FISCAL 2026 CORRESPONDIENTES AL CIERRE FISCAL 2025<\/td>\n            <td>2026<\/td>\n            <td><a href=\"https:\/\/www.hosanbosco.gov.co\/files\/normatividad\/acuerdos\/2026\/ACUERDO_001_2026.pdf\" title=\"Acuerdo 001 de 2026\" target=\"_blank\">Ver Documento<\/a><\/td>\n        <\/tr>\n    <\/table>","protected":false},"excerpt":{"rendered":"<p>NOMBRE DEL DOCUMENTO DESCRIPCI\u00d3N A\u00d1O DE EXPEDICI\u00d3N DOCUMENTO Acuerdo 002 del 16 de Febrero de 2026 POR MEDIO DEL CUAL SE APRUEBA UNA ADICI\u00d3N EN EL PRESUPUESTO DE INGRESOS Y GASTOS DE LA ESE HOSPITAL SAN JUAN BOSCO EN LA PRESENTE VIGENCIA FISCAL 2026 2026 Ver Documento Acuerdo 001 del 27 de Enero de 2026&hellip;&nbsp;<a href=\"https:\/\/www.hosanbosco.gov.co\/en\/acuerdos-2026\/\" rel=\"bookmark\">Read More &raquo;<span class=\"screen-reader-text\">Acuerdos 2026<\/span><\/a><\/p>","protected":false},"author":1,"featured_media":0,"parent":0,"menu_order":0,"comment_status":"closed","ping_status":"closed","template":"","meta":{"neve_meta_sidebar":"","neve_meta_container":"","neve_meta_enable_content_width":"","neve_meta_content_width":0,"neve_meta_title_alignment":"center","neve_meta_author_avatar":"","neve_post_elements_order":"","neve_meta_disable_header":"","neve_meta_disable_footer":"","neve_meta_disable_title":"","footnotes":""},"class_list":["post-5294","page","type-page","status-publish","hentry"],"yoast_head":"<!-- This site is optimized with the Yoast SEO plugin v27.4 - https:\/\/yoast.com\/product\/yoast-seo-wordpress\/ -->\n<title>Acuerdos 2026 - Hospital San Juan Bosco<\/title>\n<meta name=\"robots\" content=\"index, follow, max-snippet:-1, max-image-preview:large, max-video-preview:-1\" \/>\n<link rel=\"canonical\" href=\"https:\/\/www.hosanbosco.gov.co\/en\/acuerdos-2026\/\" \/>\n<meta property=\"og:locale\" content=\"en_US\" \/>\n<meta property=\"og:type\" content=\"article\" \/>\n<meta property=\"og:title\" content=\"Acuerdos 2026 - Hospital San Juan Bosco\" \/>\n<meta property=\"og:description\" content=\"NOMBRE DEL DOCUMENTO DESCRIPCI\u00d3N A\u00d1O DE EXPEDICI\u00d3N DOCUMENTO Acuerdo 002 del 16 de Febrero de 2026 POR MEDIO DEL CUAL SE APRUEBA UNA ADICI\u00d3N EN EL PRESUPUESTO DE INGRESOS Y GASTOS DE LA ESE HOSPITAL SAN JUAN BOSCO EN LA PRESENTE VIGENCIA FISCAL 2026 2026 Ver Documento Acuerdo 001 del 27 de Enero de 2026&hellip;&nbsp;Read More &raquo;Acuerdos 2026\" \/>\n<meta property=\"og:url\" content=\"https:\/\/www.hosanbosco.gov.co\/en\/acuerdos-2026\/\" \/>\n<meta property=\"og:site_name\" content=\"Hospital San Juan Bosco\" \/>\n<meta property=\"article:publisher\" content=\"https:\/\/www.facebook.com\/hosanbosco\" \/>\n<meta property=\"article:modified_time\" content=\"2026-03-02T23:39:17+00:00\" \/>\n<meta name=\"twitter:card\" content=\"summary_large_image\" \/>\n<meta name=\"twitter:label1\" content=\"Est. reading time\" \/>\n\t<meta name=\"twitter:data1\" content=\"1 minute\" \/>\n<script type=\"application\/ld+json\" class=\"yoast-schema-graph\">{\"@context\":\"https:\\\/\\\/schema.org\",\"@graph\":[{\"@type\":\"WebPage\",\"@id\":\"https:\\\/\\\/www.hosanbosco.gov.co\\\/acuerdos-2026\\\/\",\"url\":\"https:\\\/\\\/www.hosanbosco.gov.co\\\/acuerdos-2026\\\/\",\"name\":\"Acuerdos 2026 - Hospital San Juan Bosco\",\"isPartOf\":{\"@id\":\"https:\\\/\\\/www.hosanbosco.gov.co\\\/#website\"},\"datePublished\":\"2026-03-02T23:39:14+00:00\",\"dateModified\":\"2026-03-02T23:39:17+00:00\",\"breadcrumb\":{\"@id\":\"https:\\\/\\\/www.hosanbosco.gov.co\\\/acuerdos-2026\\\/#breadcrumb\"},\"inLanguage\":\"en-US\",\"potentialAction\":[{\"@type\":\"ReadAction\",\"target\":[\"https:\\\/\\\/www.hosanbosco.gov.co\\\/acuerdos-2026\\\/\"]}]},{\"@type\":\"BreadcrumbList\",\"@id\":\"https:\\\/\\\/www.hosanbosco.gov.co\\\/acuerdos-2026\\\/#breadcrumb\",\"itemListElement\":[{\"@type\":\"ListItem\",\"position\":1,\"name\":\"Portada\",\"item\":\"https:\\\/\\\/www.hosanbosco.gov.co\\\/\"},{\"@type\":\"ListItem\",\"position\":2,\"name\":\"Acuerdos 2026\"}]},{\"@type\":\"WebSite\",\"@id\":\"https:\\\/\\\/www.hosanbosco.gov.co\\\/#website\",\"url\":\"https:\\\/\\\/www.hosanbosco.gov.co\\\/\",\"name\":\"Hospital San Juan Bosco E.S.E.\",\"description\":\"Empresa Social del Estado\",\"publisher\":{\"@id\":\"https:\\\/\\\/www.hosanbosco.gov.co\\\/#organization\"},\"alternateName\":\"hosanbosco\",\"potentialAction\":[{\"@type\":\"SearchAction\",\"target\":{\"@type\":\"EntryPoint\",\"urlTemplate\":\"https:\\\/\\\/www.hosanbosco.gov.co\\\/?s={search_term_string}\"},\"query-input\":{\"@type\":\"PropertyValueSpecification\",\"valueRequired\":true,\"valueName\":\"search_term_string\"}}],\"inLanguage\":\"en-US\"},{\"@type\":\"Organization\",\"@id\":\"https:\\\/\\\/www.hosanbosco.gov.co\\\/#organization\",\"name\":\"Hospital San Juan Bosco E.S.E.\",\"url\":\"https:\\\/\\\/www.hosanbosco.gov.co\\\/\",\"logo\":{\"@type\":\"ImageObject\",\"inLanguage\":\"en-US\",\"@id\":\"https:\\\/\\\/www.hosanbosco.gov.co\\\/#\\\/schema\\\/logo\\\/image\\\/\",\"url\":\"\",\"contentUrl\":\"\",\"caption\":\"Hospital San Juan Bosco E.S.E.\"},\"image\":{\"@id\":\"https:\\\/\\\/www.hosanbosco.gov.co\\\/#\\\/schema\\\/logo\\\/image\\\/\"},\"sameAs\":[\"https:\\\/\\\/www.facebook.com\\\/hosanbosco\"]}]}<\/script>\n<!-- \/ Yoast SEO plugin. -->","yoast_head_json":{"title":"Acuerdos 2026 - Hospital San Juan Bosco","robots":{"index":"index","follow":"follow","max-snippet":"max-snippet:-1","max-image-preview":"max-image-preview:large","max-video-preview":"max-video-preview:-1"},"canonical":"https:\/\/www.hosanbosco.gov.co\/en\/acuerdos-2026\/","og_locale":"en_US","og_type":"article","og_title":"Acuerdos 2026 - Hospital San Juan Bosco","og_description":"NOMBRE DEL DOCUMENTO DESCRIPCI\u00d3N A\u00d1O DE EXPEDICI\u00d3N DOCUMENTO Acuerdo 002 del 16 de Febrero de 2026 POR MEDIO DEL CUAL SE APRUEBA UNA ADICI\u00d3N EN EL PRESUPUESTO DE INGRESOS Y GASTOS DE LA ESE HOSPITAL SAN JUAN BOSCO EN LA PRESENTE VIGENCIA FISCAL 2026 2026 Ver Documento Acuerdo 001 del 27 de Enero de 2026&hellip;&nbsp;Read More &raquo;Acuerdos 2026","og_url":"https:\/\/www.hosanbosco.gov.co\/en\/acuerdos-2026\/","og_site_name":"Hospital San Juan Bosco","article_publisher":"https:\/\/www.facebook.com\/hosanbosco","article_modified_time":"2026-03-02T23:39:17+00:00","twitter_card":"summary_large_image","twitter_misc":{"Est. reading time":"1 minute"},"schema":{"@context":"https:\/\/schema.org","@graph":[{"@type":"WebPage","@id":"https:\/\/www.hosanbosco.gov.co\/acuerdos-2026\/","url":"https:\/\/www.hosanbosco.gov.co\/acuerdos-2026\/","name":"Acuerdos 2026 - Hospital San Juan Bosco","isPartOf":{"@id":"https:\/\/www.hosanbosco.gov.co\/#website"},"datePublished":"2026-03-02T23:39:14+00:00","dateModified":"2026-03-02T23:39:17+00:00","breadcrumb":{"@id":"https:\/\/www.hosanbosco.gov.co\/acuerdos-2026\/#breadcrumb"},"inLanguage":"en-US","potentialAction":[{"@type":"ReadAction","target":["https:\/\/www.hosanbosco.gov.co\/acuerdos-2026\/"]}]},{"@type":"BreadcrumbList","@id":"https:\/\/www.hosanbosco.gov.co\/acuerdos-2026\/#breadcrumb","itemListElement":[{"@type":"ListItem","position":1,"name":"Portada","item":"https:\/\/www.hosanbosco.gov.co\/"},{"@type":"ListItem","position":2,"name":"Acuerdos 2026"}]},{"@type":"WebSite","@id":"https:\/\/www.hosanbosco.gov.co\/#website","url":"https:\/\/www.hosanbosco.gov.co\/","name":"Hospital San Juan Bosco E.S.E.","description":"Empresa Social del Estado","publisher":{"@id":"https:\/\/www.hosanbosco.gov.co\/#organization"},"alternateName":"hosanbosco","potentialAction":[{"@type":"SearchAction","target":{"@type":"EntryPoint","urlTemplate":"https:\/\/www.hosanbosco.gov.co\/?s={search_term_string}"},"query-input":{"@type":"PropertyValueSpecification","valueRequired":true,"valueName":"search_term_string"}}],"inLanguage":"en-US"},{"@type":"Organization","@id":"https:\/\/www.hosanbosco.gov.co\/#organization","name":"Hospital San Juan Bosco E.S.E.","url":"https:\/\/www.hosanbosco.gov.co\/","logo":{"@type":"ImageObject","inLanguage":"en-US","@id":"https:\/\/www.hosanbosco.gov.co\/#\/schema\/logo\/image\/","url":"","contentUrl":"","caption":"Hospital San Juan Bosco E.S.E."},"image":{"@id":"https:\/\/www.hosanbosco.gov.co\/#\/schema\/logo\/image\/"},"sameAs":["https:\/\/www.facebook.com\/hosanbosco"]}]}},"_links":{"self":[{"href":"https:\/\/www.hosanbosco.gov.co\/en\/wp-json\/wp\/v2\/pages\/5294","targetHints":{"allow":["GET"]}}],"collection":[{"href":"https:\/\/www.hosanbosco.gov.co\/en\/wp-json\/wp\/v2\/pages"}],"about":[{"href":"https:\/\/www.hosanbosco.gov.co\/en\/wp-json\/wp\/v2\/types\/page"}],"author":[{"embeddable":true,"href":"https:\/\/www.hosanbosco.gov.co\/en\/wp-json\/wp\/v2\/users\/1"}],"replies":[{"embeddable":true,"href":"https:\/\/www.hosanbosco.gov.co\/en\/wp-json\/wp\/v2\/comments?post=5294"}],"version-history":[{"count":1,"href":"https:\/\/www.hosanbosco.gov.co\/en\/wp-json\/wp\/v2\/pages\/5294\/revisions"}],"predecessor-version":[{"id":5295,"href":"https:\/\/www.hosanbosco.gov.co\/en\/wp-json\/wp\/v2\/pages\/5294\/revisions\/5295"}],"wp:attachment":[{"href":"https:\/\/www.hosanbosco.gov.co\/en\/wp-json\/wp\/v2\/media?parent=5294"}],"curies":[{"name":"wp","href":"https:\/\/api.w.org\/{rel}","templated":true}]}}