{"id":5271,"date":"2026-02-04T10:12:07","date_gmt":"2026-02-04T15:12:07","guid":{"rendered":"https:\/\/www.hosanbosco.gov.co\/?page_id=5271"},"modified":"2026-02-04T10:29:31","modified_gmt":"2026-02-04T15:29:31","slug":"informacion-general","status":"publish","type":"page","link":"https:\/\/www.hosanbosco.gov.co\/en\/informacion-general\/","title":{"rendered":"Informaci\u00f3n General"},"content":{"rendered":"<h3 class=\"wp-block-heading has-text-align-center\">INFORMACI\u00d3N GENERAL<\/h3>\n\n\n<div class=\"wp-block-image\">\n<figure class=\"aligncenter size-large is-resized\"><img loading=\"lazy\" decoding=\"async\" width=\"1024\" height=\"768\" src=\"https:\/\/www.hosanbosco.gov.co\/wp-content\/uploads\/2026\/02\/fachada_hsjb_2025-1024x768.webp\" alt=\"\" class=\"wp-image-5273\" style=\"width:600px\" srcset=\"https:\/\/www.hosanbosco.gov.co\/wp-content\/uploads\/2026\/02\/fachada_hsjb_2025-1024x768.webp 1024w, https:\/\/www.hosanbosco.gov.co\/wp-content\/uploads\/2026\/02\/fachada_hsjb_2025-300x225.webp 300w, https:\/\/www.hosanbosco.gov.co\/wp-content\/uploads\/2026\/02\/fachada_hsjb_2025-768x576.webp 768w, https:\/\/www.hosanbosco.gov.co\/wp-content\/uploads\/2026\/02\/fachada_hsjb_2025-16x12.webp 16w, https:\/\/www.hosanbosco.gov.co\/wp-content\/uploads\/2026\/02\/fachada_hsjb_2025.webp 1440w\" sizes=\"auto, (max-width: 1024px) 100vw, 1024px\" \/><\/figure>\n<\/div>\n\n\n<div style=\"height:20px\" aria-hidden=\"true\" class=\"wp-block-spacer\"><\/div>\n\n\n\n<p>Nombre de la Entidad: <strong>E.S.E. Hospital San Juan Bosco<\/strong><\/p>\n\n\n\n<p>Nit: <strong>824.000.450-0<\/strong><\/p>\n\n\n\n<p>Naturaleza Jur\u00eddica: <strong>P\u00fablico<\/strong><\/p>\n\n\n\n<p>Nivel de Complejidad: <strong>Baja Complejidad<\/strong><\/p>\n\n\n\n<p>Clasificaci\u00f3n Seg\u00fan Orden Territorial: <strong>Municipal<\/strong><\/p>\n\n\n\n<p>Representante legal: <strong>ANA SOFIA MALDONADO TORREGROSA<\/strong><\/p>\n\n\n\n<p>Direcci\u00f3n: <strong>Carrera 16 # 20-60 Barrio Alto Prado<\/strong><\/p>\n\n\n\n<p>C\u00f3digo Postal: <strong>201020<\/strong><\/p>\n\n\n\n<p>Nombre del Municipio de Ubicaci\u00f3n: <a href=\"https:\/\/www.bosconia-cesar.gov.co\/\" type=\"link\" id=\"https:\/\/www.bosconia-cesar.gov.co\/\" target=\"_blank\" rel=\"noreferrer noopener\"><strong>Bosconia<\/strong><\/a><\/p>\n\n\n\n<p>C\u00f3digo<a href=\"https:\/\/www.dane.gov.co\/\" type=\"link\" id=\"https:\/\/www.dane.gov.co\/\" target=\"_blank\" rel=\"noreferrer noopener\"> DANE<\/a> del Municipio de Ubicaci\u00f3n: <strong>060<\/strong><\/p>\n\n\n\n<p>Gentilicio del Municipio de Ubicaci\u00f3n: <strong>Bosconenses<\/strong><\/p>\n\n\n\n<p>Nombre del Departamento de Ubicaci\u00f3n: <a href=\"https:\/\/cesar.gov.co\/\" type=\"link\" id=\"https:\/\/cesar.gov.co\/\" target=\"_blank\" rel=\"noreferrer noopener\"><strong>Cesar<\/strong><\/a><\/p>\n\n\n\n<p>C\u00f3digo <a href=\"https:\/\/www.dane.gov.co\/\" type=\"link\" id=\"https:\/\/www.dane.gov.co\/\" target=\"_blank\" rel=\"noreferrer noopener\">DANE<\/a> del Departamento de Ubicaci\u00f3n: <strong>20<\/strong><\/p>\n\n\n\n<p>Gentilicio del Departamento de Ubicaci\u00f3n: <strong>Cesarenses<\/strong><\/p>","protected":false},"excerpt":{"rendered":"<p>INFORMACI\u00d3N GENERAL Nombre de la Entidad: E.S.E. Hospital San Juan Bosco Nit: 824.000.450-0 Naturaleza Jur\u00eddica: P\u00fablico Nivel de Complejidad: Baja Complejidad Clasificaci\u00f3n Seg\u00fan Orden Territorial: Municipal Representante legal: ANA SOFIA MALDONADO TORREGROSA Direcci\u00f3n: Carrera 16 # 20-60 Barrio Alto Prado C\u00f3digo Postal: 201020 Nombre del Municipio de Ubicaci\u00f3n: Bosconia C\u00f3digo DANE del Municipio de Ubicaci\u00f3n:&hellip;&nbsp;<a href=\"https:\/\/www.hosanbosco.gov.co\/en\/informacion-general\/\" rel=\"bookmark\">Read More &raquo;<span class=\"screen-reader-text\">Informaci\u00f3n General<\/span><\/a><\/p>","protected":false},"author":1,"featured_media":0,"parent":0,"menu_order":0,"comment_status":"closed","ping_status":"closed","template":"","meta":{"neve_meta_sidebar":"","neve_meta_container":"","neve_meta_enable_content_width":"","neve_meta_content_width":0,"neve_meta_title_alignment":"center","neve_meta_author_avatar":"","neve_post_elements_order":"","neve_meta_disable_header":"off","neve_meta_disable_footer":"","neve_meta_disable_title":"on","footnotes":""},"class_list":["post-5271","page","type-page","status-publish","hentry"],"yoast_head":"<!-- This site is optimized with the Yoast SEO plugin v27.4 - https:\/\/yoast.com\/product\/yoast-seo-wordpress\/ -->\n<title>Informaci\u00f3n General - Hospital San Juan Bosco<\/title>\n<meta name=\"robots\" content=\"index, follow, max-snippet:-1, max-image-preview:large, max-video-preview:-1\" \/>\n<link rel=\"canonical\" href=\"https:\/\/www.hosanbosco.gov.co\/en\/informacion-general\/\" \/>\n<meta property=\"og:locale\" content=\"en_US\" \/>\n<meta property=\"og:type\" content=\"article\" \/>\n<meta property=\"og:title\" content=\"Informaci\u00f3n General - Hospital San Juan Bosco\" \/>\n<meta property=\"og:description\" content=\"INFORMACI\u00d3N GENERAL Nombre de la Entidad: E.S.E. Hospital San Juan Bosco Nit: 824.000.450-0 Naturaleza Jur\u00eddica: P\u00fablico Nivel de Complejidad: Baja Complejidad Clasificaci\u00f3n Seg\u00fan Orden Territorial: Municipal Representante legal: ANA SOFIA MALDONADO TORREGROSA Direcci\u00f3n: Carrera 16 # 20-60 Barrio Alto Prado C\u00f3digo Postal: 201020 Nombre del Municipio de Ubicaci\u00f3n: Bosconia C\u00f3digo DANE del Municipio de Ubicaci\u00f3n:&hellip;&nbsp;Read More &raquo;Informaci\u00f3n General\" \/>\n<meta property=\"og:url\" content=\"https:\/\/www.hosanbosco.gov.co\/en\/informacion-general\/\" \/>\n<meta property=\"og:site_name\" content=\"Hospital San Juan Bosco\" \/>\n<meta property=\"article:publisher\" content=\"https:\/\/www.facebook.com\/hosanbosco\" \/>\n<meta property=\"article:modified_time\" content=\"2026-02-04T15:29:31+00:00\" \/>\n<meta property=\"og:image\" content=\"https:\/\/www.hosanbosco.gov.co\/wp-content\/uploads\/2026\/02\/fachada_hsjb_2025.webp\" \/>\n\t<meta property=\"og:image:width\" content=\"1440\" \/>\n\t<meta property=\"og:image:height\" content=\"1080\" \/>\n\t<meta property=\"og:image:type\" content=\"image\/webp\" \/>\n<meta name=\"twitter:card\" content=\"summary_large_image\" \/>\n<meta name=\"twitter:label1\" content=\"Est. reading time\" \/>\n\t<meta name=\"twitter:data1\" content=\"1 minute\" \/>\n<script type=\"application\/ld+json\" class=\"yoast-schema-graph\">{\"@context\":\"https:\\\/\\\/schema.org\",\"@graph\":[{\"@type\":\"WebPage\",\"@id\":\"https:\\\/\\\/www.hosanbosco.gov.co\\\/informacion-general\\\/\",\"url\":\"https:\\\/\\\/www.hosanbosco.gov.co\\\/informacion-general\\\/\",\"name\":\"Informaci\u00f3n General - Hospital San Juan Bosco\",\"isPartOf\":{\"@id\":\"https:\\\/\\\/www.hosanbosco.gov.co\\\/#website\"},\"primaryImageOfPage\":{\"@id\":\"https:\\\/\\\/www.hosanbosco.gov.co\\\/informacion-general\\\/#primaryimage\"},\"image\":{\"@id\":\"https:\\\/\\\/www.hosanbosco.gov.co\\\/informacion-general\\\/#primaryimage\"},\"thumbnailUrl\":\"https:\\\/\\\/www.hosanbosco.gov.co\\\/wp-content\\\/uploads\\\/2026\\\/02\\\/fachada_hsjb_2025-1024x768.webp\",\"datePublished\":\"2026-02-04T15:12:07+00:00\",\"dateModified\":\"2026-02-04T15:29:31+00:00\",\"breadcrumb\":{\"@id\":\"https:\\\/\\\/www.hosanbosco.gov.co\\\/informacion-general\\\/#breadcrumb\"},\"inLanguage\":\"en-US\",\"potentialAction\":[{\"@type\":\"ReadAction\",\"target\":[\"https:\\\/\\\/www.hosanbosco.gov.co\\\/informacion-general\\\/\"]}]},{\"@type\":\"ImageObject\",\"inLanguage\":\"en-US\",\"@id\":\"https:\\\/\\\/www.hosanbosco.gov.co\\\/informacion-general\\\/#primaryimage\",\"url\":\"https:\\\/\\\/www.hosanbosco.gov.co\\\/wp-content\\\/uploads\\\/2026\\\/02\\\/fachada_hsjb_2025-1024x768.webp\",\"contentUrl\":\"https:\\\/\\\/www.hosanbosco.gov.co\\\/wp-content\\\/uploads\\\/2026\\\/02\\\/fachada_hsjb_2025-1024x768.webp\"},{\"@type\":\"BreadcrumbList\",\"@id\":\"https:\\\/\\\/www.hosanbosco.gov.co\\\/informacion-general\\\/#breadcrumb\",\"itemListElement\":[{\"@type\":\"ListItem\",\"position\":1,\"name\":\"Portada\",\"item\":\"https:\\\/\\\/www.hosanbosco.gov.co\\\/\"},{\"@type\":\"ListItem\",\"position\":2,\"name\":\"Informaci\u00f3n General\"}]},{\"@type\":\"WebSite\",\"@id\":\"https:\\\/\\\/www.hosanbosco.gov.co\\\/#website\",\"url\":\"https:\\\/\\\/www.hosanbosco.gov.co\\\/\",\"name\":\"Hospital San Juan Bosco E.S.E.\",\"description\":\"Empresa Social del Estado\",\"publisher\":{\"@id\":\"https:\\\/\\\/www.hosanbosco.gov.co\\\/#organization\"},\"alternateName\":\"hosanbosco\",\"potentialAction\":[{\"@type\":\"SearchAction\",\"target\":{\"@type\":\"EntryPoint\",\"urlTemplate\":\"https:\\\/\\\/www.hosanbosco.gov.co\\\/?s={search_term_string}\"},\"query-input\":{\"@type\":\"PropertyValueSpecification\",\"valueRequired\":true,\"valueName\":\"search_term_string\"}}],\"inLanguage\":\"en-US\"},{\"@type\":\"Organization\",\"@id\":\"https:\\\/\\\/www.hosanbosco.gov.co\\\/#organization\",\"name\":\"Hospital San Juan Bosco E.S.E.\",\"url\":\"https:\\\/\\\/www.hosanbosco.gov.co\\\/\",\"logo\":{\"@type\":\"ImageObject\",\"inLanguage\":\"en-US\",\"@id\":\"https:\\\/\\\/www.hosanbosco.gov.co\\\/#\\\/schema\\\/logo\\\/image\\\/\",\"url\":\"\",\"contentUrl\":\"\",\"caption\":\"Hospital San Juan Bosco E.S.E.\"},\"image\":{\"@id\":\"https:\\\/\\\/www.hosanbosco.gov.co\\\/#\\\/schema\\\/logo\\\/image\\\/\"},\"sameAs\":[\"https:\\\/\\\/www.facebook.com\\\/hosanbosco\"]}]}<\/script>\n<!-- \/ Yoast SEO plugin. -->","yoast_head_json":{"title":"Informaci\u00f3n General - Hospital San Juan Bosco","robots":{"index":"index","follow":"follow","max-snippet":"max-snippet:-1","max-image-preview":"max-image-preview:large","max-video-preview":"max-video-preview:-1"},"canonical":"https:\/\/www.hosanbosco.gov.co\/en\/informacion-general\/","og_locale":"en_US","og_type":"article","og_title":"Informaci\u00f3n General - Hospital San Juan Bosco","og_description":"INFORMACI\u00d3N GENERAL Nombre de la Entidad: E.S.E. Hospital San Juan Bosco Nit: 824.000.450-0 Naturaleza Jur\u00eddica: P\u00fablico Nivel de Complejidad: Baja Complejidad Clasificaci\u00f3n Seg\u00fan Orden Territorial: Municipal Representante legal: ANA SOFIA MALDONADO TORREGROSA Direcci\u00f3n: Carrera 16 # 20-60 Barrio Alto Prado C\u00f3digo Postal: 201020 Nombre del Municipio de Ubicaci\u00f3n: Bosconia C\u00f3digo DANE del Municipio de Ubicaci\u00f3n:&hellip;&nbsp;Read More &raquo;Informaci\u00f3n General","og_url":"https:\/\/www.hosanbosco.gov.co\/en\/informacion-general\/","og_site_name":"Hospital San Juan Bosco","article_publisher":"https:\/\/www.facebook.com\/hosanbosco","article_modified_time":"2026-02-04T15:29:31+00:00","og_image":[{"width":1440,"height":1080,"url":"https:\/\/www.hosanbosco.gov.co\/wp-content\/uploads\/2026\/02\/fachada_hsjb_2025.webp","type":"image\/webp"}],"twitter_card":"summary_large_image","twitter_misc":{"Est. reading time":"1 minute"},"schema":{"@context":"https:\/\/schema.org","@graph":[{"@type":"WebPage","@id":"https:\/\/www.hosanbosco.gov.co\/informacion-general\/","url":"https:\/\/www.hosanbosco.gov.co\/informacion-general\/","name":"Informaci\u00f3n General - Hospital San Juan Bosco","isPartOf":{"@id":"https:\/\/www.hosanbosco.gov.co\/#website"},"primaryImageOfPage":{"@id":"https:\/\/www.hosanbosco.gov.co\/informacion-general\/#primaryimage"},"image":{"@id":"https:\/\/www.hosanbosco.gov.co\/informacion-general\/#primaryimage"},"thumbnailUrl":"https:\/\/www.hosanbosco.gov.co\/wp-content\/uploads\/2026\/02\/fachada_hsjb_2025-1024x768.webp","datePublished":"2026-02-04T15:12:07+00:00","dateModified":"2026-02-04T15:29:31+00:00","breadcrumb":{"@id":"https:\/\/www.hosanbosco.gov.co\/informacion-general\/#breadcrumb"},"inLanguage":"en-US","potentialAction":[{"@type":"ReadAction","target":["https:\/\/www.hosanbosco.gov.co\/informacion-general\/"]}]},{"@type":"ImageObject","inLanguage":"en-US","@id":"https:\/\/www.hosanbosco.gov.co\/informacion-general\/#primaryimage","url":"https:\/\/www.hosanbosco.gov.co\/wp-content\/uploads\/2026\/02\/fachada_hsjb_2025-1024x768.webp","contentUrl":"https:\/\/www.hosanbosco.gov.co\/wp-content\/uploads\/2026\/02\/fachada_hsjb_2025-1024x768.webp"},{"@type":"BreadcrumbList","@id":"https:\/\/www.hosanbosco.gov.co\/informacion-general\/#breadcrumb","itemListElement":[{"@type":"ListItem","position":1,"name":"Portada","item":"https:\/\/www.hosanbosco.gov.co\/"},{"@type":"ListItem","position":2,"name":"Informaci\u00f3n General"}]},{"@type":"WebSite","@id":"https:\/\/www.hosanbosco.gov.co\/#website","url":"https:\/\/www.hosanbosco.gov.co\/","name":"Hospital San Juan Bosco E.S.E.","description":"Empresa Social del Estado","publisher":{"@id":"https:\/\/www.hosanbosco.gov.co\/#organization"},"alternateName":"hosanbosco","potentialAction":[{"@type":"SearchAction","target":{"@type":"EntryPoint","urlTemplate":"https:\/\/www.hosanbosco.gov.co\/?s={search_term_string}"},"query-input":{"@type":"PropertyValueSpecification","valueRequired":true,"valueName":"search_term_string"}}],"inLanguage":"en-US"},{"@type":"Organization","@id":"https:\/\/www.hosanbosco.gov.co\/#organization","name":"Hospital San Juan Bosco E.S.E.","url":"https:\/\/www.hosanbosco.gov.co\/","logo":{"@type":"ImageObject","inLanguage":"en-US","@id":"https:\/\/www.hosanbosco.gov.co\/#\/schema\/logo\/image\/","url":"","contentUrl":"","caption":"Hospital San Juan Bosco E.S.E."},"image":{"@id":"https:\/\/www.hosanbosco.gov.co\/#\/schema\/logo\/image\/"},"sameAs":["https:\/\/www.facebook.com\/hosanbosco"]}]}},"_links":{"self":[{"href":"https:\/\/www.hosanbosco.gov.co\/en\/wp-json\/wp\/v2\/pages\/5271","targetHints":{"allow":["GET"]}}],"collection":[{"href":"https:\/\/www.hosanbosco.gov.co\/en\/wp-json\/wp\/v2\/pages"}],"about":[{"href":"https:\/\/www.hosanbosco.gov.co\/en\/wp-json\/wp\/v2\/types\/page"}],"author":[{"embeddable":true,"href":"https:\/\/www.hosanbosco.gov.co\/en\/wp-json\/wp\/v2\/users\/1"}],"replies":[{"embeddable":true,"href":"https:\/\/www.hosanbosco.gov.co\/en\/wp-json\/wp\/v2\/comments?post=5271"}],"version-history":[{"count":5,"href":"https:\/\/www.hosanbosco.gov.co\/en\/wp-json\/wp\/v2\/pages\/5271\/revisions"}],"predecessor-version":[{"id":5279,"href":"https:\/\/www.hosanbosco.gov.co\/en\/wp-json\/wp\/v2\/pages\/5271\/revisions\/5279"}],"wp:attachment":[{"href":"https:\/\/www.hosanbosco.gov.co\/en\/wp-json\/wp\/v2\/media?parent=5271"}],"curies":[{"name":"wp","href":"https:\/\/api.w.org\/{rel}","templated":true}]}}