{"id":5038,"date":"2026-01-15T13:26:18","date_gmt":"2026-01-15T18:26:18","guid":{"rendered":"https:\/\/www.hosanbosco.gov.co\/?page_id=5038"},"modified":"2026-01-15T13:32:02","modified_gmt":"2026-01-15T18:32:02","slug":"actas-2025","status":"publish","type":"page","link":"https:\/\/www.hosanbosco.gov.co\/en\/actas-2025\/","title":{"rendered":"Actas 2025"},"content":{"rendered":"<h2 class=\"wp-block-heading has-text-align-center\">ACTAS 2025<\/h2>\n\n\n\n <style>\n        table {\n            width: 100%;\n            border-collapse: collapse;\n        }\n        th, td {\n            text-align: center;\n            padding: 10px;\n            border: 1px solid black;\n        }\n        .columna1 {\n            width: 20%;\n        }\n        .columna2 {\n            width: 50%;\n        }\n        .columna3 {\n            width: 15%;\n        }\n        .columna4 {\n            width: 15%;\n        }\n        th {\n            background-color: #0405b2;\n            color: white;\n            font-size: 14px;\n        }\n        td {\n            font-size: 14px;\n        }\n    <\/style>\n\n    <table>\n        <tr>\n            <th class=\"columna1\">NOMBRE DEL DOCUMENTO<\/th>\n            <th class=\"columna2\">DESCRIPCI\u00d3N<\/th>\n            <th class=\"columna3\">A\u00d1O DE EXPEDICI\u00d3N<\/th>\n            <th class=\"columna4\">DOCUMENTO<\/th>\n        <\/tr>\n        <tr>\n            <td>Acta Confis N\u00b0 17 del 21 de Octubre de 2025<\/td>\n            <td>ACTA DE REUNION DEL CONSEJO SUPERIOR DE POLITICA FISCAL DEL MUNICIPIO DE BOSCONIA CESAR- CONFIS<\/td>\n            <td>2025<\/td>\n            <td><a href=\"https:\/\/www.hosanbosco.gov.co\/files\/normatividad\/actas\/2025\/ACTA_CONFIS_17_2025.pdf\" title=\"Acta Confis N\u00b0 17 de 2025\" target=\"_blank\">Ver Documento<\/a><\/td>\n        <\/tr>\n    <\/table>","protected":false},"excerpt":{"rendered":"<p>ACTAS 2025 NOMBRE DEL DOCUMENTO DESCRIPCI\u00d3N A\u00d1O DE EXPEDICI\u00d3N DOCUMENTO Acta Confis N\u00b0 17 del 21 de Octubre de 2025 ACTA DE REUNION DEL CONSEJO SUPERIOR DE POLITICA FISCAL DEL MUNICIPIO DE BOSCONIA CESAR- CONFIS 2025 Ver Documento<\/p>","protected":false},"author":1,"featured_media":0,"parent":0,"menu_order":0,"comment_status":"closed","ping_status":"closed","template":"","meta":{"neve_meta_sidebar":"","neve_meta_container":"","neve_meta_enable_content_width":"","neve_meta_content_width":0,"neve_meta_title_alignment":"center","neve_meta_author_avatar":"","neve_post_elements_order":"","neve_meta_disable_header":"","neve_meta_disable_footer":"","neve_meta_disable_title":"on","footnotes":""},"class_list":["post-5038","page","type-page","status-publish","hentry"],"yoast_head":"<!-- This site is optimized with the Yoast SEO plugin v27.4 - https:\/\/yoast.com\/product\/yoast-seo-wordpress\/ -->\n<title>Actas 2025 - Hospital San Juan Bosco<\/title>\n<meta name=\"robots\" content=\"index, follow, max-snippet:-1, max-image-preview:large, max-video-preview:-1\" \/>\n<link rel=\"canonical\" href=\"https:\/\/www.hosanbosco.gov.co\/en\/actas-2025\/\" \/>\n<meta property=\"og:locale\" content=\"en_US\" \/>\n<meta property=\"og:type\" content=\"article\" \/>\n<meta property=\"og:title\" content=\"Actas 2025 - Hospital San Juan Bosco\" \/>\n<meta property=\"og:description\" content=\"ACTAS 2025 NOMBRE DEL DOCUMENTO DESCRIPCI\u00d3N A\u00d1O DE EXPEDICI\u00d3N DOCUMENTO Acta Confis N\u00b0 17 del 21 de Octubre de 2025 ACTA DE REUNION DEL CONSEJO SUPERIOR DE POLITICA FISCAL DEL MUNICIPIO DE BOSCONIA CESAR- CONFIS 2025 Ver Documento\" \/>\n<meta property=\"og:url\" content=\"https:\/\/www.hosanbosco.gov.co\/en\/actas-2025\/\" \/>\n<meta property=\"og:site_name\" content=\"Hospital San Juan Bosco\" \/>\n<meta property=\"article:publisher\" content=\"https:\/\/www.facebook.com\/hosanbosco\" \/>\n<meta property=\"article:modified_time\" content=\"2026-01-15T18:32:02+00:00\" \/>\n<meta name=\"twitter:card\" content=\"summary_large_image\" \/>\n<meta name=\"twitter:label1\" content=\"Est. reading time\" \/>\n\t<meta name=\"twitter:data1\" content=\"1 minute\" \/>\n<script type=\"application\/ld+json\" class=\"yoast-schema-graph\">{\"@context\":\"https:\\\/\\\/schema.org\",\"@graph\":[{\"@type\":\"WebPage\",\"@id\":\"https:\\\/\\\/www.hosanbosco.gov.co\\\/actas-2025\\\/\",\"url\":\"https:\\\/\\\/www.hosanbosco.gov.co\\\/actas-2025\\\/\",\"name\":\"Actas 2025 - Hospital San Juan Bosco\",\"isPartOf\":{\"@id\":\"https:\\\/\\\/www.hosanbosco.gov.co\\\/#website\"},\"datePublished\":\"2026-01-15T18:26:18+00:00\",\"dateModified\":\"2026-01-15T18:32:02+00:00\",\"breadcrumb\":{\"@id\":\"https:\\\/\\\/www.hosanbosco.gov.co\\\/actas-2025\\\/#breadcrumb\"},\"inLanguage\":\"en-US\",\"potentialAction\":[{\"@type\":\"ReadAction\",\"target\":[\"https:\\\/\\\/www.hosanbosco.gov.co\\\/actas-2025\\\/\"]}]},{\"@type\":\"BreadcrumbList\",\"@id\":\"https:\\\/\\\/www.hosanbosco.gov.co\\\/actas-2025\\\/#breadcrumb\",\"itemListElement\":[{\"@type\":\"ListItem\",\"position\":1,\"name\":\"Portada\",\"item\":\"https:\\\/\\\/www.hosanbosco.gov.co\\\/\"},{\"@type\":\"ListItem\",\"position\":2,\"name\":\"Actas 2025\"}]},{\"@type\":\"WebSite\",\"@id\":\"https:\\\/\\\/www.hosanbosco.gov.co\\\/#website\",\"url\":\"https:\\\/\\\/www.hosanbosco.gov.co\\\/\",\"name\":\"Hospital San Juan Bosco E.S.E.\",\"description\":\"Empresa Social del Estado\",\"publisher\":{\"@id\":\"https:\\\/\\\/www.hosanbosco.gov.co\\\/#organization\"},\"alternateName\":\"hosanbosco\",\"potentialAction\":[{\"@type\":\"SearchAction\",\"target\":{\"@type\":\"EntryPoint\",\"urlTemplate\":\"https:\\\/\\\/www.hosanbosco.gov.co\\\/?s={search_term_string}\"},\"query-input\":{\"@type\":\"PropertyValueSpecification\",\"valueRequired\":true,\"valueName\":\"search_term_string\"}}],\"inLanguage\":\"en-US\"},{\"@type\":\"Organization\",\"@id\":\"https:\\\/\\\/www.hosanbosco.gov.co\\\/#organization\",\"name\":\"Hospital San Juan Bosco E.S.E.\",\"url\":\"https:\\\/\\\/www.hosanbosco.gov.co\\\/\",\"logo\":{\"@type\":\"ImageObject\",\"inLanguage\":\"en-US\",\"@id\":\"https:\\\/\\\/www.hosanbosco.gov.co\\\/#\\\/schema\\\/logo\\\/image\\\/\",\"url\":\"\",\"contentUrl\":\"\",\"caption\":\"Hospital San Juan Bosco E.S.E.\"},\"image\":{\"@id\":\"https:\\\/\\\/www.hosanbosco.gov.co\\\/#\\\/schema\\\/logo\\\/image\\\/\"},\"sameAs\":[\"https:\\\/\\\/www.facebook.com\\\/hosanbosco\"]}]}<\/script>\n<!-- \/ Yoast SEO plugin. -->","yoast_head_json":{"title":"Actas 2025 - Hospital San Juan Bosco","robots":{"index":"index","follow":"follow","max-snippet":"max-snippet:-1","max-image-preview":"max-image-preview:large","max-video-preview":"max-video-preview:-1"},"canonical":"https:\/\/www.hosanbosco.gov.co\/en\/actas-2025\/","og_locale":"en_US","og_type":"article","og_title":"Actas 2025 - Hospital San Juan Bosco","og_description":"ACTAS 2025 NOMBRE DEL DOCUMENTO DESCRIPCI\u00d3N A\u00d1O DE EXPEDICI\u00d3N DOCUMENTO Acta Confis N\u00b0 17 del 21 de Octubre de 2025 ACTA DE REUNION DEL CONSEJO SUPERIOR DE POLITICA FISCAL DEL MUNICIPIO DE BOSCONIA CESAR- CONFIS 2025 Ver Documento","og_url":"https:\/\/www.hosanbosco.gov.co\/en\/actas-2025\/","og_site_name":"Hospital San Juan Bosco","article_publisher":"https:\/\/www.facebook.com\/hosanbosco","article_modified_time":"2026-01-15T18:32:02+00:00","twitter_card":"summary_large_image","twitter_misc":{"Est. reading time":"1 minute"},"schema":{"@context":"https:\/\/schema.org","@graph":[{"@type":"WebPage","@id":"https:\/\/www.hosanbosco.gov.co\/actas-2025\/","url":"https:\/\/www.hosanbosco.gov.co\/actas-2025\/","name":"Actas 2025 - Hospital San Juan Bosco","isPartOf":{"@id":"https:\/\/www.hosanbosco.gov.co\/#website"},"datePublished":"2026-01-15T18:26:18+00:00","dateModified":"2026-01-15T18:32:02+00:00","breadcrumb":{"@id":"https:\/\/www.hosanbosco.gov.co\/actas-2025\/#breadcrumb"},"inLanguage":"en-US","potentialAction":[{"@type":"ReadAction","target":["https:\/\/www.hosanbosco.gov.co\/actas-2025\/"]}]},{"@type":"BreadcrumbList","@id":"https:\/\/www.hosanbosco.gov.co\/actas-2025\/#breadcrumb","itemListElement":[{"@type":"ListItem","position":1,"name":"Portada","item":"https:\/\/www.hosanbosco.gov.co\/"},{"@type":"ListItem","position":2,"name":"Actas 2025"}]},{"@type":"WebSite","@id":"https:\/\/www.hosanbosco.gov.co\/#website","url":"https:\/\/www.hosanbosco.gov.co\/","name":"Hospital San Juan Bosco E.S.E.","description":"Empresa Social del Estado","publisher":{"@id":"https:\/\/www.hosanbosco.gov.co\/#organization"},"alternateName":"hosanbosco","potentialAction":[{"@type":"SearchAction","target":{"@type":"EntryPoint","urlTemplate":"https:\/\/www.hosanbosco.gov.co\/?s={search_term_string}"},"query-input":{"@type":"PropertyValueSpecification","valueRequired":true,"valueName":"search_term_string"}}],"inLanguage":"en-US"},{"@type":"Organization","@id":"https:\/\/www.hosanbosco.gov.co\/#organization","name":"Hospital San Juan Bosco E.S.E.","url":"https:\/\/www.hosanbosco.gov.co\/","logo":{"@type":"ImageObject","inLanguage":"en-US","@id":"https:\/\/www.hosanbosco.gov.co\/#\/schema\/logo\/image\/","url":"","contentUrl":"","caption":"Hospital San Juan Bosco E.S.E."},"image":{"@id":"https:\/\/www.hosanbosco.gov.co\/#\/schema\/logo\/image\/"},"sameAs":["https:\/\/www.facebook.com\/hosanbosco"]}]}},"_links":{"self":[{"href":"https:\/\/www.hosanbosco.gov.co\/en\/wp-json\/wp\/v2\/pages\/5038","targetHints":{"allow":["GET"]}}],"collection":[{"href":"https:\/\/www.hosanbosco.gov.co\/en\/wp-json\/wp\/v2\/pages"}],"about":[{"href":"https:\/\/www.hosanbosco.gov.co\/en\/wp-json\/wp\/v2\/types\/page"}],"author":[{"embeddable":true,"href":"https:\/\/www.hosanbosco.gov.co\/en\/wp-json\/wp\/v2\/users\/1"}],"replies":[{"embeddable":true,"href":"https:\/\/www.hosanbosco.gov.co\/en\/wp-json\/wp\/v2\/comments?post=5038"}],"version-history":[{"count":2,"href":"https:\/\/www.hosanbosco.gov.co\/en\/wp-json\/wp\/v2\/pages\/5038\/revisions"}],"predecessor-version":[{"id":5040,"href":"https:\/\/www.hosanbosco.gov.co\/en\/wp-json\/wp\/v2\/pages\/5038\/revisions\/5040"}],"wp:attachment":[{"href":"https:\/\/www.hosanbosco.gov.co\/en\/wp-json\/wp\/v2\/media?parent=5038"}],"curies":[{"name":"wp","href":"https:\/\/api.w.org\/{rel}","templated":true}]}}