{"id":314,"date":"2023-04-14T16:17:25","date_gmt":"2023-04-14T21:17:25","guid":{"rendered":"https:\/\/www.hosanbosco.gov.co\/?page_id=314"},"modified":"2025-04-17T22:07:20","modified_gmt":"2025-04-18T03:07:20","slug":"rendicion-de-cuentas-2022","status":"publish","type":"page","link":"https:\/\/www.hosanbosco.gov.co\/en\/rendicion-de-cuentas-2022\/","title":{"rendered":"Rendici\u00f3n de Cuentas 2022"},"content":{"rendered":"<h2 class=\"wp-block-heading has-text-align-center has-large-font-size\"><strong>Rendici\u00f3n de Cuentas 2022<\/strong><\/h2>\n\n\n<div class=\"wp-block-image\">\n<figure class=\"aligncenter size-large is-resized\"><img loading=\"lazy\" decoding=\"async\" width=\"1024\" height=\"1024\" src=\"https:\/\/www.hosanbosco.gov.co\/wp-content\/uploads\/2025\/04\/rendicion_cuentas_2022-1024x1024.webp\" alt=\"\" class=\"wp-image-851\" style=\"width:668px;height:668px\" srcset=\"https:\/\/www.hosanbosco.gov.co\/wp-content\/uploads\/2025\/04\/rendicion_cuentas_2022-1024x1024.webp 1024w, https:\/\/www.hosanbosco.gov.co\/wp-content\/uploads\/2025\/04\/rendicion_cuentas_2022-300x300.webp 300w, https:\/\/www.hosanbosco.gov.co\/wp-content\/uploads\/2025\/04\/rendicion_cuentas_2022-150x150.webp 150w, https:\/\/www.hosanbosco.gov.co\/wp-content\/uploads\/2025\/04\/rendicion_cuentas_2022-768x768.webp 768w, https:\/\/www.hosanbosco.gov.co\/wp-content\/uploads\/2025\/04\/rendicion_cuentas_2022-12x12.webp 12w, https:\/\/www.hosanbosco.gov.co\/wp-content\/uploads\/2025\/04\/rendicion_cuentas_2022.webp 1200w\" sizes=\"auto, (max-width: 1024px) 100vw, 1024px\" \/><\/figure>\n<\/div>\n\n\n<p class=\"has-text-align-center\">POR MEDIO DE LA CUAL SE INVITA A LOS USUARIOS, GREMIOS, ORGANIZACIONES CIVILES, VEEDORES, FUNCIONARIOS Y CIUDADANIA EN GENERAL A PARTICIPAR ACTIVAMENTE EN LA AUDIENCIA PUBLICA PRESENCIAL Y VIRTUAL DE RENDICION DE CUENTAS CORRESPONDIENTE A LA VIGENCIA 2022, QUE TENDRA LUGAR EL DIA 23 DE JUNIO DE 2023 A LAS 02:30 P.M.<\/p>\n\n\n\n<p class=\"has-text-align-center\"><strong>OBJETIVO:<\/strong><br>Informar a los usuarios y Ciudadan\u00eda en general (Usuarios, Sindicato, Veedur\u00edas, Periodistas, Entes de Vigilancia y Control, Defensores de Derechos humanos, representantes de organizaciones civiles y funcionarios de la E.S.E. y EPS contratantes) para que participen dentro de un espacio de interlocuci\u00f3n, deliberaci\u00f3n y comunicaci\u00f3n del ejercicio de rendici\u00f3n de cuentas, garantizando un procedimiento presencial restringido y virtual, efectivo y transparente.<\/p>\n\n\n\n<p class=\"has-text-align-center\"><strong>INSCRIPCI\u00d3N AL EVENTO:<\/strong><br>Para la E.S.E. HOSPITAL SAN JUAN BOSCO es muy importante contar con su asistencia en la Audiencia P\u00fablica Virtual y Presencial de Rendici\u00f3n de Cuentas. Le invitamos a realizar su inscripci\u00f3n al evento en el siguiente enlace www.hosanbosco.gov.co, y a conectarse a trav\u00e9s de las redes sociales en Facebook y Instagram, donde se har\u00e1 la difusi\u00f3n de la rendici\u00f3n de cuentas, invitando a los ciudadanos a participar.<br>Se contar\u00e1 con el correo electr\u00f3nico&nbsp;<em><strong>rendiciondecuentas@hosanbosco.gov.co<\/strong><\/em>&nbsp;el cual estar\u00e1 habilitado para garantizar la participaci\u00f3n a la ciudadan\u00eda, el cual estar\u00e1 habilitado hasta el d\u00eda 21 de junio del 2023 hasta las 5:00 pm.<br>Las preguntas, observaciones o recomendaciones de participaci\u00f3n se deber\u00e1n allegar por medios virtuales:<\/p>\n\n\n\n<p class=\"has-text-align-center\">Email: rendiciondecuentas@hosanbosco.gov.co<\/p>\n\n\n\n<p class=\"has-text-align-center\">y a trav\u00e9s de las siguientes redes sociales de la E.S.E. HOSPITAL SAN JUAN BOSCO:<\/p>\n\n\n\n<p class=\"has-text-align-center\">Redes Sociales:<br>Instagram: www.instagram.com\/hosanbosco\/<br>Facebook: www.facebook.com\/hosanbosco\/<\/p>\n\n\n<div class=\"wp-block-image\">\n<figure class=\"aligncenter size-large is-resized\"><img loading=\"lazy\" decoding=\"async\" width=\"1024\" height=\"173\" src=\"https:\/\/www.hosanbosco.gov.co\/wp-content\/uploads\/2025\/04\/enlace1_rend_2022-1024x173.webp\" alt=\"\" class=\"wp-image-865\" style=\"object-fit:contain;width:768px;height:130px\" srcset=\"https:\/\/www.hosanbosco.gov.co\/wp-content\/uploads\/2025\/04\/enlace1_rend_2022-1024x173.webp 1024w, https:\/\/www.hosanbosco.gov.co\/wp-content\/uploads\/2025\/04\/enlace1_rend_2022-300x51.webp 300w, https:\/\/www.hosanbosco.gov.co\/wp-content\/uploads\/2025\/04\/enlace1_rend_2022-768x130.webp 768w, https:\/\/www.hosanbosco.gov.co\/wp-content\/uploads\/2025\/04\/enlace1_rend_2022-1536x259.webp 1536w, https:\/\/www.hosanbosco.gov.co\/wp-content\/uploads\/2025\/04\/enlace1_rend_2022-2048x346.webp 2048w, https:\/\/www.hosanbosco.gov.co\/wp-content\/uploads\/2025\/04\/enlace1_rend_2022-18x3.webp 18w\" sizes=\"auto, (max-width: 1024px) 100vw, 1024px\" \/><\/figure>\n<\/div>\n\n<div class=\"wp-block-image\">\n<figure class=\"aligncenter size-large is-resized\"><img loading=\"lazy\" decoding=\"async\" width=\"1024\" height=\"173\" src=\"https:\/\/www.hosanbosco.gov.co\/wp-content\/uploads\/2025\/04\/enlace2_rend_2022-1024x173.webp\" alt=\"\" class=\"wp-image-866\" style=\"object-fit:contain;width:768px;height:130px\" srcset=\"https:\/\/www.hosanbosco.gov.co\/wp-content\/uploads\/2025\/04\/enlace2_rend_2022-1024x173.webp 1024w, https:\/\/www.hosanbosco.gov.co\/wp-content\/uploads\/2025\/04\/enlace2_rend_2022-300x51.webp 300w, https:\/\/www.hosanbosco.gov.co\/wp-content\/uploads\/2025\/04\/enlace2_rend_2022-768x130.webp 768w, https:\/\/www.hosanbosco.gov.co\/wp-content\/uploads\/2025\/04\/enlace2_rend_2022-1536x259.webp 1536w, https:\/\/www.hosanbosco.gov.co\/wp-content\/uploads\/2025\/04\/enlace2_rend_2022-2048x346.webp 2048w, https:\/\/www.hosanbosco.gov.co\/wp-content\/uploads\/2025\/04\/enlace2_rend_2022-18x3.webp 18w\" sizes=\"auto, (max-width: 1024px) 100vw, 1024px\" \/><\/figure>\n<\/div>\n\n\n<ul class=\"wp-block-list\">\n<li><a href=\"https:\/\/www.hosanbosco.gov.co\/files\/participa\/rendiciones\/2022\/REGLAMENTO_AUDIENCIA_HSJB_VIG_2022.pdf\" data-type=\"URL\" data-id=\"https:\/\/www.hosanbosco.gov.co\/files\/participa\/rendiciones\/2022\/REGLAMENTO_AUDIENCIA_HSJB_VIG_2022.pdf\" target=\"_blank\" rel=\"noreferrer noopener\">Reglamento Audiencia P\u00fablica Vigencia 2022<\/a><\/li>\n\n\n\n<li><a href=\"https:\/\/www.hosanbosco.gov.co\/files\/participa\/rendiciones\/2022\/ESTADO_SITUACION_FINANCIERA_2022.pdf\" data-type=\"URL\" data-id=\"https:\/\/www.hosanbosco.gov.co\/files\/participa\/rendiciones\/2022\/ESTADO_SITUACION_FINANCIERA_2022.pdf\" target=\"_blank\" rel=\"noreferrer noopener\">Estado De Situaci\u00f3n Financiera 2022<\/a><\/li>\n\n\n\n<li><a href=\"https:\/\/www.hosanbosco.gov.co\/files\/participa\/rendiciones\/2022\/FORMATO_PRESENTACION_PROPUESTA_2022.pdf\" data-type=\"URL\" data-id=\"https:\/\/www.hosanbosco.gov.co\/files\/participa\/rendiciones\/2022\/FORMATO_PRESENTACION_PROPUESTA_2022.pdf\" target=\"_blank\" rel=\"noreferrer noopener\">Formato de Presentaci\u00f3n de Propuesta<\/a><\/li>\n\n\n\n<li><a href=\"https:\/\/www.hosanbosco.gov.co\/files\/participa\/rendiciones\/2022\/EJECUCION_ACUMULADA_INGRESOS_Y_GASTOS_2022.pdf\" data-type=\"URL\" data-id=\"https:\/\/www.hosanbosco.gov.co\/files\/participa\/rendiciones\/2022\/EJECUCION_ACUMULADA_INGRESOS_Y_GASTOS_2022.pdf\" target=\"_blank\" rel=\"noreferrer noopener\">Ejecuci\u00f3n Acumulada \u2013 Ingresos y Gastos 2022<\/a><\/li>\n\n\n\n<li>Informe PQRSF 2021<\/li>\n<\/ul>","protected":false},"excerpt":{"rendered":"<p>Rendici\u00f3n de Cuentas 2022 POR MEDIO DE LA CUAL SE INVITA A LOS USUARIOS, GREMIOS, ORGANIZACIONES CIVILES, VEEDORES, FUNCIONARIOS Y CIUDADANIA EN GENERAL A PARTICIPAR ACTIVAMENTE EN LA AUDIENCIA PUBLICA PRESENCIAL Y VIRTUAL DE RENDICION DE CUENTAS CORRESPONDIENTE A LA VIGENCIA 2022, QUE TENDRA LUGAR EL DIA 23 DE JUNIO DE 2023 A LAS 02:30&hellip;&nbsp;<a href=\"https:\/\/www.hosanbosco.gov.co\/en\/rendicion-de-cuentas-2022\/\" rel=\"bookmark\">Read More &raquo;<span class=\"screen-reader-text\">Rendici\u00f3n de Cuentas 2022<\/span><\/a><\/p>","protected":false},"author":1,"featured_media":0,"parent":0,"menu_order":0,"comment_status":"closed","ping_status":"closed","template":"","meta":{"neve_meta_sidebar":"","neve_meta_container":"","neve_meta_enable_content_width":"off","neve_meta_content_width":70,"neve_meta_title_alignment":"center","neve_meta_author_avatar":"","neve_post_elements_order":"","neve_meta_disable_header":"off","neve_meta_disable_footer":"","neve_meta_disable_title":"on","footnotes":""},"class_list":["post-314","page","type-page","status-publish","hentry"],"yoast_head":"<!-- This site is optimized with the Yoast SEO plugin v27.4 - https:\/\/yoast.com\/product\/yoast-seo-wordpress\/ -->\n<title>Rendici\u00f3n de Cuentas 2022 - Hospital San Juan Bosco<\/title>\n<meta name=\"robots\" content=\"index, follow, max-snippet:-1, max-image-preview:large, max-video-preview:-1\" \/>\n<link rel=\"canonical\" href=\"https:\/\/www.hosanbosco.gov.co\/en\/rendicion-de-cuentas-2022\/\" \/>\n<meta property=\"og:locale\" content=\"en_US\" \/>\n<meta property=\"og:type\" content=\"article\" \/>\n<meta property=\"og:title\" content=\"Rendici\u00f3n de Cuentas 2022 - Hospital San Juan Bosco\" \/>\n<meta property=\"og:description\" content=\"Rendici\u00f3n de Cuentas 2022 POR MEDIO DE LA CUAL SE INVITA A LOS USUARIOS, GREMIOS, ORGANIZACIONES CIVILES, VEEDORES, FUNCIONARIOS Y CIUDADANIA EN GENERAL A PARTICIPAR ACTIVAMENTE EN LA AUDIENCIA PUBLICA PRESENCIAL Y VIRTUAL DE RENDICION DE CUENTAS CORRESPONDIENTE A LA VIGENCIA 2022, QUE TENDRA LUGAR EL DIA 23 DE JUNIO DE 2023 A LAS 02:30&hellip;&nbsp;Read More &raquo;Rendici\u00f3n de Cuentas 2022\" \/>\n<meta property=\"og:url\" content=\"https:\/\/www.hosanbosco.gov.co\/en\/rendicion-de-cuentas-2022\/\" \/>\n<meta property=\"og:site_name\" content=\"Hospital San Juan Bosco\" \/>\n<meta property=\"article:publisher\" content=\"https:\/\/www.facebook.com\/hosanbosco\" \/>\n<meta property=\"article:modified_time\" content=\"2025-04-18T03:07:20+00:00\" \/>\n<meta name=\"twitter:card\" content=\"summary_large_image\" \/>\n<meta name=\"twitter:label1\" content=\"Est. reading time\" \/>\n\t<meta name=\"twitter:data1\" content=\"2 minutes\" \/>\n<script type=\"application\/ld+json\" class=\"yoast-schema-graph\">{\"@context\":\"https:\\\/\\\/schema.org\",\"@graph\":[{\"@type\":\"WebPage\",\"@id\":\"https:\\\/\\\/www.hosanbosco.gov.co\\\/rendicion-de-cuentas-2022\\\/\",\"url\":\"https:\\\/\\\/www.hosanbosco.gov.co\\\/rendicion-de-cuentas-2022\\\/\",\"name\":\"Rendici\u00f3n de Cuentas 2022 - Hospital San Juan Bosco\",\"isPartOf\":{\"@id\":\"https:\\\/\\\/www.hosanbosco.gov.co\\\/#website\"},\"primaryImageOfPage\":{\"@id\":\"https:\\\/\\\/www.hosanbosco.gov.co\\\/rendicion-de-cuentas-2022\\\/#primaryimage\"},\"image\":{\"@id\":\"https:\\\/\\\/www.hosanbosco.gov.co\\\/rendicion-de-cuentas-2022\\\/#primaryimage\"},\"thumbnailUrl\":\"https:\\\/\\\/www.hosanbosco.gov.co\\\/wp-content\\\/uploads\\\/2025\\\/04\\\/rendicion_cuentas_2022-1024x1024.webp\",\"datePublished\":\"2023-04-14T21:17:25+00:00\",\"dateModified\":\"2025-04-18T03:07:20+00:00\",\"breadcrumb\":{\"@id\":\"https:\\\/\\\/www.hosanbosco.gov.co\\\/rendicion-de-cuentas-2022\\\/#breadcrumb\"},\"inLanguage\":\"en-US\",\"potentialAction\":[{\"@type\":\"ReadAction\",\"target\":[\"https:\\\/\\\/www.hosanbosco.gov.co\\\/rendicion-de-cuentas-2022\\\/\"]}]},{\"@type\":\"ImageObject\",\"inLanguage\":\"en-US\",\"@id\":\"https:\\\/\\\/www.hosanbosco.gov.co\\\/rendicion-de-cuentas-2022\\\/#primaryimage\",\"url\":\"https:\\\/\\\/www.hosanbosco.gov.co\\\/wp-content\\\/uploads\\\/2025\\\/04\\\/rendicion_cuentas_2022-1024x1024.webp\",\"contentUrl\":\"https:\\\/\\\/www.hosanbosco.gov.co\\\/wp-content\\\/uploads\\\/2025\\\/04\\\/rendicion_cuentas_2022-1024x1024.webp\"},{\"@type\":\"BreadcrumbList\",\"@id\":\"https:\\\/\\\/www.hosanbosco.gov.co\\\/rendicion-de-cuentas-2022\\\/#breadcrumb\",\"itemListElement\":[{\"@type\":\"ListItem\",\"position\":1,\"name\":\"Portada\",\"item\":\"https:\\\/\\\/www.hosanbosco.gov.co\\\/\"},{\"@type\":\"ListItem\",\"position\":2,\"name\":\"Rendici\u00f3n de Cuentas 2022\"}]},{\"@type\":\"WebSite\",\"@id\":\"https:\\\/\\\/www.hosanbosco.gov.co\\\/#website\",\"url\":\"https:\\\/\\\/www.hosanbosco.gov.co\\\/\",\"name\":\"Hospital San Juan Bosco E.S.E.\",\"description\":\"Empresa Social del Estado\",\"publisher\":{\"@id\":\"https:\\\/\\\/www.hosanbosco.gov.co\\\/#organization\"},\"alternateName\":\"hosanbosco\",\"potentialAction\":[{\"@type\":\"SearchAction\",\"target\":{\"@type\":\"EntryPoint\",\"urlTemplate\":\"https:\\\/\\\/www.hosanbosco.gov.co\\\/?s={search_term_string}\"},\"query-input\":{\"@type\":\"PropertyValueSpecification\",\"valueRequired\":true,\"valueName\":\"search_term_string\"}}],\"inLanguage\":\"en-US\"},{\"@type\":\"Organization\",\"@id\":\"https:\\\/\\\/www.hosanbosco.gov.co\\\/#organization\",\"name\":\"Hospital San Juan Bosco E.S.E.\",\"url\":\"https:\\\/\\\/www.hosanbosco.gov.co\\\/\",\"logo\":{\"@type\":\"ImageObject\",\"inLanguage\":\"en-US\",\"@id\":\"https:\\\/\\\/www.hosanbosco.gov.co\\\/#\\\/schema\\\/logo\\\/image\\\/\",\"url\":\"\",\"contentUrl\":\"\",\"caption\":\"Hospital San Juan Bosco E.S.E.\"},\"image\":{\"@id\":\"https:\\\/\\\/www.hosanbosco.gov.co\\\/#\\\/schema\\\/logo\\\/image\\\/\"},\"sameAs\":[\"https:\\\/\\\/www.facebook.com\\\/hosanbosco\"]}]}<\/script>\n<!-- \/ Yoast SEO plugin. -->","yoast_head_json":{"title":"Rendici\u00f3n de Cuentas 2022 - Hospital San Juan Bosco","robots":{"index":"index","follow":"follow","max-snippet":"max-snippet:-1","max-image-preview":"max-image-preview:large","max-video-preview":"max-video-preview:-1"},"canonical":"https:\/\/www.hosanbosco.gov.co\/en\/rendicion-de-cuentas-2022\/","og_locale":"en_US","og_type":"article","og_title":"Rendici\u00f3n de Cuentas 2022 - Hospital San Juan Bosco","og_description":"Rendici\u00f3n de Cuentas 2022 POR MEDIO DE LA CUAL SE INVITA A LOS USUARIOS, GREMIOS, ORGANIZACIONES CIVILES, VEEDORES, FUNCIONARIOS Y CIUDADANIA EN GENERAL A PARTICIPAR ACTIVAMENTE EN LA AUDIENCIA PUBLICA PRESENCIAL Y VIRTUAL DE RENDICION DE CUENTAS CORRESPONDIENTE A LA VIGENCIA 2022, QUE TENDRA LUGAR EL DIA 23 DE JUNIO DE 2023 A LAS 02:30&hellip;&nbsp;Read More &raquo;Rendici\u00f3n de Cuentas 2022","og_url":"https:\/\/www.hosanbosco.gov.co\/en\/rendicion-de-cuentas-2022\/","og_site_name":"Hospital San Juan Bosco","article_publisher":"https:\/\/www.facebook.com\/hosanbosco","article_modified_time":"2025-04-18T03:07:20+00:00","twitter_card":"summary_large_image","twitter_misc":{"Est. reading time":"2 minutes"},"schema":{"@context":"https:\/\/schema.org","@graph":[{"@type":"WebPage","@id":"https:\/\/www.hosanbosco.gov.co\/rendicion-de-cuentas-2022\/","url":"https:\/\/www.hosanbosco.gov.co\/rendicion-de-cuentas-2022\/","name":"Rendici\u00f3n de Cuentas 2022 - Hospital San Juan Bosco","isPartOf":{"@id":"https:\/\/www.hosanbosco.gov.co\/#website"},"primaryImageOfPage":{"@id":"https:\/\/www.hosanbosco.gov.co\/rendicion-de-cuentas-2022\/#primaryimage"},"image":{"@id":"https:\/\/www.hosanbosco.gov.co\/rendicion-de-cuentas-2022\/#primaryimage"},"thumbnailUrl":"https:\/\/www.hosanbosco.gov.co\/wp-content\/uploads\/2025\/04\/rendicion_cuentas_2022-1024x1024.webp","datePublished":"2023-04-14T21:17:25+00:00","dateModified":"2025-04-18T03:07:20+00:00","breadcrumb":{"@id":"https:\/\/www.hosanbosco.gov.co\/rendicion-de-cuentas-2022\/#breadcrumb"},"inLanguage":"en-US","potentialAction":[{"@type":"ReadAction","target":["https:\/\/www.hosanbosco.gov.co\/rendicion-de-cuentas-2022\/"]}]},{"@type":"ImageObject","inLanguage":"en-US","@id":"https:\/\/www.hosanbosco.gov.co\/rendicion-de-cuentas-2022\/#primaryimage","url":"https:\/\/www.hosanbosco.gov.co\/wp-content\/uploads\/2025\/04\/rendicion_cuentas_2022-1024x1024.webp","contentUrl":"https:\/\/www.hosanbosco.gov.co\/wp-content\/uploads\/2025\/04\/rendicion_cuentas_2022-1024x1024.webp"},{"@type":"BreadcrumbList","@id":"https:\/\/www.hosanbosco.gov.co\/rendicion-de-cuentas-2022\/#breadcrumb","itemListElement":[{"@type":"ListItem","position":1,"name":"Portada","item":"https:\/\/www.hosanbosco.gov.co\/"},{"@type":"ListItem","position":2,"name":"Rendici\u00f3n de Cuentas 2022"}]},{"@type":"WebSite","@id":"https:\/\/www.hosanbosco.gov.co\/#website","url":"https:\/\/www.hosanbosco.gov.co\/","name":"Hospital San Juan Bosco E.S.E.","description":"Empresa Social del Estado","publisher":{"@id":"https:\/\/www.hosanbosco.gov.co\/#organization"},"alternateName":"hosanbosco","potentialAction":[{"@type":"SearchAction","target":{"@type":"EntryPoint","urlTemplate":"https:\/\/www.hosanbosco.gov.co\/?s={search_term_string}"},"query-input":{"@type":"PropertyValueSpecification","valueRequired":true,"valueName":"search_term_string"}}],"inLanguage":"en-US"},{"@type":"Organization","@id":"https:\/\/www.hosanbosco.gov.co\/#organization","name":"Hospital San Juan Bosco E.S.E.","url":"https:\/\/www.hosanbosco.gov.co\/","logo":{"@type":"ImageObject","inLanguage":"en-US","@id":"https:\/\/www.hosanbosco.gov.co\/#\/schema\/logo\/image\/","url":"","contentUrl":"","caption":"Hospital San Juan Bosco E.S.E."},"image":{"@id":"https:\/\/www.hosanbosco.gov.co\/#\/schema\/logo\/image\/"},"sameAs":["https:\/\/www.facebook.com\/hosanbosco"]}]}},"_links":{"self":[{"href":"https:\/\/www.hosanbosco.gov.co\/en\/wp-json\/wp\/v2\/pages\/314","targetHints":{"allow":["GET"]}}],"collection":[{"href":"https:\/\/www.hosanbosco.gov.co\/en\/wp-json\/wp\/v2\/pages"}],"about":[{"href":"https:\/\/www.hosanbosco.gov.co\/en\/wp-json\/wp\/v2\/types\/page"}],"author":[{"embeddable":true,"href":"https:\/\/www.hosanbosco.gov.co\/en\/wp-json\/wp\/v2\/users\/1"}],"replies":[{"embeddable":true,"href":"https:\/\/www.hosanbosco.gov.co\/en\/wp-json\/wp\/v2\/comments?post=314"}],"version-history":[{"count":21,"href":"https:\/\/www.hosanbosco.gov.co\/en\/wp-json\/wp\/v2\/pages\/314\/revisions"}],"predecessor-version":[{"id":867,"href":"https:\/\/www.hosanbosco.gov.co\/en\/wp-json\/wp\/v2\/pages\/314\/revisions\/867"}],"wp:attachment":[{"href":"https:\/\/www.hosanbosco.gov.co\/en\/wp-json\/wp\/v2\/media?parent=314"}],"curies":[{"name":"wp","href":"https:\/\/api.w.org\/{rel}","templated":true}]}}