{"id":304,"date":"2023-02-24T12:34:51","date_gmt":"2023-02-24T17:34:51","guid":{"rendered":"https:\/\/www.hosanbosco.gov.co\/?page_id=304"},"modified":"2026-01-31T13:12:02","modified_gmt":"2026-01-31T18:12:02","slug":"planes-2023-decreto-612-de-2018","status":"publish","type":"page","link":"https:\/\/www.hosanbosco.gov.co\/en\/planes-2023-decreto-612-de-2018\/","title":{"rendered":"Planes (Decreto 612 de 2018)"},"content":{"rendered":"<div style=\"height:30px\" aria-hidden=\"true\" class=\"wp-block-spacer\"><\/div>\n\n\n\n<h2 class=\"wp-block-heading has-text-align-center\">Planes (Decreto 612 de 2018)<\/h2>\n\n\n\n<hr class=\"wp-block-separator has-alpha-channel-opacity\"\/>\n\n\n\n<h2 class=\"wp-block-heading has-large-font-size\">Planes 2026<\/h2>\n\n\n\n<ul class=\"wp-block-list\">\n<li><a href=\"https:\/\/www.hosanbosco.gov.co\/files\/planes_decreto_612_2018\/2026\/1_PINAR_2026.pdf\" type=\"link\" id=\"https:\/\/www.hosanbosco.gov.co\/files\/planes_decreto_612_2018\/2026\/1_PINAR_2026.pdf\" target=\"_blank\" rel=\"noreferrer noopener\">Plan Institucional de Archivos \u2013 PINAR.<\/a><\/li>\n\n\n\n<li>Plan Anual de Adquisiciones.<\/li>\n\n\n\n<li><a href=\"https:\/\/www.hosanbosco.gov.co\/files\/planes_decreto_612_2018\/2026\/3_PLAN_ANUAL_DE_VACANTES_2026.pdf\" type=\"link\" id=\"https:\/\/www.hosanbosco.gov.co\/files\/planes_decreto_612_2018\/2026\/3_PLAN_ANUAL_DE_VACANTES_2026.pdf\" target=\"_blank\" rel=\"noreferrer noopener\">Plan Anual de Vacantes.<\/a><\/li>\n\n\n\n<li><a href=\"https:\/\/www.hosanbosco.gov.co\/files\/planes_decreto_612_2018\/2026\/4_PLAN_DE_PREVISION_2026.pdf\" type=\"link\" id=\"https:\/\/www.hosanbosco.gov.co\/files\/planes_decreto_612_2018\/2026\/4_PLAN_DE_PREVISION_2026.pdf\" target=\"_blank\" rel=\"noreferrer noopener\">Plan de Previsi\u00f3n de Recursos Humanos.<\/a><\/li>\n\n\n\n<li><a href=\"https:\/\/www.hosanbosco.gov.co\/files\/planes_decreto_612_2018\/2026\/5_PLAN_ESTRATEGICO_DE_TALENTO_HUAMANO_2026.pdf\" type=\"link\" id=\"https:\/\/www.hosanbosco.gov.co\/files\/planes_decreto_612_2018\/2026\/5_PLAN_ESTRATEGICO_DE_TALENTO_HUAMANO_2026.pdf\" target=\"_blank\" rel=\"noreferrer noopener\">Plan Estrat\u00e9gico de Talento Humano.<\/a><\/li>\n\n\n\n<li><a href=\"https:\/\/www.hosanbosco.gov.co\/files\/planes_decreto_612_2018\/2026\/6_PLAN_INSTITUCIONAL_DE_FORMACION_Y_CAPACITACION_2026.pdf\" type=\"link\" id=\"https:\/\/www.hosanbosco.gov.co\/files\/planes_decreto_612_2018\/2026\/6_PLAN_INSTITUCIONAL_DE_FORMACION_Y_CAPACITACION_2026.pdf\" target=\"_blank\" rel=\"noreferrer noopener\">Plan Institucional de Capacitaciones.<\/a><\/li>\n\n\n\n<li><a href=\"https:\/\/www.hosanbosco.gov.co\/files\/planes_decreto_612_2018\/2026\/7_PROGRAMA_DE_BIENESTAR_Y_ESTIMULOS_2026.pdf\" type=\"link\" id=\"https:\/\/www.hosanbosco.gov.co\/files\/planes_decreto_612_2018\/2026\/7_PROGRAMA_DE_BIENESTAR_Y_ESTIMULOS_2026.pdf\" target=\"_blank\" rel=\"noreferrer noopener\">Plan de Bienestar Social E Incentivos.<\/a><\/li>\n\n\n\n<li><a href=\"https:\/\/www.hosanbosco.gov.co\/files\/planes_decreto_612_2018\/2026\/8_PLAN_TRABAJO_SG_SST_2026.xlsx\" type=\"link\" id=\"https:\/\/www.hosanbosco.gov.co\/files\/planes_decreto_612_2018\/2026\/8_PLAN_TRABAJO_SG_SST_2026.xlsx\" target=\"_blank\" rel=\"noreferrer noopener\">Plan de Trabajo Anual de Seguridad y Salud en el Trabajo.<\/a><\/li>\n\n\n\n<li><a href=\"https:\/\/www.hosanbosco.gov.co\/files\/planes_decreto_612_2018\/2026\/9_PTEP_2026.pdf\" type=\"link\" id=\"https:\/\/www.hosanbosco.gov.co\/files\/planes_decreto_612_2018\/2026\/9_PTEP_2026.pdf\" target=\"_blank\" rel=\"noreferrer noopener\">Plan Anticorrupci\u00f3n y Servicio al Ciudadano.<\/a><\/li>\n\n\n\n<li><a data-type=\"link\" data-id=\"https:\/\/www.hosanbosco.gov.co\/files\/planes_decreto_612_2018\/2024\/10_PETI_HSJB_2024.pdf\" href=\"https:\/\/www.hosanbosco.gov.co\/files\/planes_decreto_612_2018\/2024\/10_PETI_HSJB_2024.pdf\" target=\"_blank\" rel=\"noreferrer noopener\">Plan Estrat\u00e9gico de Tecnolog\u00edas de Informaci\u00f3n y las Comunicaciones (PETI).<\/a><\/li>\n\n\n\n<li><a href=\"https:\/\/www.hosanbosco.gov.co\/files\/planes_decreto_612_2018\/2024\/11_Plan_de_Tratamiento_de_Riesgos_de_Seguridad_y_Privacidadde_la_Iinformacion_HSJB_2024.pdf\" data-type=\"link\" data-id=\"https:\/\/www.hosanbosco.gov.co\/files\/planes_decreto_612_2018\/2024\/11_Plan_de_Tratamiento_de_Riesgos_de_Seguridad_y_Privacidadde_la_Iinformacion_HSJB_2024.pdf\" target=\"_blank\" rel=\"noreferrer noopener\">Plan de Tratamiento de Riesgos de Seguridad y Privacidad de la Informaci\u00f3n.<\/a><\/li>\n\n\n\n<li><a data-type=\"link\" data-id=\"https:\/\/www.hosanbosco.gov.co\/files\/planes_decreto_612_2018\/2024\/12_Plan_de_Seguridad_y_Privacidad_de_la_Informacion_HSJB_2024.pdf\" href=\"https:\/\/www.hosanbosco.gov.co\/files\/planes_decreto_612_2018\/2024\/12_Plan_de_Seguridad_y_Privacidad_de_la_Informacion_HSJB_2024.pdf\" target=\"_blank\" rel=\"noreferrer noopener\">Plan de Seguridad y Privacidad de la Informaci\u00f3n.<\/a><\/li>\n<\/ul>\n\n\n\n<hr class=\"wp-block-separator has-alpha-channel-opacity\"\/>\n\n\n\n<h2 class=\"wp-block-heading has-large-font-size\">Planes 2025<\/h2>\n\n\n\n<ul class=\"wp-block-list\">\n<li>Plan Institucional de Archivos \u2013 PINAR.<\/li>\n\n\n\n<li>Plan Anual de Adquisiciones.<\/li>\n\n\n\n<li><a href=\"https:\/\/www.hosanbosco.gov.co\/files\/planes_decreto_612_2018\/2025\/03_Plan_Anual_De_Vacantes.pdf\" data-type=\"link\" data-id=\"https:\/\/www.hosanbosco.gov.co\/files\/planes_decreto_612_2018\/2025\/03_Plan_Anual_De_Vacantes.pdf\" target=\"_blank\" rel=\"noreferrer noopener\">Plan Anual de Vacantes.<\/a><\/li>\n\n\n\n<li>Plan de Previsi\u00f3n de Recursos Humanos.<\/li>\n\n\n\n<li><a href=\"https:\/\/www.hosanbosco.gov.co\/files\/planes_decreto_612_2018\/2025\/05_Plan_Estrategico_De_Talento_Humano.pdf\" data-type=\"link\" data-id=\"https:\/\/www.hosanbosco.gov.co\/files\/planes_decreto_612_2018\/2025\/05_Plan_Estrategico_De_Talento_Humano.pdf\" target=\"_blank\" rel=\"noreferrer noopener\">Plan Estrat\u00e9gico de Talento Humano.<\/a><\/li>\n\n\n\n<li><a href=\"https:\/\/www.hosanbosco.gov.co\/files\/planes_decreto_612_2018\/2025\/06_Plan_Institucional_De_Capacitaciones.pdf\" data-type=\"link\" data-id=\"https:\/\/www.hosanbosco.gov.co\/files\/planes_decreto_612_2018\/2025\/06_Plan_Institucional_De_Capacitaciones.pdf\" target=\"_blank\" rel=\"noreferrer noopener\">Plan Institucional de Capacitaciones.<\/a><\/li>\n\n\n\n<li><a href=\"https:\/\/www.hosanbosco.gov.co\/files\/planes_decreto_612_2018\/2025\/07_Plan_De_Bienestar_Social_E_Incentivos.pdf\" data-type=\"link\" data-id=\"https:\/\/www.hosanbosco.gov.co\/files\/planes_decreto_612_2018\/2025\/07_Plan_De_Bienestar_Social_E_Incentivos.pdf\" target=\"_blank\" rel=\"noreferrer noopener\">Plan de Bienestar Social E Incentivos.<\/a><\/li>\n\n\n\n<li><a href=\"https:\/\/www.hosanbosco.gov.co\/files\/planes_decreto_612_2018\/2025\/08_Plan_De_Trabajo_Anual_SST.pdf\" data-type=\"link\" data-id=\"https:\/\/www.hosanbosco.gov.co\/files\/planes_decreto_612_2018\/2025\/08_Plan_De_Trabajo_Anual_SST.pdf\" target=\"_blank\" rel=\"noreferrer noopener\">Plan de Trabajo Anual de Seguridad y Salud en el Trabajo.<\/a><\/li>\n\n\n\n<li><a href=\"https:\/\/www.hosanbosco.gov.co\/files\/planes_decreto_612_2018\/2025\/09_Plan_Anticorrupcion.pdf\" data-type=\"link\" data-id=\"https:\/\/www.hosanbosco.gov.co\/files\/planes_decreto_612_2018\/2025\/09_Plan_Anticorrupcion.pdf\" target=\"_blank\" rel=\"noreferrer noopener\">Plan Anticorrupci\u00f3n y Servicio al Ciudadano.<\/a><\/li>\n\n\n\n<li><a data-type=\"link\" data-id=\"https:\/\/www.hosanbosco.gov.co\/files\/planes_decreto_612_2018\/2024\/10_PETI_HSJB_2024.pdf\" href=\"https:\/\/www.hosanbosco.gov.co\/files\/planes_decreto_612_2018\/2024\/10_PETI_HSJB_2024.pdf\" target=\"_blank\" rel=\"noreferrer noopener\">Plan Estrat\u00e9gico de Tecnolog\u00edas de Informaci\u00f3n y las Comunicaciones (PETI).<\/a><\/li>\n\n\n\n<li><a href=\"https:\/\/www.hosanbosco.gov.co\/files\/planes_decreto_612_2018\/2024\/11_Plan_de_Tratamiento_de_Riesgos_de_Seguridad_y_Privacidadde_la_Iinformacion_HSJB_2024.pdf\" data-type=\"link\" data-id=\"https:\/\/www.hosanbosco.gov.co\/files\/planes_decreto_612_2018\/2024\/11_Plan_de_Tratamiento_de_Riesgos_de_Seguridad_y_Privacidadde_la_Iinformacion_HSJB_2024.pdf\" target=\"_blank\" rel=\"noreferrer noopener\">Plan de Tratamiento de Riesgos de Seguridad y Privacidad de la Informaci\u00f3n.<\/a><\/li>\n\n\n\n<li><a data-type=\"link\" data-id=\"https:\/\/www.hosanbosco.gov.co\/files\/planes_decreto_612_2018\/2024\/12_Plan_de_Seguridad_y_Privacidad_de_la_Informacion_HSJB_2024.pdf\" href=\"https:\/\/www.hosanbosco.gov.co\/files\/planes_decreto_612_2018\/2024\/12_Plan_de_Seguridad_y_Privacidad_de_la_Informacion_HSJB_2024.pdf\" target=\"_blank\" rel=\"noreferrer noopener\">Plan de Seguridad y Privacidad de la Informaci\u00f3n.<\/a><\/li>\n<\/ul>\n\n\n\n<hr class=\"wp-block-separator has-alpha-channel-opacity\"\/>\n\n\n\n<h2 class=\"wp-block-heading has-large-font-size\">Planes 2024<\/h2>\n\n\n\n<ul class=\"wp-block-list\">\n<li><a data-type=\"link\" data-id=\"https:\/\/www.hosanbosco.gov.co\/files\/planes_decreto_612_2018\/2024\/01_PINAR_HSJB_2024.pdf\" href=\"https:\/\/www.hosanbosco.gov.co\/files\/planes_decreto_612_2018\/2024\/01_PINAR_HSJB_2024.pdf\" target=\"_blank\" rel=\"noreferrer noopener\">Plan Institucional de Archivos \u2013 PINAR.<\/a><\/li>\n\n\n\n<li><a href=\"https:\/\/www.hosanbosco.gov.co\/files\/planes_decreto_612_2018\/2024\/02_PAA_HSJB_2024.xlsx\" data-type=\"link\" data-id=\"https:\/\/www.hosanbosco.gov.co\/files\/planes_decreto_612_2018\/2024\/02_PAA_HSJB_2024.xlsx\" target=\"_blank\" rel=\"noreferrer noopener\">Plan Anual de Adquisiciones.<\/a><\/li>\n\n\n\n<li><a href=\"https:\/\/www.hosanbosco.gov.co\/files\/planes_decreto_612_2018\/2024\/03_Plan_Anual_de_Vacantes_HSJB_2024.pdf\" data-type=\"link\" data-id=\"https:\/\/www.hosanbosco.gov.co\/files\/planes_decreto_612_2018\/2024\/03_Plan_Anual_de_Vacantes_HSJB_2024.pdf\" target=\"_blank\" rel=\"noreferrer noopener\">Plan Anual de Vacantes.<\/a><\/li>\n\n\n\n<li><a href=\"https:\/\/www.hosanbosco.gov.co\/files\/planes_decreto_612_2018\/2024\/04_Plan_Anual_de_Prevision_HSJB_2024.pdf\" data-type=\"link\" data-id=\"https:\/\/www.hosanbosco.gov.co\/files\/planes_decreto_612_2018\/2024\/04_Plan_Anual_de_Prevision_HSJB_2024.pdf\" target=\"_blank\" rel=\"noreferrer noopener\">Plan de Previsi\u00f3n de Recursos Humanos.<\/a><\/li>\n\n\n\n<li><a href=\"https:\/\/www.hosanbosco.gov.co\/files\/planes_decreto_612_2018\/2024\/05_Plan_Estrategico_Talento_Humano_2024_HSJB.pdf\" data-type=\"link\" data-id=\"https:\/\/www.hosanbosco.gov.co\/files\/planes_decreto_612_2018\/2024\/05_Plan_Estrategico_Talento_Humano_2024_HSJB.pdf.pdf\" target=\"_blank\" rel=\"noreferrer noopener\">Plan Estrat\u00e9gico de Talento Humano.<\/a><\/li>\n\n\n\n<li><a href=\"https:\/\/www.hosanbosco.gov.co\/files\/planes_decreto_612_2018\/2024\/06_Plan_Institucional_de_Capacitaciones_HSJB_2024.pdf\" target=\"_blank\" rel=\"noreferrer noopener\">Plan Institucional de Capacitaciones.<\/a><\/li>\n\n\n\n<li><a href=\"https:\/\/www.hosanbosco.gov.co\/files\/planes_decreto_612_2018\/2024\/07_Programa_de_Bienestar_Social_HSJB_2024.pdf\" data-type=\"link\" data-id=\"https:\/\/www.hosanbosco.gov.co\/files\/planes_decreto_612_2018\/2024\/07_Programa_de_Bienestar_Social_HSJB_2024.pdf\" target=\"_blank\" rel=\"noreferrer noopener\">Plan de Bienestar Social E Incentivos.<\/a><\/li>\n\n\n\n<li>Plan de Trabajo Anual de Seguridad y Salud en el Trabajo.<\/li>\n\n\n\n<li><a href=\"https:\/\/www.hosanbosco.gov.co\/files\/planes_decreto_612_2018\/2024\/08_Plan_Anticorrupcion_HSJB_2024.pdf\" data-type=\"link\" data-id=\"https:\/\/www.hosanbosco.gov.co\/files\/planes_decreto_612_2018\/2024\/08_Plan_Anticorrupcion_HSJB_2024.pdf\" target=\"_blank\" rel=\"noreferrer noopener\">Plan Anticorrupci\u00f3n y Servicio al Ciudadano.<\/a><\/li>\n\n\n\n<li><a href=\"https:\/\/www.hosanbosco.gov.co\/files\/planes_decreto_612_2018\/2024\/10_PETI_HSJB_2024.pdf\" data-type=\"link\" data-id=\"https:\/\/www.hosanbosco.gov.co\/files\/planes_decreto_612_2018\/2024\/10_PETI_HSJB_2024.pdf\" target=\"_blank\" rel=\"noreferrer noopener\">Plan Estrat\u00e9gico de Tecnolog\u00edas de Informaci\u00f3n y las Comunicaciones (PETI).<\/a><\/li>\n\n\n\n<li><a href=\"https:\/\/www.hosanbosco.gov.co\/files\/planes_decreto_612_2018\/2024\/11_Plan_de_Tratamiento_de_Riesgos_de_Seguridad_y_Privacidadde_la_Iinformacion_HSJB_2024.pdf\" data-type=\"link\" data-id=\"https:\/\/www.hosanbosco.gov.co\/files\/planes_decreto_612_2018\/2024\/11_Plan_de_Tratamiento_de_Riesgos_de_Seguridad_y_Privacidadde_la_Iinformacion_HSJB_2024.pdf\" target=\"_blank\" rel=\"noreferrer noopener\">Plan de Tratamiento de Riesgos de Seguridad y Privacidad de la Informaci\u00f3n.<\/a><\/li>\n\n\n\n<li><a data-type=\"link\" data-id=\"https:\/\/www.hosanbosco.gov.co\/files\/planes_decreto_612_2018\/2024\/12_Plan_de_Seguridad_y_Privacidad_de_la_Informacion_HSJB_2024.pdf\" href=\"https:\/\/www.hosanbosco.gov.co\/files\/planes_decreto_612_2018\/2024\/12_Plan_de_Seguridad_y_Privacidad_de_la_Informacion_HSJB_2024.pdf\" target=\"_blank\" rel=\"noreferrer noopener\">Plan de Seguridad y Privacidad de la Informaci\u00f3n.<\/a><\/li>\n<\/ul>\n\n\n\n<hr class=\"wp-block-separator has-alpha-channel-opacity\"\/>\n\n\n\n<p><\/p>","protected":false},"excerpt":{"rendered":"<p>Planes (Decreto 612 de 2018) Planes 2026 Planes 2025 Planes 2024<\/p>","protected":false},"author":1,"featured_media":0,"parent":0,"menu_order":0,"comment_status":"closed","ping_status":"closed","template":"","meta":{"neve_meta_sidebar":"","neve_meta_container":"","neve_meta_enable_content_width":"","neve_meta_content_width":0,"neve_meta_title_alignment":"","neve_meta_author_avatar":"","neve_post_elements_order":"","neve_meta_disable_header":"off","neve_meta_disable_footer":"","neve_meta_disable_title":"on","footnotes":""},"class_list":["post-304","page","type-page","status-publish","hentry"],"yoast_head":"<!-- This site is optimized with the Yoast SEO plugin v27.4 - https:\/\/yoast.com\/product\/yoast-seo-wordpress\/ -->\n<title>Planes (Decreto 612 de 2018) - Hospital San Juan Bosco<\/title>\n<meta name=\"robots\" content=\"index, follow, max-snippet:-1, max-image-preview:large, max-video-preview:-1\" \/>\n<link rel=\"canonical\" href=\"https:\/\/www.hosanbosco.gov.co\/en\/planes-2023-decreto-612-de-2018\/\" \/>\n<meta property=\"og:locale\" content=\"en_US\" \/>\n<meta property=\"og:type\" content=\"article\" \/>\n<meta property=\"og:title\" content=\"Planes (Decreto 612 de 2018) - Hospital San Juan Bosco\" \/>\n<meta property=\"og:description\" content=\"Planes (Decreto 612 de 2018) Planes 2026 Planes 2025 Planes 2024\" \/>\n<meta property=\"og:url\" content=\"https:\/\/www.hosanbosco.gov.co\/en\/planes-2023-decreto-612-de-2018\/\" \/>\n<meta property=\"og:site_name\" content=\"Hospital San Juan Bosco\" \/>\n<meta property=\"article:publisher\" content=\"https:\/\/www.facebook.com\/hosanbosco\" \/>\n<meta property=\"article:modified_time\" content=\"2026-01-31T18:12:02+00:00\" \/>\n<meta name=\"twitter:card\" content=\"summary_large_image\" \/>\n<meta name=\"twitter:label1\" content=\"Est. reading time\" \/>\n\t<meta name=\"twitter:data1\" content=\"2 minutes\" \/>\n<script type=\"application\/ld+json\" class=\"yoast-schema-graph\">{\"@context\":\"https:\\\/\\\/schema.org\",\"@graph\":[{\"@type\":\"WebPage\",\"@id\":\"https:\\\/\\\/www.hosanbosco.gov.co\\\/planes-2023-decreto-612-de-2018\\\/\",\"url\":\"https:\\\/\\\/www.hosanbosco.gov.co\\\/planes-2023-decreto-612-de-2018\\\/\",\"name\":\"Planes (Decreto 612 de 2018) - Hospital San Juan Bosco\",\"isPartOf\":{\"@id\":\"https:\\\/\\\/www.hosanbosco.gov.co\\\/#website\"},\"datePublished\":\"2023-02-24T17:34:51+00:00\",\"dateModified\":\"2026-01-31T18:12:02+00:00\",\"breadcrumb\":{\"@id\":\"https:\\\/\\\/www.hosanbosco.gov.co\\\/planes-2023-decreto-612-de-2018\\\/#breadcrumb\"},\"inLanguage\":\"en-US\",\"potentialAction\":[{\"@type\":\"ReadAction\",\"target\":[\"https:\\\/\\\/www.hosanbosco.gov.co\\\/planes-2023-decreto-612-de-2018\\\/\"]}]},{\"@type\":\"BreadcrumbList\",\"@id\":\"https:\\\/\\\/www.hosanbosco.gov.co\\\/planes-2023-decreto-612-de-2018\\\/#breadcrumb\",\"itemListElement\":[{\"@type\":\"ListItem\",\"position\":1,\"name\":\"Portada\",\"item\":\"https:\\\/\\\/www.hosanbosco.gov.co\\\/\"},{\"@type\":\"ListItem\",\"position\":2,\"name\":\"Planes (Decreto 612 de 2018)\"}]},{\"@type\":\"WebSite\",\"@id\":\"https:\\\/\\\/www.hosanbosco.gov.co\\\/#website\",\"url\":\"https:\\\/\\\/www.hosanbosco.gov.co\\\/\",\"name\":\"Hospital San Juan Bosco E.S.E.\",\"description\":\"Empresa Social del Estado\",\"publisher\":{\"@id\":\"https:\\\/\\\/www.hosanbosco.gov.co\\\/#organization\"},\"alternateName\":\"hosanbosco\",\"potentialAction\":[{\"@type\":\"SearchAction\",\"target\":{\"@type\":\"EntryPoint\",\"urlTemplate\":\"https:\\\/\\\/www.hosanbosco.gov.co\\\/?s={search_term_string}\"},\"query-input\":{\"@type\":\"PropertyValueSpecification\",\"valueRequired\":true,\"valueName\":\"search_term_string\"}}],\"inLanguage\":\"en-US\"},{\"@type\":\"Organization\",\"@id\":\"https:\\\/\\\/www.hosanbosco.gov.co\\\/#organization\",\"name\":\"Hospital San Juan Bosco E.S.E.\",\"url\":\"https:\\\/\\\/www.hosanbosco.gov.co\\\/\",\"logo\":{\"@type\":\"ImageObject\",\"inLanguage\":\"en-US\",\"@id\":\"https:\\\/\\\/www.hosanbosco.gov.co\\\/#\\\/schema\\\/logo\\\/image\\\/\",\"url\":\"\",\"contentUrl\":\"\",\"caption\":\"Hospital San Juan Bosco E.S.E.\"},\"image\":{\"@id\":\"https:\\\/\\\/www.hosanbosco.gov.co\\\/#\\\/schema\\\/logo\\\/image\\\/\"},\"sameAs\":[\"https:\\\/\\\/www.facebook.com\\\/hosanbosco\"]}]}<\/script>\n<!-- \/ Yoast SEO plugin. -->","yoast_head_json":{"title":"Planes (Decreto 612 de 2018) - Hospital San Juan Bosco","robots":{"index":"index","follow":"follow","max-snippet":"max-snippet:-1","max-image-preview":"max-image-preview:large","max-video-preview":"max-video-preview:-1"},"canonical":"https:\/\/www.hosanbosco.gov.co\/en\/planes-2023-decreto-612-de-2018\/","og_locale":"en_US","og_type":"article","og_title":"Planes (Decreto 612 de 2018) - Hospital San Juan Bosco","og_description":"Planes (Decreto 612 de 2018) Planes 2026 Planes 2025 Planes 2024","og_url":"https:\/\/www.hosanbosco.gov.co\/en\/planes-2023-decreto-612-de-2018\/","og_site_name":"Hospital San Juan Bosco","article_publisher":"https:\/\/www.facebook.com\/hosanbosco","article_modified_time":"2026-01-31T18:12:02+00:00","twitter_card":"summary_large_image","twitter_misc":{"Est. reading time":"2 minutes"},"schema":{"@context":"https:\/\/schema.org","@graph":[{"@type":"WebPage","@id":"https:\/\/www.hosanbosco.gov.co\/planes-2023-decreto-612-de-2018\/","url":"https:\/\/www.hosanbosco.gov.co\/planes-2023-decreto-612-de-2018\/","name":"Planes (Decreto 612 de 2018) - Hospital San Juan Bosco","isPartOf":{"@id":"https:\/\/www.hosanbosco.gov.co\/#website"},"datePublished":"2023-02-24T17:34:51+00:00","dateModified":"2026-01-31T18:12:02+00:00","breadcrumb":{"@id":"https:\/\/www.hosanbosco.gov.co\/planes-2023-decreto-612-de-2018\/#breadcrumb"},"inLanguage":"en-US","potentialAction":[{"@type":"ReadAction","target":["https:\/\/www.hosanbosco.gov.co\/planes-2023-decreto-612-de-2018\/"]}]},{"@type":"BreadcrumbList","@id":"https:\/\/www.hosanbosco.gov.co\/planes-2023-decreto-612-de-2018\/#breadcrumb","itemListElement":[{"@type":"ListItem","position":1,"name":"Portada","item":"https:\/\/www.hosanbosco.gov.co\/"},{"@type":"ListItem","position":2,"name":"Planes (Decreto 612 de 2018)"}]},{"@type":"WebSite","@id":"https:\/\/www.hosanbosco.gov.co\/#website","url":"https:\/\/www.hosanbosco.gov.co\/","name":"Hospital San Juan Bosco E.S.E.","description":"Empresa Social del Estado","publisher":{"@id":"https:\/\/www.hosanbosco.gov.co\/#organization"},"alternateName":"hosanbosco","potentialAction":[{"@type":"SearchAction","target":{"@type":"EntryPoint","urlTemplate":"https:\/\/www.hosanbosco.gov.co\/?s={search_term_string}"},"query-input":{"@type":"PropertyValueSpecification","valueRequired":true,"valueName":"search_term_string"}}],"inLanguage":"en-US"},{"@type":"Organization","@id":"https:\/\/www.hosanbosco.gov.co\/#organization","name":"Hospital San Juan Bosco E.S.E.","url":"https:\/\/www.hosanbosco.gov.co\/","logo":{"@type":"ImageObject","inLanguage":"en-US","@id":"https:\/\/www.hosanbosco.gov.co\/#\/schema\/logo\/image\/","url":"","contentUrl":"","caption":"Hospital San Juan Bosco E.S.E."},"image":{"@id":"https:\/\/www.hosanbosco.gov.co\/#\/schema\/logo\/image\/"},"sameAs":["https:\/\/www.facebook.com\/hosanbosco"]}]}},"_links":{"self":[{"href":"https:\/\/www.hosanbosco.gov.co\/en\/wp-json\/wp\/v2\/pages\/304","targetHints":{"allow":["GET"]}}],"collection":[{"href":"https:\/\/www.hosanbosco.gov.co\/en\/wp-json\/wp\/v2\/pages"}],"about":[{"href":"https:\/\/www.hosanbosco.gov.co\/en\/wp-json\/wp\/v2\/types\/page"}],"author":[{"embeddable":true,"href":"https:\/\/www.hosanbosco.gov.co\/en\/wp-json\/wp\/v2\/users\/1"}],"replies":[{"embeddable":true,"href":"https:\/\/www.hosanbosco.gov.co\/en\/wp-json\/wp\/v2\/comments?post=304"}],"version-history":[{"count":26,"href":"https:\/\/www.hosanbosco.gov.co\/en\/wp-json\/wp\/v2\/pages\/304\/revisions"}],"predecessor-version":[{"id":5258,"href":"https:\/\/www.hosanbosco.gov.co\/en\/wp-json\/wp\/v2\/pages\/304\/revisions\/5258"}],"wp:attachment":[{"href":"https:\/\/www.hosanbosco.gov.co\/en\/wp-json\/wp\/v2\/media?parent=304"}],"curies":[{"name":"wp","href":"https:\/\/api.w.org\/{rel}","templated":true}]}}