{"id":200,"date":"2022-09-29T21:09:32","date_gmt":"2022-09-30T02:09:32","guid":{"rendered":"http:\/\/localhost\/hosanbosco2\/?page_id=200"},"modified":"2022-09-29T21:12:52","modified_gmt":"2022-09-30T02:12:52","slug":"principios-institucionales","status":"publish","type":"page","link":"https:\/\/www.hosanbosco.gov.co\/en\/principios-institucionales\/","title":{"rendered":"Principios Institucionales"},"content":{"rendered":"<div style=\"height:20px\" aria-hidden=\"true\" class=\"wp-block-spacer\"><\/div>\n\n\n\n<h2 class=\"has-text-align-center wp-block-heading\" style=\"font-size:30px\">PRINCIPIOS INSTITUCIONALES<\/h2>\n\n\n\n<p>La instituci\u00f3n tiene unos principios \u00e9ticos que son la base fundamental del actuar, del proceder y de los distintos comportamientos de los funcionarios de la E.S.E. SAN JUAN BOSCO por tal motivo la entidad ha adoptado los siguientes principios sin dejar de lado aquellos que tienen car\u00e1cter de principios universales.<\/p>\n\n\n\n<p><strong>RESPETO:<\/strong><br>Es tratar humanamente a las personas; reconocer que el otro, desde el punto de vista de la especie, es tan real y semejante a nosotros, y a la vez, si se lo considera como individuo, bastante diferente.<\/p>\n\n\n\n<p><strong>COMPROMISO:<\/strong><br>Capacidad que tiene el ser humano para tomar conciencia de la importancia que tiene cumplir con el desarrollo de su trabajo dentro del tiempo estipulado para ello.<\/p>\n\n\n\n<p><strong>COMPETITIVIDAD:<\/strong><br>Se define como la capacidad de generar la mayor satisfacci\u00f3n de los usuarios fijando la mayor calidad en el servicio. Concebida de esta manera se asume que las empresas m\u00e1s competitivas podr\u00e1n asumir mayor cuota de mercado a expensas de empresas menos competitivas, si no existen deficiencias de mercado que lo impidan.<\/p>\n\n\n\n<p><strong>DISCIPLINA:<\/strong><br>Es la capacidad de actuar ordenada y perseverantemente para conseguir un bien Leer.<\/p>\n\n\n\n<p><strong>EFICIENCIA:<\/strong><br>Es la capacidad de lograr ese efecto en cuesti\u00f3n con el m\u00ednimo de recursos posibles o en el menor tiempo posible.<\/p>\n\n\n\n<p><strong>TRABAJO EN EQUIPO:<\/strong><br>Es el trabajo hecho por varios individuos donde cada uno hace una parte, pero todos con un objetivo com\u00fan.<\/p>","protected":false},"excerpt":{"rendered":"<p>PRINCIPIOS INSTITUCIONALES La instituci\u00f3n tiene unos principios \u00e9ticos que son la base fundamental del actuar, del proceder y de los distintos comportamientos de los funcionarios de la E.S.E. SAN JUAN BOSCO por tal motivo la entidad ha adoptado los siguientes principios sin dejar de lado aquellos que tienen car\u00e1cter de principios universales. RESPETO:Es tratar humanamente&hellip;&nbsp;<a href=\"https:\/\/www.hosanbosco.gov.co\/en\/principios-institucionales\/\" rel=\"bookmark\">Read More &raquo;<span class=\"screen-reader-text\">Principios Institucionales<\/span><\/a><\/p>","protected":false},"author":1,"featured_media":0,"parent":0,"menu_order":0,"comment_status":"closed","ping_status":"closed","template":"","meta":{"neve_meta_sidebar":"","neve_meta_container":"","neve_meta_enable_content_width":"","neve_meta_content_width":0,"neve_meta_title_alignment":"center","neve_meta_author_avatar":"","neve_post_elements_order":"","neve_meta_disable_header":"","neve_meta_disable_footer":"","neve_meta_disable_title":"on","footnotes":""},"class_list":["post-200","page","type-page","status-publish","hentry"],"yoast_head":"<!-- This site is optimized with the Yoast SEO plugin v27.4 - https:\/\/yoast.com\/product\/yoast-seo-wordpress\/ -->\n<title>Principios Institucionales - Hospital San Juan Bosco<\/title>\n<meta name=\"robots\" content=\"index, follow, max-snippet:-1, max-image-preview:large, max-video-preview:-1\" \/>\n<link rel=\"canonical\" href=\"https:\/\/www.hosanbosco.gov.co\/en\/principios-institucionales\/\" \/>\n<meta property=\"og:locale\" content=\"en_US\" \/>\n<meta property=\"og:type\" content=\"article\" \/>\n<meta property=\"og:title\" content=\"Principios Institucionales - Hospital San Juan Bosco\" \/>\n<meta property=\"og:description\" content=\"PRINCIPIOS INSTITUCIONALES La instituci\u00f3n tiene unos principios \u00e9ticos que son la base fundamental del actuar, del proceder y de los distintos comportamientos de los funcionarios de la E.S.E. SAN JUAN BOSCO por tal motivo la entidad ha adoptado los siguientes principios sin dejar de lado aquellos que tienen car\u00e1cter de principios universales. RESPETO:Es tratar humanamente&hellip;&nbsp;Read More &raquo;Principios Institucionales\" \/>\n<meta property=\"og:url\" content=\"https:\/\/www.hosanbosco.gov.co\/en\/principios-institucionales\/\" \/>\n<meta property=\"og:site_name\" content=\"Hospital San Juan Bosco\" \/>\n<meta property=\"article:publisher\" content=\"https:\/\/www.facebook.com\/hosanbosco\" \/>\n<meta property=\"article:modified_time\" content=\"2022-09-30T02:12:52+00:00\" \/>\n<meta name=\"twitter:card\" content=\"summary_large_image\" \/>\n<meta name=\"twitter:label1\" content=\"Est. reading time\" \/>\n\t<meta name=\"twitter:data1\" content=\"1 minute\" \/>\n<script type=\"application\/ld+json\" class=\"yoast-schema-graph\">{\"@context\":\"https:\\\/\\\/schema.org\",\"@graph\":[{\"@type\":\"WebPage\",\"@id\":\"https:\\\/\\\/www.hosanbosco.gov.co\\\/principios-institucionales\\\/\",\"url\":\"https:\\\/\\\/www.hosanbosco.gov.co\\\/principios-institucionales\\\/\",\"name\":\"Principios Institucionales - Hospital San Juan Bosco\",\"isPartOf\":{\"@id\":\"https:\\\/\\\/www.hosanbosco.gov.co\\\/#website\"},\"datePublished\":\"2022-09-30T02:09:32+00:00\",\"dateModified\":\"2022-09-30T02:12:52+00:00\",\"breadcrumb\":{\"@id\":\"https:\\\/\\\/www.hosanbosco.gov.co\\\/principios-institucionales\\\/#breadcrumb\"},\"inLanguage\":\"en-US\",\"potentialAction\":[{\"@type\":\"ReadAction\",\"target\":[\"https:\\\/\\\/www.hosanbosco.gov.co\\\/principios-institucionales\\\/\"]}]},{\"@type\":\"BreadcrumbList\",\"@id\":\"https:\\\/\\\/www.hosanbosco.gov.co\\\/principios-institucionales\\\/#breadcrumb\",\"itemListElement\":[{\"@type\":\"ListItem\",\"position\":1,\"name\":\"Portada\",\"item\":\"https:\\\/\\\/www.hosanbosco.gov.co\\\/\"},{\"@type\":\"ListItem\",\"position\":2,\"name\":\"Principios Institucionales\"}]},{\"@type\":\"WebSite\",\"@id\":\"https:\\\/\\\/www.hosanbosco.gov.co\\\/#website\",\"url\":\"https:\\\/\\\/www.hosanbosco.gov.co\\\/\",\"name\":\"Hospital San Juan Bosco E.S.E.\",\"description\":\"Empresa Social del Estado\",\"publisher\":{\"@id\":\"https:\\\/\\\/www.hosanbosco.gov.co\\\/#organization\"},\"alternateName\":\"hosanbosco\",\"potentialAction\":[{\"@type\":\"SearchAction\",\"target\":{\"@type\":\"EntryPoint\",\"urlTemplate\":\"https:\\\/\\\/www.hosanbosco.gov.co\\\/?s={search_term_string}\"},\"query-input\":{\"@type\":\"PropertyValueSpecification\",\"valueRequired\":true,\"valueName\":\"search_term_string\"}}],\"inLanguage\":\"en-US\"},{\"@type\":\"Organization\",\"@id\":\"https:\\\/\\\/www.hosanbosco.gov.co\\\/#organization\",\"name\":\"Hospital San Juan Bosco E.S.E.\",\"url\":\"https:\\\/\\\/www.hosanbosco.gov.co\\\/\",\"logo\":{\"@type\":\"ImageObject\",\"inLanguage\":\"en-US\",\"@id\":\"https:\\\/\\\/www.hosanbosco.gov.co\\\/#\\\/schema\\\/logo\\\/image\\\/\",\"url\":\"\",\"contentUrl\":\"\",\"caption\":\"Hospital San Juan Bosco E.S.E.\"},\"image\":{\"@id\":\"https:\\\/\\\/www.hosanbosco.gov.co\\\/#\\\/schema\\\/logo\\\/image\\\/\"},\"sameAs\":[\"https:\\\/\\\/www.facebook.com\\\/hosanbosco\"]}]}<\/script>\n<!-- \/ Yoast SEO plugin. -->","yoast_head_json":{"title":"Principios Institucionales - Hospital San Juan Bosco","robots":{"index":"index","follow":"follow","max-snippet":"max-snippet:-1","max-image-preview":"max-image-preview:large","max-video-preview":"max-video-preview:-1"},"canonical":"https:\/\/www.hosanbosco.gov.co\/en\/principios-institucionales\/","og_locale":"en_US","og_type":"article","og_title":"Principios Institucionales - Hospital San Juan Bosco","og_description":"PRINCIPIOS INSTITUCIONALES La instituci\u00f3n tiene unos principios \u00e9ticos que son la base fundamental del actuar, del proceder y de los distintos comportamientos de los funcionarios de la E.S.E. SAN JUAN BOSCO por tal motivo la entidad ha adoptado los siguientes principios sin dejar de lado aquellos que tienen car\u00e1cter de principios universales. RESPETO:Es tratar humanamente&hellip;&nbsp;Read More &raquo;Principios Institucionales","og_url":"https:\/\/www.hosanbosco.gov.co\/en\/principios-institucionales\/","og_site_name":"Hospital San Juan Bosco","article_publisher":"https:\/\/www.facebook.com\/hosanbosco","article_modified_time":"2022-09-30T02:12:52+00:00","twitter_card":"summary_large_image","twitter_misc":{"Est. reading time":"1 minute"},"schema":{"@context":"https:\/\/schema.org","@graph":[{"@type":"WebPage","@id":"https:\/\/www.hosanbosco.gov.co\/principios-institucionales\/","url":"https:\/\/www.hosanbosco.gov.co\/principios-institucionales\/","name":"Principios Institucionales - Hospital San Juan Bosco","isPartOf":{"@id":"https:\/\/www.hosanbosco.gov.co\/#website"},"datePublished":"2022-09-30T02:09:32+00:00","dateModified":"2022-09-30T02:12:52+00:00","breadcrumb":{"@id":"https:\/\/www.hosanbosco.gov.co\/principios-institucionales\/#breadcrumb"},"inLanguage":"en-US","potentialAction":[{"@type":"ReadAction","target":["https:\/\/www.hosanbosco.gov.co\/principios-institucionales\/"]}]},{"@type":"BreadcrumbList","@id":"https:\/\/www.hosanbosco.gov.co\/principios-institucionales\/#breadcrumb","itemListElement":[{"@type":"ListItem","position":1,"name":"Portada","item":"https:\/\/www.hosanbosco.gov.co\/"},{"@type":"ListItem","position":2,"name":"Principios Institucionales"}]},{"@type":"WebSite","@id":"https:\/\/www.hosanbosco.gov.co\/#website","url":"https:\/\/www.hosanbosco.gov.co\/","name":"Hospital San Juan Bosco E.S.E.","description":"Empresa Social del Estado","publisher":{"@id":"https:\/\/www.hosanbosco.gov.co\/#organization"},"alternateName":"hosanbosco","potentialAction":[{"@type":"SearchAction","target":{"@type":"EntryPoint","urlTemplate":"https:\/\/www.hosanbosco.gov.co\/?s={search_term_string}"},"query-input":{"@type":"PropertyValueSpecification","valueRequired":true,"valueName":"search_term_string"}}],"inLanguage":"en-US"},{"@type":"Organization","@id":"https:\/\/www.hosanbosco.gov.co\/#organization","name":"Hospital San Juan Bosco E.S.E.","url":"https:\/\/www.hosanbosco.gov.co\/","logo":{"@type":"ImageObject","inLanguage":"en-US","@id":"https:\/\/www.hosanbosco.gov.co\/#\/schema\/logo\/image\/","url":"","contentUrl":"","caption":"Hospital San Juan Bosco E.S.E."},"image":{"@id":"https:\/\/www.hosanbosco.gov.co\/#\/schema\/logo\/image\/"},"sameAs":["https:\/\/www.facebook.com\/hosanbosco"]}]}},"_links":{"self":[{"href":"https:\/\/www.hosanbosco.gov.co\/en\/wp-json\/wp\/v2\/pages\/200","targetHints":{"allow":["GET"]}}],"collection":[{"href":"https:\/\/www.hosanbosco.gov.co\/en\/wp-json\/wp\/v2\/pages"}],"about":[{"href":"https:\/\/www.hosanbosco.gov.co\/en\/wp-json\/wp\/v2\/types\/page"}],"author":[{"embeddable":true,"href":"https:\/\/www.hosanbosco.gov.co\/en\/wp-json\/wp\/v2\/users\/1"}],"replies":[{"embeddable":true,"href":"https:\/\/www.hosanbosco.gov.co\/en\/wp-json\/wp\/v2\/comments?post=200"}],"version-history":[{"count":4,"href":"https:\/\/www.hosanbosco.gov.co\/en\/wp-json\/wp\/v2\/pages\/200\/revisions"}],"predecessor-version":[{"id":207,"href":"https:\/\/www.hosanbosco.gov.co\/en\/wp-json\/wp\/v2\/pages\/200\/revisions\/207"}],"wp:attachment":[{"href":"https:\/\/www.hosanbosco.gov.co\/en\/wp-json\/wp\/v2\/media?parent=200"}],"curies":[{"name":"wp","href":"https:\/\/api.w.org\/{rel}","templated":true}]}}