{"id":190,"date":"2022-09-29T20:40:47","date_gmt":"2022-09-30T01:40:47","guid":{"rendered":"http:\/\/localhost\/hosanbosco2\/?page_id=190"},"modified":"2022-09-29T21:13:35","modified_gmt":"2022-09-30T02:13:35","slug":"valores-institucionales","status":"publish","type":"page","link":"https:\/\/www.hosanbosco.gov.co\/en\/valores-institucionales\/","title":{"rendered":"Valores Institucionales"},"content":{"rendered":"<div style=\"height:20px\" aria-hidden=\"true\" class=\"wp-block-spacer\"><\/div>\n\n\n\n<h2 class=\"has-text-align-center wp-block-heading\" style=\"font-size:30px\">VALORES INSTITUCIONALES<\/h2>\n\n\n\n<p>Los valores institucionales que inspiran y soportan la gesti\u00f3n de la ESE.<\/p>\n\n\n\n<p><strong>COMPROMISO:<\/strong><br>Desempe\u00f1ar las funciones, con calidad, dedicaci\u00f3n y transparencia, en procura del crecimiento institucional, personal y comunitario.<\/p>\n\n\n\n<p><strong>COLABORACION:<\/strong><br>El trabajo en equipo es fundamental en aras de ejercer un mejor desempe\u00f1o con el fin de alcanzar altos niveles de calidad.<\/p>\n\n\n\n<p><strong>RESPETO<\/strong>:<br>Conocer las diferencias entre las personas, tanto cliente interno como el externo.<\/p>\n\n\n\n<p><strong>HONESTIDAD:<\/strong><br>Actuar con rectitud y justicia en todas las acciones que realizadas.<\/p>\n\n\n\n<p><strong>SENTIDO DE PERTENENCIA:<\/strong><br>Identificaci\u00f3n de las funciones propias de cada integrante del equipo, con alto grado de compromiso con la ESE.<\/p>\n\n\n\n<p><strong>RESPONSABILIDAD:<\/strong><br>Realizar las actividades y tareas asignadas de manera \u00e1gil y oportuna, asumiendo los resultados que de ella se obtenga.<\/p>\n\n\n\n<p><strong>SEGURIDAD:<\/strong><br>Conocimiento para realizar los procesos en las diferentes \u00e1reas de trabajo, garantizando servicios de calidad y ambientes laborales seguros.<\/p>","protected":false},"excerpt":{"rendered":"<p>VALORES INSTITUCIONALES Los valores institucionales que inspiran y soportan la gesti\u00f3n de la ESE. COMPROMISO:Desempe\u00f1ar las funciones, con calidad, dedicaci\u00f3n y transparencia, en procura del crecimiento institucional, personal y comunitario. COLABORACION:El trabajo en equipo es fundamental en aras de ejercer un mejor desempe\u00f1o con el fin de alcanzar altos niveles de calidad. RESPETO:Conocer las diferencias&hellip;&nbsp;<a href=\"https:\/\/www.hosanbosco.gov.co\/en\/valores-institucionales\/\" rel=\"bookmark\">Read More &raquo;<span class=\"screen-reader-text\">Valores Institucionales<\/span><\/a><\/p>","protected":false},"author":1,"featured_media":0,"parent":0,"menu_order":0,"comment_status":"closed","ping_status":"closed","template":"","meta":{"neve_meta_sidebar":"","neve_meta_container":"","neve_meta_enable_content_width":"","neve_meta_content_width":0,"neve_meta_title_alignment":"center","neve_meta_author_avatar":"","neve_post_elements_order":"","neve_meta_disable_header":"","neve_meta_disable_footer":"","neve_meta_disable_title":"on","footnotes":""},"class_list":["post-190","page","type-page","status-publish","hentry"],"yoast_head":"<!-- This site is optimized with the Yoast SEO plugin v27.4 - https:\/\/yoast.com\/product\/yoast-seo-wordpress\/ -->\n<title>Valores Institucionales - Hospital San Juan Bosco<\/title>\n<meta name=\"robots\" content=\"index, follow, max-snippet:-1, max-image-preview:large, max-video-preview:-1\" \/>\n<link rel=\"canonical\" href=\"https:\/\/www.hosanbosco.gov.co\/en\/valores-institucionales\/\" \/>\n<meta property=\"og:locale\" content=\"en_US\" \/>\n<meta property=\"og:type\" content=\"article\" \/>\n<meta property=\"og:title\" content=\"Valores Institucionales - Hospital San Juan Bosco\" \/>\n<meta property=\"og:description\" content=\"VALORES INSTITUCIONALES Los valores institucionales que inspiran y soportan la gesti\u00f3n de la ESE. COMPROMISO:Desempe\u00f1ar las funciones, con calidad, dedicaci\u00f3n y transparencia, en procura del crecimiento institucional, personal y comunitario. COLABORACION:El trabajo en equipo es fundamental en aras de ejercer un mejor desempe\u00f1o con el fin de alcanzar altos niveles de calidad. RESPETO:Conocer las diferencias&hellip;&nbsp;Read More &raquo;Valores Institucionales\" \/>\n<meta property=\"og:url\" content=\"https:\/\/www.hosanbosco.gov.co\/en\/valores-institucionales\/\" \/>\n<meta property=\"og:site_name\" content=\"Hospital San Juan Bosco\" \/>\n<meta property=\"article:publisher\" content=\"https:\/\/www.facebook.com\/hosanbosco\" \/>\n<meta property=\"article:modified_time\" content=\"2022-09-30T02:13:35+00:00\" \/>\n<meta name=\"twitter:card\" content=\"summary_large_image\" \/>\n<meta name=\"twitter:label1\" content=\"Est. reading time\" \/>\n\t<meta name=\"twitter:data1\" content=\"1 minute\" \/>\n<script type=\"application\/ld+json\" class=\"yoast-schema-graph\">{\"@context\":\"https:\\\/\\\/schema.org\",\"@graph\":[{\"@type\":\"WebPage\",\"@id\":\"https:\\\/\\\/www.hosanbosco.gov.co\\\/valores-institucionales\\\/\",\"url\":\"https:\\\/\\\/www.hosanbosco.gov.co\\\/valores-institucionales\\\/\",\"name\":\"Valores Institucionales - Hospital San Juan Bosco\",\"isPartOf\":{\"@id\":\"https:\\\/\\\/www.hosanbosco.gov.co\\\/#website\"},\"datePublished\":\"2022-09-30T01:40:47+00:00\",\"dateModified\":\"2022-09-30T02:13:35+00:00\",\"breadcrumb\":{\"@id\":\"https:\\\/\\\/www.hosanbosco.gov.co\\\/valores-institucionales\\\/#breadcrumb\"},\"inLanguage\":\"en-US\",\"potentialAction\":[{\"@type\":\"ReadAction\",\"target\":[\"https:\\\/\\\/www.hosanbosco.gov.co\\\/valores-institucionales\\\/\"]}]},{\"@type\":\"BreadcrumbList\",\"@id\":\"https:\\\/\\\/www.hosanbosco.gov.co\\\/valores-institucionales\\\/#breadcrumb\",\"itemListElement\":[{\"@type\":\"ListItem\",\"position\":1,\"name\":\"Portada\",\"item\":\"https:\\\/\\\/www.hosanbosco.gov.co\\\/\"},{\"@type\":\"ListItem\",\"position\":2,\"name\":\"Valores Institucionales\"}]},{\"@type\":\"WebSite\",\"@id\":\"https:\\\/\\\/www.hosanbosco.gov.co\\\/#website\",\"url\":\"https:\\\/\\\/www.hosanbosco.gov.co\\\/\",\"name\":\"Hospital San Juan Bosco E.S.E.\",\"description\":\"Empresa Social del Estado\",\"publisher\":{\"@id\":\"https:\\\/\\\/www.hosanbosco.gov.co\\\/#organization\"},\"alternateName\":\"hosanbosco\",\"potentialAction\":[{\"@type\":\"SearchAction\",\"target\":{\"@type\":\"EntryPoint\",\"urlTemplate\":\"https:\\\/\\\/www.hosanbosco.gov.co\\\/?s={search_term_string}\"},\"query-input\":{\"@type\":\"PropertyValueSpecification\",\"valueRequired\":true,\"valueName\":\"search_term_string\"}}],\"inLanguage\":\"en-US\"},{\"@type\":\"Organization\",\"@id\":\"https:\\\/\\\/www.hosanbosco.gov.co\\\/#organization\",\"name\":\"Hospital San Juan Bosco E.S.E.\",\"url\":\"https:\\\/\\\/www.hosanbosco.gov.co\\\/\",\"logo\":{\"@type\":\"ImageObject\",\"inLanguage\":\"en-US\",\"@id\":\"https:\\\/\\\/www.hosanbosco.gov.co\\\/#\\\/schema\\\/logo\\\/image\\\/\",\"url\":\"\",\"contentUrl\":\"\",\"caption\":\"Hospital San Juan Bosco E.S.E.\"},\"image\":{\"@id\":\"https:\\\/\\\/www.hosanbosco.gov.co\\\/#\\\/schema\\\/logo\\\/image\\\/\"},\"sameAs\":[\"https:\\\/\\\/www.facebook.com\\\/hosanbosco\"]}]}<\/script>\n<!-- \/ Yoast SEO plugin. -->","yoast_head_json":{"title":"Valores Institucionales - Hospital San Juan Bosco","robots":{"index":"index","follow":"follow","max-snippet":"max-snippet:-1","max-image-preview":"max-image-preview:large","max-video-preview":"max-video-preview:-1"},"canonical":"https:\/\/www.hosanbosco.gov.co\/en\/valores-institucionales\/","og_locale":"en_US","og_type":"article","og_title":"Valores Institucionales - Hospital San Juan Bosco","og_description":"VALORES INSTITUCIONALES Los valores institucionales que inspiran y soportan la gesti\u00f3n de la ESE. COMPROMISO:Desempe\u00f1ar las funciones, con calidad, dedicaci\u00f3n y transparencia, en procura del crecimiento institucional, personal y comunitario. COLABORACION:El trabajo en equipo es fundamental en aras de ejercer un mejor desempe\u00f1o con el fin de alcanzar altos niveles de calidad. RESPETO:Conocer las diferencias&hellip;&nbsp;Read More &raquo;Valores Institucionales","og_url":"https:\/\/www.hosanbosco.gov.co\/en\/valores-institucionales\/","og_site_name":"Hospital San Juan Bosco","article_publisher":"https:\/\/www.facebook.com\/hosanbosco","article_modified_time":"2022-09-30T02:13:35+00:00","twitter_card":"summary_large_image","twitter_misc":{"Est. reading time":"1 minute"},"schema":{"@context":"https:\/\/schema.org","@graph":[{"@type":"WebPage","@id":"https:\/\/www.hosanbosco.gov.co\/valores-institucionales\/","url":"https:\/\/www.hosanbosco.gov.co\/valores-institucionales\/","name":"Valores Institucionales - Hospital San Juan Bosco","isPartOf":{"@id":"https:\/\/www.hosanbosco.gov.co\/#website"},"datePublished":"2022-09-30T01:40:47+00:00","dateModified":"2022-09-30T02:13:35+00:00","breadcrumb":{"@id":"https:\/\/www.hosanbosco.gov.co\/valores-institucionales\/#breadcrumb"},"inLanguage":"en-US","potentialAction":[{"@type":"ReadAction","target":["https:\/\/www.hosanbosco.gov.co\/valores-institucionales\/"]}]},{"@type":"BreadcrumbList","@id":"https:\/\/www.hosanbosco.gov.co\/valores-institucionales\/#breadcrumb","itemListElement":[{"@type":"ListItem","position":1,"name":"Portada","item":"https:\/\/www.hosanbosco.gov.co\/"},{"@type":"ListItem","position":2,"name":"Valores Institucionales"}]},{"@type":"WebSite","@id":"https:\/\/www.hosanbosco.gov.co\/#website","url":"https:\/\/www.hosanbosco.gov.co\/","name":"Hospital San Juan Bosco E.S.E.","description":"Empresa Social del Estado","publisher":{"@id":"https:\/\/www.hosanbosco.gov.co\/#organization"},"alternateName":"hosanbosco","potentialAction":[{"@type":"SearchAction","target":{"@type":"EntryPoint","urlTemplate":"https:\/\/www.hosanbosco.gov.co\/?s={search_term_string}"},"query-input":{"@type":"PropertyValueSpecification","valueRequired":true,"valueName":"search_term_string"}}],"inLanguage":"en-US"},{"@type":"Organization","@id":"https:\/\/www.hosanbosco.gov.co\/#organization","name":"Hospital San Juan Bosco E.S.E.","url":"https:\/\/www.hosanbosco.gov.co\/","logo":{"@type":"ImageObject","inLanguage":"en-US","@id":"https:\/\/www.hosanbosco.gov.co\/#\/schema\/logo\/image\/","url":"","contentUrl":"","caption":"Hospital San Juan Bosco E.S.E."},"image":{"@id":"https:\/\/www.hosanbosco.gov.co\/#\/schema\/logo\/image\/"},"sameAs":["https:\/\/www.facebook.com\/hosanbosco"]}]}},"_links":{"self":[{"href":"https:\/\/www.hosanbosco.gov.co\/en\/wp-json\/wp\/v2\/pages\/190","targetHints":{"allow":["GET"]}}],"collection":[{"href":"https:\/\/www.hosanbosco.gov.co\/en\/wp-json\/wp\/v2\/pages"}],"about":[{"href":"https:\/\/www.hosanbosco.gov.co\/en\/wp-json\/wp\/v2\/types\/page"}],"author":[{"embeddable":true,"href":"https:\/\/www.hosanbosco.gov.co\/en\/wp-json\/wp\/v2\/users\/1"}],"replies":[{"embeddable":true,"href":"https:\/\/www.hosanbosco.gov.co\/en\/wp-json\/wp\/v2\/comments?post=190"}],"version-history":[{"count":4,"href":"https:\/\/www.hosanbosco.gov.co\/en\/wp-json\/wp\/v2\/pages\/190\/revisions"}],"predecessor-version":[{"id":208,"href":"https:\/\/www.hosanbosco.gov.co\/en\/wp-json\/wp\/v2\/pages\/190\/revisions\/208"}],"wp:attachment":[{"href":"https:\/\/www.hosanbosco.gov.co\/en\/wp-json\/wp\/v2\/media?parent=190"}],"curies":[{"name":"wp","href":"https:\/\/api.w.org\/{rel}","templated":true}]}}