{"id":125,"date":"2022-09-29T16:37:56","date_gmt":"2022-09-29T21:37:56","guid":{"rendered":"http:\/\/localhost\/hosanbosco2\/?page_id=125"},"modified":"2026-02-04T10:34:59","modified_gmt":"2026-02-04T15:34:59","slug":"directorio-de-dependencias","status":"publish","type":"page","link":"https:\/\/www.hosanbosco.gov.co\/en\/directorio-de-dependencias\/","title":{"rendered":"Directorio de Dependencias"},"content":{"rendered":"<div style=\"height:30px\" aria-hidden=\"true\" class=\"wp-block-spacer\"><\/div>\n\n\n\n<h3 class=\"wp-block-heading has-text-align-center\"><strong>DIRECTORIO DE DEPENDENCIAS<\/strong><\/h3>\n\n\n\n<style>\n    table {\n        width: 100%;\n        border-collapse: collapse;\n    }\n\n    th, td {\n        text-align: center;\n        padding: 10px;\n        border: 1px solid black;\n        font-size: 14px;\n    }\n\n    th {\n        background-color: #0405b2;\n        color: white;\n    }\n\n    .columna1 {\n        width: 20%;\n    }\n    .columna2 {\n        width: 35%;\n    }\n    .columna3 {\n        width: 30%;\n    }\n    .columna4 {\n        width: 15%;\n    }\n\n    @media (max-width: 768px) {\n        table, thead, tbody, th, td, tr {\n            display: block;\n        }\n        th {\n            display: none;\n        }\n        tr {\n            margin-bottom: 10px; \n            border-bottom: 1px solid #ddd;\n        }\n        td {\n            text-align: right;\n            display: flex;\n            justify-content: space-between;\n        }\n        td::before {\n            content: attr(data-label);\n            font-weight: bold;\n            text-align: left;\n        }\n    }\n<\/style>\n\n<table>\n    <thead>\n        <tr>\n            <th class=\"columna1\">DEPENDENCIA<\/th>\n            <th class=\"columna2\">L\u00cdDER DE DEPENDENCIA<\/th>\n            <th class=\"columna3\">CORREO ELECTR\u00d3NICO<\/th>\n            <th class=\"columna4\">TEL\u00c9FONO<\/th>\n        <\/tr>\n    <\/thead>\n    <tbody>\n        <tr>\n            <td data-label=\"DEPENDENCIA:\">Gerencia<\/td>\n            <td data-label=\"LIDER DE DEPENDENCIA:\"><b>ANA SOFIA MALDONADO TORREGROSA<\/b><\/td>\n            <td data-label=\"CORREO ELECTRONICO:\">gerencia@hosanbosco.gov.co<\/td>\n            <td data-label=\"TELEFONO:\">(605) 577 8029<\/td>\n        <\/tr>\n         <tr>\n            <td data-label=\"DEPENDENCIA:\">Recursos Humanos<\/td>\n            <td data-label=\"LIDER DE DEPENDENCIA:\"><b>EDILBERTO MONTENEGRO GARCIA<\/b><\/td>\n            <td data-label=\"CORREO ELECTRONICO:\">recursos humanos@hosanbosco.gov.co<\/td>\n            <td data-label=\"TELEFONO:\">(+57) 317 682 7428<\/td>\n        <\/tr>\n        <tr>\n            <td data-label=\"DEPENDENCIA:\">Control Interno<\/td>\n            <td data-label=\"LIDER DE DEPENDENCIA:\"><b>FABIO ALFONSO ARMENTA GONZALEZ<\/b><\/td>\n            <td data-label=\"CORREO ELECTRONICO:\">controlinterno@hosanbosco.gov.co<\/td>\n            <td data-label=\"TELEFONO:\">(605) 577 8029<\/td>\n        <\/tr>\n         <tr>\n            <td data-label=\"DEPENDENCIA:\">Jur\u00eddica<\/td>\n            <td data-label=\"LIDER DE DEPENDENCIA:\"><b>CAMILO ALBERTO ABELLO BETANCOURT<\/b><\/td>\n            <td data-label=\"CORREO ELECTRONICO:\">juridica@hosanbosco.gov.co<\/td>\n            <td data-label=\"TELEFONO:\">(605) 577 8029<\/td>\n        <\/tr>\n         <tr>\n            <td data-label=\"DEPENDENCIA:\">Coordinaci\u00f3n Cient\u00edfica<\/td>\n            <td data-label=\"LIDER DE DEPENDENCIA:\"><b>MARINELLA DEL PILAR ANAYA BORJA<\/b><\/td>\n            <td data-label=\"CORREO ELECTRONICO:\">coord.medica@hosanbosco.gov.co<\/td>\n            <td data-label=\"TELEFONO:\">(605) 577 8029<\/td>\n        <\/tr>\n        <tr>\n            <td data-label=\"DEPENDENCIA:\">Auditor\u00eda de Cuentas M\u00e9dicas<\/td>\n            <td data-label=\"LIDER DE DEPENDENCIA:\"><b>ORLANDO DAVID QUINTERO MONTENEGRO<\/b><\/td>\n            <td data-label=\"CORREO ELECTRONICO:\">auditoria@hosanbosco.gov.co<\/td>\n            <td data-label=\"TELEFONO:\">(+57) 316 238 7262<\/td>\n        <\/tr>\n         <tr>\n            <td data-label=\"DEPENDENCIA:\">Calidad<\/td>\n            <td data-label=\"LIDER DE DEPENDENCIA:\"><b>GABRIEL ALFONSO JIMENEZ CARRASQUILLA<\/b><\/td>\n            <td data-label=\"CORREO ELECTRONICO:\">calidad@hosanbosco.gov.co<\/td>\n            <td data-label=\"TELEFONO:\">(+57) 317 642 3078<\/td>\n        <\/tr>\n         <tr>\n            <td data-label=\"DEPENDENCIA:\">P. y M.<\/td>\n            <td data-label=\"LIDER DE DEPENDENCIA:\"><b>MARIA CLARA AARON ROJANO<\/b><\/td>\n            <td data-label=\"CORREO ELECTRONICO:\">pym@hosanbosco.gov.co<\/td>\n            <td data-label=\"TELEFONO:\">(605) 577 8029<\/td>\n        <\/tr>\n          <tr>\n            <td data-label=\"DEPENDENCIA:\">Vacunaci\u00f3n<\/td>\n            <td data-label=\"LIDER DE DEPENDENCIA:\"><b>LUZ MARINA SILVA ORTIZ<\/b><\/td>\n            <td data-label=\"CORREO ELECTRONICO:\">pai@hosanbosco.gov.co<\/td>\n            <td data-label=\"TELEFONO:\">(+57) 316 244 4542<\/td>\n        <\/tr>\n         <tr>\n            <td data-label=\"DEPENDENCIA:\">Farmacia<\/td>\n            <td data-label=\"LIDER DE DEPENDENCIA:\"><b>HUMBERTO GABRIEL RODRIGUEZ MARQUEZ<\/b><\/td>\n            <td data-label=\"CORREO ELECTRONICO:\">farmacia@hosanbosco.gov.co<\/td>\n            <td data-label=\"TELEFONO:\">(+57) 317 698 4641<\/td>\n        <\/tr>\n          <tr>\n            <td data-label=\"DEPENDENCIA:\">Urgencias<\/td>\n            <td data-label=\"LIDER DE DEPENDENCIA:\"><b>RAFAEL JOSE LIZARAZO ALFONSO<\/b><\/td>\n            <td data-label=\"CORREO ELECTRONICO:\">coord.urgencias@hosanbosco.gov.co<\/td>\n            <td data-label=\"TELEFONO:\">(+57) 317 434 1786<\/td>\n        <\/tr>\n        <tr>\n            <td data-label=\"DEPENDENCIA:\">S.I.A.U.<\/td>\n            <td data-label=\"LIDER DE DEPENDENCIA:\"><b>NINA JUDITH MONTES ESPA\u00d1A<\/b><\/td>\n            <td data-label=\"CORREO ELECTRONICO:\">siau@hosanbosco.gov.co<\/td>\n            <td data-label=\"TELEFONO:\">(+57) 318 822 3888<\/td>\n        <\/tr>\n        <tr>\n            <td data-label=\"DEPENDENCIA:\">Planeaci\u00f3n<\/td>\n            <td data-label=\"LIDER DE DEPENDENCIA:\"><b>JOSE ABEL MURILLO ARIZA<\/b><\/td>\n            <td data-label=\"CORREO ELECTRONICO:\">planeacion@hosanbosco.gov.co<\/td>\n            <td data-label=\"TELEFONO:\">(+57) 316 691 0670<\/td>\n        <\/tr>\n        <tr>\n            <td data-label=\"DEPENDENCIA:\">Sistemas<\/td>\n            <td data-label=\"LIDER DE DEPENDENCIA:\"><b>HANDRYS KAVITH GARCIA DIAZ<\/b><\/td>\n            <td data-label=\"CORREO ELECTRONICO:\">sistemas@hosanbosco.gov.co<\/td>\n            <td data-label=\"TELEFONO:\">(+57) 318 388 8109<\/td>\n        <\/tr>\n        <tr>\n            <td data-label=\"DEPENDENCIA:\">Contabilidad<\/td>\n            <td data-label=\"LIDER DE DEPENDENCIA:\"><b>SANDRA LUZ DIAZ GARCIA<\/b><\/td>\n            <td data-label=\"CORREO ELECTRONICO:\">contabilidad@hosanbosco.gov.co<\/td>\n            <td data-label=\"TELEFONO:\">(+57) 317 439 2516<\/td>\n        <\/tr>\n         <tr>\n            <td data-label=\"DEPENDENCIA:\">Presupuesto<\/td>\n            <td data-label=\"LIDER DE DEPENDENCIA:\"><b>OLIVIA DEL CARMEN SILVA BARRIOS<\/b><\/td>\n            <td data-label=\"CORREO ELECTRONICO:\">presupuesto@hosanbosco.gov.co<\/td>\n            <td data-label=\"TELEFONO:\">(605) 577 8029<\/td>\n        <\/tr>\n        <tr>\n            <td data-label=\"DEPENDENCIA:\">Cartera<\/td>\n            <td data-label=\"LIDER DE DEPENDENCIA:\"><b>JUAN CARLOS HERNANDEZ CRUZ<\/b><\/td>\n            <td data-label=\"CORREO ELECTRONICO:\">cartera@hosanbosco.gov.co<\/td>\n            <td data-label=\"TELEFONO:\">(+57) 317 643 6120<\/td>\n        <\/tr>\n         <tr>\n            <td data-label=\"DEPENDENCIA:\">Recaudo<\/td>\n            <td data-label=\"LIDER DE DEPENDENCIA:\"><b>JHON JAIRO ANGULO GARCIA<\/b><\/td>\n            <td data-label=\"CORREO ELECTRONICO:\">recaudo@hosanbosco.gov.co<\/td>\n            <td data-label=\"TELEFONO:\">(+57) 313 242 7754<\/td>\n        <\/tr>\n         <tr>\n            <td data-label=\"DEPENDENCIA:\">Facturaci\u00f3n<\/td>\n            <td data-label=\"LIDER DE DEPENDENCIA:\"><b>JENNIFER TATIANA SILVA LOMBANA<\/b><\/td>\n            <td data-label=\"CORREO ELECTRONICO:\">jefe.facturacion@hosanbosco.gov.co<\/td>\n            <td data-label=\"TELEFONO:\">(+57) 317 500 3200<\/td>\n        <\/tr>\n         <tr>\n            <td data-label=\"DEPENDENCIA:\">Estad\u00edstica<\/td>\n            <td data-label=\"LIDER DE DEPENDENCIA:\"><b>MEDARDO ENRIQUE BARRANCO DE LA CRUZ<\/b><\/td>\n            <td data-label=\"CORREO ELECTRONICO:\">estadistica@hosanbosco.gov.co<\/td>\n            <td data-label=\"TELEFONO:\">(+57) 313 759 0064<\/td>\n        <\/tr>\n    <\/tbody>\n<\/table>","protected":false},"excerpt":{"rendered":"<p>DIRECTORIO DE DEPENDENCIAS DEPENDENCIA L\u00cdDER DE DEPENDENCIA CORREO ELECTR\u00d3NICO TEL\u00c9FONO Gerencia ANA SOFIA MALDONADO TORREGROSA gerencia@hosanbosco.gov.co (605) 577 8029 Recursos Humanos EDILBERTO MONTENEGRO GARCIA recursos humanos@hosanbosco.gov.co (+57) 317 682 7428 Control Interno FABIO ALFONSO ARMENTA GONZALEZ controlinterno@hosanbosco.gov.co (605) 577 8029 Jur\u00eddica CAMILO ALBERTO ABELLO BETANCOURT juridica@hosanbosco.gov.co (605) 577 8029 Coordinaci\u00f3n Cient\u00edfica MARINELLA DEL PILAR ANAYA&hellip;&nbsp;<a href=\"https:\/\/www.hosanbosco.gov.co\/en\/directorio-de-dependencias\/\" rel=\"bookmark\">Read More &raquo;<span class=\"screen-reader-text\">Directorio de Dependencias<\/span><\/a><\/p>","protected":false},"author":1,"featured_media":0,"parent":0,"menu_order":0,"comment_status":"closed","ping_status":"closed","template":"","meta":{"neve_meta_sidebar":"","neve_meta_container":"default","neve_meta_enable_content_width":"","neve_meta_content_width":0,"neve_meta_title_alignment":"center","neve_meta_author_avatar":"","neve_post_elements_order":"","neve_meta_disable_header":"","neve_meta_disable_footer":"","neve_meta_disable_title":"on","footnotes":""},"class_list":["post-125","page","type-page","status-publish","hentry"],"yoast_head":"<!-- This site is optimized with the Yoast SEO plugin v27.4 - https:\/\/yoast.com\/product\/yoast-seo-wordpress\/ -->\n<title>Directorio de Dependencias - Hospital San Juan Bosco<\/title>\n<meta name=\"robots\" content=\"index, follow, max-snippet:-1, max-image-preview:large, max-video-preview:-1\" \/>\n<link rel=\"canonical\" href=\"https:\/\/www.hosanbosco.gov.co\/en\/directorio-de-dependencias\/\" \/>\n<meta property=\"og:locale\" content=\"en_US\" \/>\n<meta property=\"og:type\" content=\"article\" \/>\n<meta property=\"og:title\" content=\"Directorio de Dependencias - Hospital San Juan Bosco\" \/>\n<meta property=\"og:description\" content=\"DIRECTORIO DE DEPENDENCIAS DEPENDENCIA L\u00cdDER DE DEPENDENCIA CORREO ELECTR\u00d3NICO TEL\u00c9FONO Gerencia ANA SOFIA MALDONADO TORREGROSA gerencia@hosanbosco.gov.co (605) 577 8029 Recursos Humanos EDILBERTO MONTENEGRO GARCIA recursos humanos@hosanbosco.gov.co (+57) 317 682 7428 Control Interno FABIO ALFONSO ARMENTA GONZALEZ controlinterno@hosanbosco.gov.co (605) 577 8029 Jur\u00eddica CAMILO ALBERTO ABELLO BETANCOURT juridica@hosanbosco.gov.co (605) 577 8029 Coordinaci\u00f3n Cient\u00edfica MARINELLA DEL PILAR ANAYA&hellip;&nbsp;Read More &raquo;Directorio de Dependencias\" \/>\n<meta property=\"og:url\" content=\"https:\/\/www.hosanbosco.gov.co\/en\/directorio-de-dependencias\/\" \/>\n<meta property=\"og:site_name\" content=\"Hospital San Juan Bosco\" \/>\n<meta property=\"article:publisher\" content=\"https:\/\/www.facebook.com\/hosanbosco\" \/>\n<meta property=\"article:modified_time\" content=\"2026-02-04T15:34:59+00:00\" \/>\n<meta name=\"twitter:card\" content=\"summary_large_image\" \/>\n<meta name=\"twitter:label1\" content=\"Est. reading time\" \/>\n\t<meta name=\"twitter:data1\" content=\"1 minute\" \/>\n<script type=\"application\/ld+json\" class=\"yoast-schema-graph\">{\"@context\":\"https:\\\/\\\/schema.org\",\"@graph\":[{\"@type\":\"WebPage\",\"@id\":\"https:\\\/\\\/www.hosanbosco.gov.co\\\/directorio-de-dependencias\\\/\",\"url\":\"https:\\\/\\\/www.hosanbosco.gov.co\\\/directorio-de-dependencias\\\/\",\"name\":\"Directorio de Dependencias - Hospital San Juan Bosco\",\"isPartOf\":{\"@id\":\"https:\\\/\\\/www.hosanbosco.gov.co\\\/#website\"},\"datePublished\":\"2022-09-29T21:37:56+00:00\",\"dateModified\":\"2026-02-04T15:34:59+00:00\",\"breadcrumb\":{\"@id\":\"https:\\\/\\\/www.hosanbosco.gov.co\\\/directorio-de-dependencias\\\/#breadcrumb\"},\"inLanguage\":\"en-US\",\"potentialAction\":[{\"@type\":\"ReadAction\",\"target\":[\"https:\\\/\\\/www.hosanbosco.gov.co\\\/directorio-de-dependencias\\\/\"]}]},{\"@type\":\"BreadcrumbList\",\"@id\":\"https:\\\/\\\/www.hosanbosco.gov.co\\\/directorio-de-dependencias\\\/#breadcrumb\",\"itemListElement\":[{\"@type\":\"ListItem\",\"position\":1,\"name\":\"Portada\",\"item\":\"https:\\\/\\\/www.hosanbosco.gov.co\\\/\"},{\"@type\":\"ListItem\",\"position\":2,\"name\":\"Directorio de Dependencias\"}]},{\"@type\":\"WebSite\",\"@id\":\"https:\\\/\\\/www.hosanbosco.gov.co\\\/#website\",\"url\":\"https:\\\/\\\/www.hosanbosco.gov.co\\\/\",\"name\":\"Hospital San Juan Bosco E.S.E.\",\"description\":\"Empresa Social del Estado\",\"publisher\":{\"@id\":\"https:\\\/\\\/www.hosanbosco.gov.co\\\/#organization\"},\"alternateName\":\"hosanbosco\",\"potentialAction\":[{\"@type\":\"SearchAction\",\"target\":{\"@type\":\"EntryPoint\",\"urlTemplate\":\"https:\\\/\\\/www.hosanbosco.gov.co\\\/?s={search_term_string}\"},\"query-input\":{\"@type\":\"PropertyValueSpecification\",\"valueRequired\":true,\"valueName\":\"search_term_string\"}}],\"inLanguage\":\"en-US\"},{\"@type\":\"Organization\",\"@id\":\"https:\\\/\\\/www.hosanbosco.gov.co\\\/#organization\",\"name\":\"Hospital San Juan Bosco E.S.E.\",\"url\":\"https:\\\/\\\/www.hosanbosco.gov.co\\\/\",\"logo\":{\"@type\":\"ImageObject\",\"inLanguage\":\"en-US\",\"@id\":\"https:\\\/\\\/www.hosanbosco.gov.co\\\/#\\\/schema\\\/logo\\\/image\\\/\",\"url\":\"\",\"contentUrl\":\"\",\"caption\":\"Hospital San Juan Bosco E.S.E.\"},\"image\":{\"@id\":\"https:\\\/\\\/www.hosanbosco.gov.co\\\/#\\\/schema\\\/logo\\\/image\\\/\"},\"sameAs\":[\"https:\\\/\\\/www.facebook.com\\\/hosanbosco\"]}]}<\/script>\n<!-- \/ Yoast SEO plugin. -->","yoast_head_json":{"title":"Directorio de Dependencias - Hospital San Juan Bosco","robots":{"index":"index","follow":"follow","max-snippet":"max-snippet:-1","max-image-preview":"max-image-preview:large","max-video-preview":"max-video-preview:-1"},"canonical":"https:\/\/www.hosanbosco.gov.co\/en\/directorio-de-dependencias\/","og_locale":"en_US","og_type":"article","og_title":"Directorio de Dependencias - Hospital San Juan Bosco","og_description":"DIRECTORIO DE DEPENDENCIAS DEPENDENCIA L\u00cdDER DE DEPENDENCIA CORREO ELECTR\u00d3NICO TEL\u00c9FONO Gerencia ANA SOFIA MALDONADO TORREGROSA gerencia@hosanbosco.gov.co (605) 577 8029 Recursos Humanos EDILBERTO MONTENEGRO GARCIA recursos humanos@hosanbosco.gov.co (+57) 317 682 7428 Control Interno FABIO ALFONSO ARMENTA GONZALEZ controlinterno@hosanbosco.gov.co (605) 577 8029 Jur\u00eddica CAMILO ALBERTO ABELLO BETANCOURT juridica@hosanbosco.gov.co (605) 577 8029 Coordinaci\u00f3n Cient\u00edfica MARINELLA DEL PILAR ANAYA&hellip;&nbsp;Read More &raquo;Directorio de Dependencias","og_url":"https:\/\/www.hosanbosco.gov.co\/en\/directorio-de-dependencias\/","og_site_name":"Hospital San Juan Bosco","article_publisher":"https:\/\/www.facebook.com\/hosanbosco","article_modified_time":"2026-02-04T15:34:59+00:00","twitter_card":"summary_large_image","twitter_misc":{"Est. reading time":"1 minute"},"schema":{"@context":"https:\/\/schema.org","@graph":[{"@type":"WebPage","@id":"https:\/\/www.hosanbosco.gov.co\/directorio-de-dependencias\/","url":"https:\/\/www.hosanbosco.gov.co\/directorio-de-dependencias\/","name":"Directorio de Dependencias - Hospital San Juan Bosco","isPartOf":{"@id":"https:\/\/www.hosanbosco.gov.co\/#website"},"datePublished":"2022-09-29T21:37:56+00:00","dateModified":"2026-02-04T15:34:59+00:00","breadcrumb":{"@id":"https:\/\/www.hosanbosco.gov.co\/directorio-de-dependencias\/#breadcrumb"},"inLanguage":"en-US","potentialAction":[{"@type":"ReadAction","target":["https:\/\/www.hosanbosco.gov.co\/directorio-de-dependencias\/"]}]},{"@type":"BreadcrumbList","@id":"https:\/\/www.hosanbosco.gov.co\/directorio-de-dependencias\/#breadcrumb","itemListElement":[{"@type":"ListItem","position":1,"name":"Portada","item":"https:\/\/www.hosanbosco.gov.co\/"},{"@type":"ListItem","position":2,"name":"Directorio de Dependencias"}]},{"@type":"WebSite","@id":"https:\/\/www.hosanbosco.gov.co\/#website","url":"https:\/\/www.hosanbosco.gov.co\/","name":"Hospital San Juan Bosco E.S.E.","description":"Empresa Social del Estado","publisher":{"@id":"https:\/\/www.hosanbosco.gov.co\/#organization"},"alternateName":"hosanbosco","potentialAction":[{"@type":"SearchAction","target":{"@type":"EntryPoint","urlTemplate":"https:\/\/www.hosanbosco.gov.co\/?s={search_term_string}"},"query-input":{"@type":"PropertyValueSpecification","valueRequired":true,"valueName":"search_term_string"}}],"inLanguage":"en-US"},{"@type":"Organization","@id":"https:\/\/www.hosanbosco.gov.co\/#organization","name":"Hospital San Juan Bosco E.S.E.","url":"https:\/\/www.hosanbosco.gov.co\/","logo":{"@type":"ImageObject","inLanguage":"en-US","@id":"https:\/\/www.hosanbosco.gov.co\/#\/schema\/logo\/image\/","url":"","contentUrl":"","caption":"Hospital San Juan Bosco E.S.E."},"image":{"@id":"https:\/\/www.hosanbosco.gov.co\/#\/schema\/logo\/image\/"},"sameAs":["https:\/\/www.facebook.com\/hosanbosco"]}]}},"_links":{"self":[{"href":"https:\/\/www.hosanbosco.gov.co\/en\/wp-json\/wp\/v2\/pages\/125","targetHints":{"allow":["GET"]}}],"collection":[{"href":"https:\/\/www.hosanbosco.gov.co\/en\/wp-json\/wp\/v2\/pages"}],"about":[{"href":"https:\/\/www.hosanbosco.gov.co\/en\/wp-json\/wp\/v2\/types\/page"}],"author":[{"embeddable":true,"href":"https:\/\/www.hosanbosco.gov.co\/en\/wp-json\/wp\/v2\/users\/1"}],"replies":[{"embeddable":true,"href":"https:\/\/www.hosanbosco.gov.co\/en\/wp-json\/wp\/v2\/comments?post=125"}],"version-history":[{"count":25,"href":"https:\/\/www.hosanbosco.gov.co\/en\/wp-json\/wp\/v2\/pages\/125\/revisions"}],"predecessor-version":[{"id":5280,"href":"https:\/\/www.hosanbosco.gov.co\/en\/wp-json\/wp\/v2\/pages\/125\/revisions\/5280"}],"wp:attachment":[{"href":"https:\/\/www.hosanbosco.gov.co\/en\/wp-json\/wp\/v2\/media?parent=125"}],"curies":[{"name":"wp","href":"https:\/\/api.w.org\/{rel}","templated":true}]}}