{"id":1137,"date":"2025-07-18T11:59:35","date_gmt":"2025-07-18T16:59:35","guid":{"rendered":"https:\/\/www.hosanbosco.gov.co\/?page_id=1137"},"modified":"2025-07-25T21:40:56","modified_gmt":"2025-07-26T02:40:56","slug":"manuales","status":"publish","type":"page","link":"https:\/\/www.hosanbosco.gov.co\/en\/manuales\/","title":{"rendered":"Manuales"},"content":{"rendered":"<div style=\"height:30px\" aria-hidden=\"true\" class=\"wp-block-spacer\"><\/div>\n\n\n\n<h3 class=\"wp-block-heading has-text-align-center\">MANUALES<\/h3>\n\n\n\n<div class=\"wp-block-columns is-layout-flex wp-container-core-columns-is-layout-9d6595d7 wp-block-columns-is-layout-flex\">\n<div class=\"wp-block-column is-layout-flow wp-block-column-is-layout-flow\" style=\"flex-basis:25%\"><\/div>\n\n\n\n<div class=\"wp-block-column is-layout-flow wp-block-column-is-layout-flow\" style=\"flex-basis:50%\">\n<p class=\"has-text-align-center\"><img loading=\"lazy\" decoding=\"async\" width=\"18\" height=\"18\" class=\"wp-image-719\" style=\"width: 18px;\" src=\"https:\/\/www.hosanbosco.gov.co\/wp-content\/uploads\/2025\/04\/chevron-derecho.png\" alt=\"\" srcset=\"https:\/\/www.hosanbosco.gov.co\/wp-content\/uploads\/2025\/04\/chevron-derecho.png 24w, https:\/\/www.hosanbosco.gov.co\/wp-content\/uploads\/2025\/04\/chevron-derecho-12x12.png 12w\" sizes=\"auto, (max-width: 18px) 100vw, 18px\" \/> Manual de Contrataci\u00f3n <img loading=\"lazy\" decoding=\"async\" width=\"24\" height=\"24\" class=\"wp-image-1165\" style=\"width: 24px;\" src=\"https:\/\/www.hosanbosco.gov.co\/wp-content\/uploads\/2025\/07\/archivo-pdf.png\" alt=\"\" srcset=\"https:\/\/www.hosanbosco.gov.co\/wp-content\/uploads\/2025\/07\/archivo-pdf.png 24w, https:\/\/www.hosanbosco.gov.co\/wp-content\/uploads\/2025\/07\/archivo-pdf-12x12.png 12w\" sizes=\"auto, (max-width: 24px) 100vw, 24px\" \/><br><a href=\"https:\/\/www.hosanbosco.gov.co\/files\/normatividad\/acuerdos\/2019\/ACUERDO_027_2019.pdf\" target=\"_blank\" rel=\"noreferrer noopener\"><img loading=\"lazy\" decoding=\"async\" width=\"24\" height=\"24\" class=\"wp-image-719\" style=\"width: 24px;\" src=\"https:\/\/www.hosanbosco.gov.co\/wp-content\/uploads\/2025\/04\/chevron-derecho.png\" alt=\"\" srcset=\"https:\/\/www.hosanbosco.gov.co\/wp-content\/uploads\/2025\/04\/chevron-derecho.png 24w, https:\/\/www.hosanbosco.gov.co\/wp-content\/uploads\/2025\/04\/chevron-derecho-12x12.png 12w\" sizes=\"auto, (max-width: 24px) 100vw, 24px\" \/>Manual de Funciones y Competencias Laborales <img loading=\"lazy\" decoding=\"async\" width=\"24\" height=\"24\" class=\"wp-image-1165\" style=\"width: 24px;\" src=\"https:\/\/www.hosanbosco.gov.co\/wp-content\/uploads\/2025\/07\/archivo-pdf.png\" alt=\"\" srcset=\"https:\/\/www.hosanbosco.gov.co\/wp-content\/uploads\/2025\/07\/archivo-pdf.png 24w, https:\/\/www.hosanbosco.gov.co\/wp-content\/uploads\/2025\/07\/archivo-pdf-12x12.png 12w\" sizes=\"auto, (max-width: 24px) 100vw, 24px\" \/><\/a><br><a href=\"https:\/\/www.hosanbosco.gov.co\/files\/manuales\/2025\/MANUAL_CARTERA_HSJB_2025.pdf\" target=\"_blank\" rel=\"noreferrer noopener\"><img loading=\"lazy\" decoding=\"async\" width=\"18\" height=\"18\" class=\"wp-image-719\" style=\"width: 18px;\" src=\"https:\/\/www.hosanbosco.gov.co\/wp-content\/uploads\/2025\/04\/chevron-derecho.png\" alt=\"\" srcset=\"https:\/\/www.hosanbosco.gov.co\/wp-content\/uploads\/2025\/04\/chevron-derecho.png 24w, https:\/\/www.hosanbosco.gov.co\/wp-content\/uploads\/2025\/04\/chevron-derecho-12x12.png 12w\" sizes=\"auto, (max-width: 18px) 100vw, 18px\" \/> Manual de Recaudo de Cartera <img loading=\"lazy\" decoding=\"async\" width=\"24\" height=\"24\" class=\"wp-image-1165\" style=\"width: 24px;\" src=\"https:\/\/www.hosanbosco.gov.co\/wp-content\/uploads\/2025\/07\/archivo-pdf.png\" alt=\"\" srcset=\"https:\/\/www.hosanbosco.gov.co\/wp-content\/uploads\/2025\/07\/archivo-pdf.png 24w, https:\/\/www.hosanbosco.gov.co\/wp-content\/uploads\/2025\/07\/archivo-pdf-12x12.png 12w\" sizes=\"auto, (max-width: 24px) 100vw, 24px\" \/><\/a><br><a href=\"https:\/\/www.hosanbosco.gov.co\/files\/manuales\/2025\/MANUAL_FACTURACION_HSJB_2025.pdf\" target=\"_blank\" rel=\"noreferrer noopener\"><img loading=\"lazy\" decoding=\"async\" width=\"24\" height=\"24\" class=\"wp-image-719\" style=\"width: 24px;\" src=\"https:\/\/www.hosanbosco.gov.co\/wp-content\/uploads\/2025\/04\/chevron-derecho.png\" alt=\"\" srcset=\"https:\/\/www.hosanbosco.gov.co\/wp-content\/uploads\/2025\/04\/chevron-derecho.png 24w, https:\/\/www.hosanbosco.gov.co\/wp-content\/uploads\/2025\/04\/chevron-derecho-12x12.png 12w\" sizes=\"auto, (max-width: 24px) 100vw, 24px\" \/>Manual de Facturaci\u00f3n, Liquidaci\u00f3n, Radicaci\u00f3n de Facturas Electr\u00f3nicas, Tr\u00e1mite de Glosas y Devoluciones <img loading=\"lazy\" decoding=\"async\" width=\"24\" height=\"24\" class=\"wp-image-1165\" style=\"width: 24px;\" src=\"https:\/\/www.hosanbosco.gov.co\/wp-content\/uploads\/2025\/07\/archivo-pdf.png\" alt=\"\" srcset=\"https:\/\/www.hosanbosco.gov.co\/wp-content\/uploads\/2025\/07\/archivo-pdf.png 24w, https:\/\/www.hosanbosco.gov.co\/wp-content\/uploads\/2025\/07\/archivo-pdf-12x12.png 12w\" sizes=\"auto, (max-width: 24px) 100vw, 24px\" \/><\/a><\/p>\n<\/div>\n\n\n\n<div class=\"wp-block-column is-layout-flow wp-block-column-is-layout-flow\"><\/div>\n\n\n\n<div class=\"wp-block-column is-layout-flow wp-block-column-is-layout-flow\" style=\"flex-basis:25%\"><\/div>\n<\/div>\n\n\n\n<p><\/p>","protected":false},"excerpt":{"rendered":"<p>MANUALES Manual de Contrataci\u00f3n Manual de Funciones y Competencias Laborales Manual de Recaudo de Cartera Manual de Facturaci\u00f3n, Liquidaci\u00f3n, Radicaci\u00f3n de Facturas Electr\u00f3nicas, Tr\u00e1mite de Glosas y Devoluciones<\/p>","protected":false},"author":1,"featured_media":0,"parent":0,"menu_order":0,"comment_status":"closed","ping_status":"closed","template":"","meta":{"neve_meta_sidebar":"","neve_meta_container":"","neve_meta_enable_content_width":"","neve_meta_content_width":0,"neve_meta_title_alignment":"center","neve_meta_author_avatar":"","neve_post_elements_order":"","neve_meta_disable_header":"","neve_meta_disable_footer":"","neve_meta_disable_title":"on","footnotes":""},"class_list":["post-1137","page","type-page","status-publish","hentry"],"yoast_head":"<!-- This site is optimized with the Yoast SEO plugin v27.4 - https:\/\/yoast.com\/product\/yoast-seo-wordpress\/ -->\n<title>Manuales - Hospital San Juan Bosco<\/title>\n<meta name=\"description\" content=\"Manuales institucionales del Hospital San Juan Bosco E.S.E.\" \/>\n<meta name=\"robots\" content=\"index, follow, max-snippet:-1, max-image-preview:large, max-video-preview:-1\" \/>\n<link rel=\"canonical\" href=\"https:\/\/www.hosanbosco.gov.co\/en\/manuales\/\" \/>\n<meta property=\"og:locale\" content=\"en_US\" \/>\n<meta property=\"og:type\" content=\"article\" \/>\n<meta property=\"og:title\" content=\"Manuales - Hospital San Juan Bosco\" \/>\n<meta property=\"og:description\" content=\"Manuales institucionales del Hospital San Juan Bosco E.S.E.\" \/>\n<meta property=\"og:url\" content=\"https:\/\/www.hosanbosco.gov.co\/en\/manuales\/\" \/>\n<meta property=\"og:site_name\" content=\"Hospital San Juan Bosco\" \/>\n<meta property=\"article:publisher\" content=\"https:\/\/www.facebook.com\/hosanbosco\" \/>\n<meta property=\"article:modified_time\" content=\"2025-07-26T02:40:56+00:00\" \/>\n<meta property=\"og:image\" content=\"https:\/\/www.hosanbosco.gov.co\/wp-content\/uploads\/2025\/04\/chevron-derecho.png\" \/>\n\t<meta property=\"og:image:width\" content=\"24\" \/>\n\t<meta property=\"og:image:height\" content=\"24\" \/>\n\t<meta property=\"og:image:type\" content=\"image\/png\" \/>\n<meta name=\"twitter:card\" content=\"summary_large_image\" \/>\n<meta name=\"twitter:label1\" content=\"Est. reading time\" \/>\n\t<meta name=\"twitter:data1\" content=\"2 minutes\" \/>\n<script type=\"application\/ld+json\" class=\"yoast-schema-graph\">{\"@context\":\"https:\\\/\\\/schema.org\",\"@graph\":[{\"@type\":\"WebPage\",\"@id\":\"https:\\\/\\\/www.hosanbosco.gov.co\\\/manuales\\\/\",\"url\":\"https:\\\/\\\/www.hosanbosco.gov.co\\\/manuales\\\/\",\"name\":\"Manuales - Hospital San Juan Bosco\",\"isPartOf\":{\"@id\":\"https:\\\/\\\/www.hosanbosco.gov.co\\\/#website\"},\"primaryImageOfPage\":{\"@id\":\"https:\\\/\\\/www.hosanbosco.gov.co\\\/manuales\\\/#primaryimage\"},\"image\":{\"@id\":\"https:\\\/\\\/www.hosanbosco.gov.co\\\/manuales\\\/#primaryimage\"},\"thumbnailUrl\":\"https:\\\/\\\/www.hosanbosco.gov.co\\\/wp-content\\\/uploads\\\/2025\\\/04\\\/chevron-derecho.png\",\"datePublished\":\"2025-07-18T16:59:35+00:00\",\"dateModified\":\"2025-07-26T02:40:56+00:00\",\"description\":\"Manuales institucionales del Hospital San Juan Bosco E.S.E.\",\"breadcrumb\":{\"@id\":\"https:\\\/\\\/www.hosanbosco.gov.co\\\/manuales\\\/#breadcrumb\"},\"inLanguage\":\"en-US\",\"potentialAction\":[{\"@type\":\"ReadAction\",\"target\":[\"https:\\\/\\\/www.hosanbosco.gov.co\\\/manuales\\\/\"]}]},{\"@type\":\"ImageObject\",\"inLanguage\":\"en-US\",\"@id\":\"https:\\\/\\\/www.hosanbosco.gov.co\\\/manuales\\\/#primaryimage\",\"url\":\"https:\\\/\\\/www.hosanbosco.gov.co\\\/wp-content\\\/uploads\\\/2025\\\/04\\\/chevron-derecho.png\",\"contentUrl\":\"https:\\\/\\\/www.hosanbosco.gov.co\\\/wp-content\\\/uploads\\\/2025\\\/04\\\/chevron-derecho.png\"},{\"@type\":\"BreadcrumbList\",\"@id\":\"https:\\\/\\\/www.hosanbosco.gov.co\\\/manuales\\\/#breadcrumb\",\"itemListElement\":[{\"@type\":\"ListItem\",\"position\":1,\"name\":\"Portada\",\"item\":\"https:\\\/\\\/www.hosanbosco.gov.co\\\/\"},{\"@type\":\"ListItem\",\"position\":2,\"name\":\"Manuales\"}]},{\"@type\":\"WebSite\",\"@id\":\"https:\\\/\\\/www.hosanbosco.gov.co\\\/#website\",\"url\":\"https:\\\/\\\/www.hosanbosco.gov.co\\\/\",\"name\":\"Hospital San Juan Bosco E.S.E.\",\"description\":\"Empresa Social del Estado\",\"publisher\":{\"@id\":\"https:\\\/\\\/www.hosanbosco.gov.co\\\/#organization\"},\"alternateName\":\"hosanbosco\",\"potentialAction\":[{\"@type\":\"SearchAction\",\"target\":{\"@type\":\"EntryPoint\",\"urlTemplate\":\"https:\\\/\\\/www.hosanbosco.gov.co\\\/?s={search_term_string}\"},\"query-input\":{\"@type\":\"PropertyValueSpecification\",\"valueRequired\":true,\"valueName\":\"search_term_string\"}}],\"inLanguage\":\"en-US\"},{\"@type\":\"Organization\",\"@id\":\"https:\\\/\\\/www.hosanbosco.gov.co\\\/#organization\",\"name\":\"Hospital San Juan Bosco E.S.E.\",\"url\":\"https:\\\/\\\/www.hosanbosco.gov.co\\\/\",\"logo\":{\"@type\":\"ImageObject\",\"inLanguage\":\"en-US\",\"@id\":\"https:\\\/\\\/www.hosanbosco.gov.co\\\/#\\\/schema\\\/logo\\\/image\\\/\",\"url\":\"\",\"contentUrl\":\"\",\"caption\":\"Hospital San Juan Bosco E.S.E.\"},\"image\":{\"@id\":\"https:\\\/\\\/www.hosanbosco.gov.co\\\/#\\\/schema\\\/logo\\\/image\\\/\"},\"sameAs\":[\"https:\\\/\\\/www.facebook.com\\\/hosanbosco\"]}]}<\/script>\n<!-- \/ Yoast SEO plugin. -->","yoast_head_json":{"title":"Manuales - Hospital San Juan Bosco","description":"Manuales institucionales del Hospital San Juan Bosco E.S.E.","robots":{"index":"index","follow":"follow","max-snippet":"max-snippet:-1","max-image-preview":"max-image-preview:large","max-video-preview":"max-video-preview:-1"},"canonical":"https:\/\/www.hosanbosco.gov.co\/en\/manuales\/","og_locale":"en_US","og_type":"article","og_title":"Manuales - Hospital San Juan Bosco","og_description":"Manuales institucionales del Hospital San Juan Bosco E.S.E.","og_url":"https:\/\/www.hosanbosco.gov.co\/en\/manuales\/","og_site_name":"Hospital San Juan Bosco","article_publisher":"https:\/\/www.facebook.com\/hosanbosco","article_modified_time":"2025-07-26T02:40:56+00:00","og_image":[{"width":24,"height":24,"url":"https:\/\/www.hosanbosco.gov.co\/wp-content\/uploads\/2025\/04\/chevron-derecho.png","type":"image\/png"}],"twitter_card":"summary_large_image","twitter_misc":{"Est. reading time":"2 minutes"},"schema":{"@context":"https:\/\/schema.org","@graph":[{"@type":"WebPage","@id":"https:\/\/www.hosanbosco.gov.co\/manuales\/","url":"https:\/\/www.hosanbosco.gov.co\/manuales\/","name":"Manuales - Hospital San Juan Bosco","isPartOf":{"@id":"https:\/\/www.hosanbosco.gov.co\/#website"},"primaryImageOfPage":{"@id":"https:\/\/www.hosanbosco.gov.co\/manuales\/#primaryimage"},"image":{"@id":"https:\/\/www.hosanbosco.gov.co\/manuales\/#primaryimage"},"thumbnailUrl":"https:\/\/www.hosanbosco.gov.co\/wp-content\/uploads\/2025\/04\/chevron-derecho.png","datePublished":"2025-07-18T16:59:35+00:00","dateModified":"2025-07-26T02:40:56+00:00","description":"Manuales institucionales del Hospital San Juan Bosco E.S.E.","breadcrumb":{"@id":"https:\/\/www.hosanbosco.gov.co\/manuales\/#breadcrumb"},"inLanguage":"en-US","potentialAction":[{"@type":"ReadAction","target":["https:\/\/www.hosanbosco.gov.co\/manuales\/"]}]},{"@type":"ImageObject","inLanguage":"en-US","@id":"https:\/\/www.hosanbosco.gov.co\/manuales\/#primaryimage","url":"https:\/\/www.hosanbosco.gov.co\/wp-content\/uploads\/2025\/04\/chevron-derecho.png","contentUrl":"https:\/\/www.hosanbosco.gov.co\/wp-content\/uploads\/2025\/04\/chevron-derecho.png"},{"@type":"BreadcrumbList","@id":"https:\/\/www.hosanbosco.gov.co\/manuales\/#breadcrumb","itemListElement":[{"@type":"ListItem","position":1,"name":"Portada","item":"https:\/\/www.hosanbosco.gov.co\/"},{"@type":"ListItem","position":2,"name":"Manuales"}]},{"@type":"WebSite","@id":"https:\/\/www.hosanbosco.gov.co\/#website","url":"https:\/\/www.hosanbosco.gov.co\/","name":"Hospital San Juan Bosco E.S.E.","description":"Empresa Social del Estado","publisher":{"@id":"https:\/\/www.hosanbosco.gov.co\/#organization"},"alternateName":"hosanbosco","potentialAction":[{"@type":"SearchAction","target":{"@type":"EntryPoint","urlTemplate":"https:\/\/www.hosanbosco.gov.co\/?s={search_term_string}"},"query-input":{"@type":"PropertyValueSpecification","valueRequired":true,"valueName":"search_term_string"}}],"inLanguage":"en-US"},{"@type":"Organization","@id":"https:\/\/www.hosanbosco.gov.co\/#organization","name":"Hospital San Juan Bosco E.S.E.","url":"https:\/\/www.hosanbosco.gov.co\/","logo":{"@type":"ImageObject","inLanguage":"en-US","@id":"https:\/\/www.hosanbosco.gov.co\/#\/schema\/logo\/image\/","url":"","contentUrl":"","caption":"Hospital San Juan Bosco E.S.E."},"image":{"@id":"https:\/\/www.hosanbosco.gov.co\/#\/schema\/logo\/image\/"},"sameAs":["https:\/\/www.facebook.com\/hosanbosco"]}]}},"_links":{"self":[{"href":"https:\/\/www.hosanbosco.gov.co\/en\/wp-json\/wp\/v2\/pages\/1137","targetHints":{"allow":["GET"]}}],"collection":[{"href":"https:\/\/www.hosanbosco.gov.co\/en\/wp-json\/wp\/v2\/pages"}],"about":[{"href":"https:\/\/www.hosanbosco.gov.co\/en\/wp-json\/wp\/v2\/types\/page"}],"author":[{"embeddable":true,"href":"https:\/\/www.hosanbosco.gov.co\/en\/wp-json\/wp\/v2\/users\/1"}],"replies":[{"embeddable":true,"href":"https:\/\/www.hosanbosco.gov.co\/en\/wp-json\/wp\/v2\/comments?post=1137"}],"version-history":[{"count":16,"href":"https:\/\/www.hosanbosco.gov.co\/en\/wp-json\/wp\/v2\/pages\/1137\/revisions"}],"predecessor-version":[{"id":1178,"href":"https:\/\/www.hosanbosco.gov.co\/en\/wp-json\/wp\/v2\/pages\/1137\/revisions\/1178"}],"wp:attachment":[{"href":"https:\/\/www.hosanbosco.gov.co\/en\/wp-json\/wp\/v2\/media?parent=1137"}],"curies":[{"name":"wp","href":"https:\/\/api.w.org\/{rel}","templated":true}]}}