{"id":1089,"date":"2025-06-13T15:58:50","date_gmt":"2025-06-13T20:58:50","guid":{"rendered":"https:\/\/www.hosanbosco.gov.co\/?page_id=1089"},"modified":"2026-01-06T21:15:47","modified_gmt":"2026-01-07T02:15:47","slug":"resoluciones-2025","status":"publish","type":"page","link":"https:\/\/www.hosanbosco.gov.co\/en\/resoluciones-2025\/","title":{"rendered":"Resoluciones 2025"},"content":{"rendered":"<style>\n        table {\n            width: 100%;\n            border-collapse: collapse;\n        }\n        th, td {\n            text-align: center;\n            padding: 10px;\n            border: 1px solid black;\n        }\n        .columna1 {\n            width: 20%;\n        }\n        .columna2 {\n            width: 50%;\n        }\n        .columna3 {\n            width: 15%;\n        }\n        .columna4 {\n            width: 15%;\n        }\n        th {\n            background-color: #0405b2;\n            color: white;\n            font-size: 14px;\n        }\n        td {\n            font-size: 14px;\n        }\n    <\/style>\n\n    <table>\n        <tr>\n            <th class=\"columna1\">NOMBRE DEL DOCUMENTO<\/th>\n            <th class=\"columna2\">DESCRIPCI\u00d3N<\/th>\n            <th class=\"columna3\">A\u00d1O DE EXPEDICI\u00d3N<\/th>\n            <th class=\"columna4\">DOCUMENTO<\/th>\n        <\/tr>\n         <tr>\n            <td>Resoluci\u00f3n 4802 del 29 de Diciembre de 2025<\/td>\n            <td>POR LA CUAL SE DESAGREGA EL PRESUPUESTO GENERAL DE LA E.S.E. HOSPITAL SAN JUAN BOSCO, DEL MUNICIPIO DE BOSCONIA, CESAR, PARA LA VIGENCIA FISCAL 2026, SE DETALLAN LAS APROPIACIONES Y SE CLASIFICAN Y DEFINEN LOS GASTOS<\/td>\n            <td>2025<\/td>\n            <td><a href=\"https:\/\/www.hosanbosco.gov.co\/files\/normatividad\/resoluciones\/2025\/RESOLUCION_4802_2025.pdf\" title=\"Resoluci\u00f3n 4802 de 2025\" target=\"_blank\">Ver Documento<\/a><\/td>\n        <\/tr>\n        <tr>\n            <td>Resoluci\u00f3n 4279 del 18 de Noviembre de 2025<\/td>\n            <td>POR EL CUAL SE REALIZA LA CONVOCATORIA PARA LA ESCOGENCIA DEL REPRESENTANTE DE LOS EMPLEADOS P\u00daBLICOS DEL \u00c1REA ADMINISTRATIVA ANTE LA JUNTA DIRECTIVA DEL HOSPITAL SAN JUAN BOSCO EN EL MUNICIPIO DE BOSCONIA CESAR<\/td>\n            <td>2025<\/td>\n            <td><a href=\"https:\/\/www.hosanbosco.gov.co\/files\/normatividad\/resoluciones\/2025\/RESOLUCION_4279_2025.pdf\" title=\"Resoluci\u00f3n 4279 de 2025\" target=\"_blank\">Ver Documento<\/a><\/td>\n        <\/tr>\n         <tr>\n            <td>Resoluci\u00f3n 1556 del 19 de Mayo de 2025<\/td>\n            <td>POR EL CUAL SE MODIFICAN LAS ASIGNACIONES CIVILES DE LA E.S.E. HOSPITAL SAN JUAN BOSCO DE BOSCONIA, CESAR PARA LA VIGENCIA FISCAL 2025<\/td>\n            <td>2025<\/td>\n            <td><a href=\"https:\/\/www.hosanbosco.gov.co\/files\/normatividad\/resoluciones\/2025\/RESOLUCION_1556_2025.pdf\" title=\"Resoluci\u00f3n 1556 de 2025\" target=\"_blank\">Ver Documento<\/a><\/td>\n        <\/tr>\n    <\/table>","protected":false},"excerpt":{"rendered":"<p>NOMBRE DEL DOCUMENTO DESCRIPCI\u00d3N A\u00d1O DE EXPEDICI\u00d3N DOCUMENTO Resoluci\u00f3n 4802 del 29 de Diciembre de 2025 POR LA CUAL SE DESAGREGA EL PRESUPUESTO GENERAL DE LA E.S.E. HOSPITAL SAN JUAN BOSCO, DEL MUNICIPIO DE BOSCONIA, CESAR, PARA LA VIGENCIA FISCAL 2026, SE DETALLAN LAS APROPIACIONES Y SE CLASIFICAN Y DEFINEN LOS GASTOS 2025 Ver Documento&hellip;&nbsp;<a href=\"https:\/\/www.hosanbosco.gov.co\/en\/resoluciones-2025\/\" rel=\"bookmark\">Read More &raquo;<span class=\"screen-reader-text\">Resoluciones 2025<\/span><\/a><\/p>","protected":false},"author":1,"featured_media":0,"parent":0,"menu_order":0,"comment_status":"closed","ping_status":"closed","template":"","meta":{"neve_meta_sidebar":"","neve_meta_container":"","neve_meta_enable_content_width":"","neve_meta_content_width":0,"neve_meta_title_alignment":"center","neve_meta_author_avatar":"","neve_post_elements_order":"","neve_meta_disable_header":"","neve_meta_disable_footer":"","neve_meta_disable_title":"","footnotes":""},"class_list":["post-1089","page","type-page","status-publish","hentry"],"yoast_head":"<!-- This site is optimized with the Yoast SEO plugin v27.4 - https:\/\/yoast.com\/product\/yoast-seo-wordpress\/ -->\n<title>Resoluciones 2025 - Hospital San Juan Bosco<\/title>\n<meta name=\"robots\" content=\"index, follow, max-snippet:-1, max-image-preview:large, max-video-preview:-1\" \/>\n<link rel=\"canonical\" href=\"https:\/\/www.hosanbosco.gov.co\/en\/resoluciones-2025\/\" \/>\n<meta property=\"og:locale\" content=\"en_US\" \/>\n<meta property=\"og:type\" content=\"article\" \/>\n<meta property=\"og:title\" content=\"Resoluciones 2025 - Hospital San Juan Bosco\" \/>\n<meta property=\"og:description\" content=\"NOMBRE DEL DOCUMENTO DESCRIPCI\u00d3N A\u00d1O DE EXPEDICI\u00d3N DOCUMENTO Resoluci\u00f3n 4802 del 29 de Diciembre de 2025 POR LA CUAL SE DESAGREGA EL PRESUPUESTO GENERAL DE LA E.S.E. HOSPITAL SAN JUAN BOSCO, DEL MUNICIPIO DE BOSCONIA, CESAR, PARA LA VIGENCIA FISCAL 2026, SE DETALLAN LAS APROPIACIONES Y SE CLASIFICAN Y DEFINEN LOS GASTOS 2025 Ver Documento&hellip;&nbsp;Read More &raquo;Resoluciones 2025\" \/>\n<meta property=\"og:url\" content=\"https:\/\/www.hosanbosco.gov.co\/en\/resoluciones-2025\/\" \/>\n<meta property=\"og:site_name\" content=\"Hospital San Juan Bosco\" \/>\n<meta property=\"article:publisher\" content=\"https:\/\/www.facebook.com\/hosanbosco\" \/>\n<meta property=\"article:modified_time\" content=\"2026-01-07T02:15:47+00:00\" \/>\n<meta name=\"twitter:card\" content=\"summary_large_image\" \/>\n<meta name=\"twitter:label1\" content=\"Est. reading time\" \/>\n\t<meta name=\"twitter:data1\" content=\"1 minute\" \/>\n<script type=\"application\/ld+json\" class=\"yoast-schema-graph\">{\"@context\":\"https:\\\/\\\/schema.org\",\"@graph\":[{\"@type\":\"WebPage\",\"@id\":\"https:\\\/\\\/www.hosanbosco.gov.co\\\/resoluciones-2025\\\/\",\"url\":\"https:\\\/\\\/www.hosanbosco.gov.co\\\/resoluciones-2025\\\/\",\"name\":\"Resoluciones 2025 - Hospital San Juan Bosco\",\"isPartOf\":{\"@id\":\"https:\\\/\\\/www.hosanbosco.gov.co\\\/#website\"},\"datePublished\":\"2025-06-13T20:58:50+00:00\",\"dateModified\":\"2026-01-07T02:15:47+00:00\",\"breadcrumb\":{\"@id\":\"https:\\\/\\\/www.hosanbosco.gov.co\\\/resoluciones-2025\\\/#breadcrumb\"},\"inLanguage\":\"en-US\",\"potentialAction\":[{\"@type\":\"ReadAction\",\"target\":[\"https:\\\/\\\/www.hosanbosco.gov.co\\\/resoluciones-2025\\\/\"]}]},{\"@type\":\"BreadcrumbList\",\"@id\":\"https:\\\/\\\/www.hosanbosco.gov.co\\\/resoluciones-2025\\\/#breadcrumb\",\"itemListElement\":[{\"@type\":\"ListItem\",\"position\":1,\"name\":\"Portada\",\"item\":\"https:\\\/\\\/www.hosanbosco.gov.co\\\/\"},{\"@type\":\"ListItem\",\"position\":2,\"name\":\"Resoluciones 2025\"}]},{\"@type\":\"WebSite\",\"@id\":\"https:\\\/\\\/www.hosanbosco.gov.co\\\/#website\",\"url\":\"https:\\\/\\\/www.hosanbosco.gov.co\\\/\",\"name\":\"Hospital San Juan Bosco E.S.E.\",\"description\":\"Empresa Social del Estado\",\"publisher\":{\"@id\":\"https:\\\/\\\/www.hosanbosco.gov.co\\\/#organization\"},\"alternateName\":\"hosanbosco\",\"potentialAction\":[{\"@type\":\"SearchAction\",\"target\":{\"@type\":\"EntryPoint\",\"urlTemplate\":\"https:\\\/\\\/www.hosanbosco.gov.co\\\/?s={search_term_string}\"},\"query-input\":{\"@type\":\"PropertyValueSpecification\",\"valueRequired\":true,\"valueName\":\"search_term_string\"}}],\"inLanguage\":\"en-US\"},{\"@type\":\"Organization\",\"@id\":\"https:\\\/\\\/www.hosanbosco.gov.co\\\/#organization\",\"name\":\"Hospital San Juan Bosco E.S.E.\",\"url\":\"https:\\\/\\\/www.hosanbosco.gov.co\\\/\",\"logo\":{\"@type\":\"ImageObject\",\"inLanguage\":\"en-US\",\"@id\":\"https:\\\/\\\/www.hosanbosco.gov.co\\\/#\\\/schema\\\/logo\\\/image\\\/\",\"url\":\"\",\"contentUrl\":\"\",\"caption\":\"Hospital San Juan Bosco E.S.E.\"},\"image\":{\"@id\":\"https:\\\/\\\/www.hosanbosco.gov.co\\\/#\\\/schema\\\/logo\\\/image\\\/\"},\"sameAs\":[\"https:\\\/\\\/www.facebook.com\\\/hosanbosco\"]}]}<\/script>\n<!-- \/ Yoast SEO plugin. -->","yoast_head_json":{"title":"Resoluciones 2025 - Hospital San Juan Bosco","robots":{"index":"index","follow":"follow","max-snippet":"max-snippet:-1","max-image-preview":"max-image-preview:large","max-video-preview":"max-video-preview:-1"},"canonical":"https:\/\/www.hosanbosco.gov.co\/en\/resoluciones-2025\/","og_locale":"en_US","og_type":"article","og_title":"Resoluciones 2025 - Hospital San Juan Bosco","og_description":"NOMBRE DEL DOCUMENTO DESCRIPCI\u00d3N A\u00d1O DE EXPEDICI\u00d3N DOCUMENTO Resoluci\u00f3n 4802 del 29 de Diciembre de 2025 POR LA CUAL SE DESAGREGA EL PRESUPUESTO GENERAL DE LA E.S.E. HOSPITAL SAN JUAN BOSCO, DEL MUNICIPIO DE BOSCONIA, CESAR, PARA LA VIGENCIA FISCAL 2026, SE DETALLAN LAS APROPIACIONES Y SE CLASIFICAN Y DEFINEN LOS GASTOS 2025 Ver Documento&hellip;&nbsp;Read More &raquo;Resoluciones 2025","og_url":"https:\/\/www.hosanbosco.gov.co\/en\/resoluciones-2025\/","og_site_name":"Hospital San Juan Bosco","article_publisher":"https:\/\/www.facebook.com\/hosanbosco","article_modified_time":"2026-01-07T02:15:47+00:00","twitter_card":"summary_large_image","twitter_misc":{"Est. reading time":"1 minute"},"schema":{"@context":"https:\/\/schema.org","@graph":[{"@type":"WebPage","@id":"https:\/\/www.hosanbosco.gov.co\/resoluciones-2025\/","url":"https:\/\/www.hosanbosco.gov.co\/resoluciones-2025\/","name":"Resoluciones 2025 - Hospital San Juan Bosco","isPartOf":{"@id":"https:\/\/www.hosanbosco.gov.co\/#website"},"datePublished":"2025-06-13T20:58:50+00:00","dateModified":"2026-01-07T02:15:47+00:00","breadcrumb":{"@id":"https:\/\/www.hosanbosco.gov.co\/resoluciones-2025\/#breadcrumb"},"inLanguage":"en-US","potentialAction":[{"@type":"ReadAction","target":["https:\/\/www.hosanbosco.gov.co\/resoluciones-2025\/"]}]},{"@type":"BreadcrumbList","@id":"https:\/\/www.hosanbosco.gov.co\/resoluciones-2025\/#breadcrumb","itemListElement":[{"@type":"ListItem","position":1,"name":"Portada","item":"https:\/\/www.hosanbosco.gov.co\/"},{"@type":"ListItem","position":2,"name":"Resoluciones 2025"}]},{"@type":"WebSite","@id":"https:\/\/www.hosanbosco.gov.co\/#website","url":"https:\/\/www.hosanbosco.gov.co\/","name":"Hospital San Juan Bosco E.S.E.","description":"Empresa Social del Estado","publisher":{"@id":"https:\/\/www.hosanbosco.gov.co\/#organization"},"alternateName":"hosanbosco","potentialAction":[{"@type":"SearchAction","target":{"@type":"EntryPoint","urlTemplate":"https:\/\/www.hosanbosco.gov.co\/?s={search_term_string}"},"query-input":{"@type":"PropertyValueSpecification","valueRequired":true,"valueName":"search_term_string"}}],"inLanguage":"en-US"},{"@type":"Organization","@id":"https:\/\/www.hosanbosco.gov.co\/#organization","name":"Hospital San Juan Bosco E.S.E.","url":"https:\/\/www.hosanbosco.gov.co\/","logo":{"@type":"ImageObject","inLanguage":"en-US","@id":"https:\/\/www.hosanbosco.gov.co\/#\/schema\/logo\/image\/","url":"","contentUrl":"","caption":"Hospital San Juan Bosco E.S.E."},"image":{"@id":"https:\/\/www.hosanbosco.gov.co\/#\/schema\/logo\/image\/"},"sameAs":["https:\/\/www.facebook.com\/hosanbosco"]}]}},"_links":{"self":[{"href":"https:\/\/www.hosanbosco.gov.co\/en\/wp-json\/wp\/v2\/pages\/1089","targetHints":{"allow":["GET"]}}],"collection":[{"href":"https:\/\/www.hosanbosco.gov.co\/en\/wp-json\/wp\/v2\/pages"}],"about":[{"href":"https:\/\/www.hosanbosco.gov.co\/en\/wp-json\/wp\/v2\/types\/page"}],"author":[{"embeddable":true,"href":"https:\/\/www.hosanbosco.gov.co\/en\/wp-json\/wp\/v2\/users\/1"}],"replies":[{"embeddable":true,"href":"https:\/\/www.hosanbosco.gov.co\/en\/wp-json\/wp\/v2\/comments?post=1089"}],"version-history":[{"count":4,"href":"https:\/\/www.hosanbosco.gov.co\/en\/wp-json\/wp\/v2\/pages\/1089\/revisions"}],"predecessor-version":[{"id":4522,"href":"https:\/\/www.hosanbosco.gov.co\/en\/wp-json\/wp\/v2\/pages\/1089\/revisions\/4522"}],"wp:attachment":[{"href":"https:\/\/www.hosanbosco.gov.co\/en\/wp-json\/wp\/v2\/media?parent=1089"}],"curies":[{"name":"wp","href":"https:\/\/api.w.org\/{rel}","templated":true}]}}